{"id":45289,"date":"2026-02-04T09:11:00","date_gmt":"2026-02-04T07:11:00","guid":{"rendered":"https:\/\/zooprekes24.lt\/?post_type=product&#038;p=45289"},"modified":"2026-02-04T16:55:38","modified_gmt":"2026-02-04T14:55:38","slug":"gimcat-nutri-pockets-salmon-omega-traskus-skanestai-katems-su-idaru-gerina-savijauta-ir-palaiko-gyvybinguma-60g","status":"publish","type":"product","link":"https:\/\/zooprekes24.lt\/et\/produktas\/gimcat-nutri-pockets-salmon-omega-traskus-skanestai-katems-su-idaru-gerina-savijauta-ir-palaiko-gyvybinguma-60g\/","title":{"rendered":"GimCat Nutri Pockets Salmon &#038; Omega tra\u0161k\u016bs skan\u0117stai kat\u0117ms su \u012fdaru, gerina savijaut\u0105 ir palaiko gyvybingum\u0105, 60 g"},"content":{"rendered":"","protected":false},"excerpt":{"rendered":"","protected":false},"featured_media":45290,"comment_status":"closed","ping_status":"closed","template":"","meta":{"_acf_changed":false,"slim_seo":{"title":"GimCat Nutri Pockets Salmon & Omega tra\u0161k\u016bs skan\u0117stai kat\u0117ms su \u012fdaru, gerina savijaut\u0105 ir palaiko gyvybingum\u0105, 60 g - Zooprekes24","description":""},"iawp_total_views":2},"product_brand":[],"product_cat":[9271,72,83,25,9018],"product_tag":[],"class_list":{"0":"post-45289","1":"product","2":"type-product","3":"status-publish","4":"has-post-thumbnail","6":"product_cat-gimcat-katems","7":"product_cat-kaciu-maistas","8":"product_cat-kaciu-prekiu-gamintojai","9":"product_cat-katems","10":"product_cat-skanestai","11":"pa_pasaro-sudetis-lasisa","12":"pa_pasaro-sudetis-zuvis","13":"pa_prekiu-zenklai-gimborn","15":"first","16":"instock","17":"featured","18":"taxable","19":"shipping-taxable","20":"purchasable","21":"product-type-simple"},"acf":[],"_links":{"self":[{"href":"https:\/\/zooprekes24.lt\/et\/wp-json\/wp\/v2\/product\/45289","targetHints":{"allow":["GET"]}}],"collection":[{"href":"https:\/\/zooprekes24.lt\/et\/wp-json\/wp\/v2\/product"}],"about":[{"href":"https:\/\/zooprekes24.lt\/et\/wp-json\/wp\/v2\/types\/product"}],"replies":[{"embeddable":true,"href":"https:\/\/zooprekes24.lt\/et\/wp-json\/wp\/v2\/comments?post=45289"}],"wp:featuredmedia":[{"embeddable":true,"href":"https:\/\/zooprekes24.lt\/et\/wp-json\/wp\/v2\/media\/45290"}],"wp:attachment":[{"href":"https:\/\/zooprekes24.lt\/et\/wp-json\/wp\/v2\/media?parent=45289"}],"wp:term":[{"taxonomy":"product_brand","embeddable":true,"href":"https:\/\/zooprekes24.lt\/et\/wp-json\/wp\/v2\/product_brand?post=45289"},{"taxonomy":"product_cat","embeddable":true,"href":"https:\/\/zooprekes24.lt\/et\/wp-json\/wp\/v2\/product_cat?post=45289"},{"taxonomy":"product_tag","embeddable":true,"href":"https:\/\/zooprekes24.lt\/et\/wp-json\/wp\/v2\/product_tag?post=45289"}],"curies":[{"name":"wp","href":"https:\/\/api.w.org\/{rel}","templated":true}]}}