{"id":45211,"date":"2026-02-03T08:57:59","date_gmt":"2026-02-03T06:57:59","guid":{"rendered":"https:\/\/zooprekes24.lt\/?post_type=product&#038;p=45211"},"modified":"2026-02-04T10:51:32","modified_gmt":"2026-02-04T08:51:32","slug":"gimcat-adult-sticks-salmon-cod-pagaliuku-skanestai-katems","status":"publish","type":"product","link":"https:\/\/zooprekes24.lt\/et\/produktas\/gimcat-adult-sticks-salmon-cod-pagaliuku-skanestai-katems\/","title":{"rendered":"GimCat Adult Sticks Salmon &#038; Cod pagaliuk\u0173 skan\u0117stai kat\u0117ms"},"content":{"rendered":"","protected":false},"excerpt":{"rendered":"","protected":false},"featured_media":45212,"comment_status":"closed","ping_status":"closed","template":"","meta":{"_acf_changed":false,"slim_seo":{"title":"GimCat Adult Sticks Salmon & Cod pagaliuk\u0173 skan\u0117stai kat\u0117ms - Zooprekes24","description":""},"iawp_total_views":11},"product_brand":[],"product_cat":[9271,72,83,25,9018],"product_tag":[],"class_list":{"0":"post-45211","1":"product","2":"type-product","3":"status-publish","4":"has-post-thumbnail","6":"product_cat-gimcat-katems","7":"product_cat-kaciu-maistas","8":"product_cat-kaciu-prekiu-gamintojai","9":"product_cat-katems","10":"product_cat-skanestai","11":"pa_pasaro-sudetis-lasisa","12":"pa_pasaro-sudetis-zuvis","13":"pa_prekiu-zenklai-gimborn","15":"first","16":"instock","17":"featured","18":"taxable","19":"shipping-taxable","20":"purchasable","21":"product-type-simple"},"acf":[],"_links":{"self":[{"href":"https:\/\/zooprekes24.lt\/et\/wp-json\/wp\/v2\/product\/45211","targetHints":{"allow":["GET"]}}],"collection":[{"href":"https:\/\/zooprekes24.lt\/et\/wp-json\/wp\/v2\/product"}],"about":[{"href":"https:\/\/zooprekes24.lt\/et\/wp-json\/wp\/v2\/types\/product"}],"replies":[{"embeddable":true,"href":"https:\/\/zooprekes24.lt\/et\/wp-json\/wp\/v2\/comments?post=45211"}],"wp:featuredmedia":[{"embeddable":true,"href":"https:\/\/zooprekes24.lt\/et\/wp-json\/wp\/v2\/media\/45212"}],"wp:attachment":[{"href":"https:\/\/zooprekes24.lt\/et\/wp-json\/wp\/v2\/media?parent=45211"}],"wp:term":[{"taxonomy":"product_brand","embeddable":true,"href":"https:\/\/zooprekes24.lt\/et\/wp-json\/wp\/v2\/product_brand?post=45211"},{"taxonomy":"product_cat","embeddable":true,"href":"https:\/\/zooprekes24.lt\/et\/wp-json\/wp\/v2\/product_cat?post=45211"},{"taxonomy":"product_tag","embeddable":true,"href":"https:\/\/zooprekes24.lt\/et\/wp-json\/wp\/v2\/product_tag?post=45211"}],"curies":[{"name":"wp","href":"https:\/\/api.w.org\/{rel}","templated":true}]}}