{"id":45152,"date":"2026-02-02T10:31:53","date_gmt":"2026-02-02T08:31:53","guid":{"rendered":"https:\/\/zooprekes24.lt\/?post_type=product&#038;p=45152"},"modified":"2026-02-05T11:44:15","modified_gmt":"2026-02-05T09:44:15","slug":"gimcat-cheese-biotin-pasta-katems-palaiko-optimalia-kailio-odos-ir-nagu-bukle-50g","status":"publish","type":"product","link":"https:\/\/zooprekes24.lt\/et\/produktas\/gimcat-cheese-biotin-pasta-katems-palaiko-optimalia-kailio-odos-ir-nagu-bukle-50g\/","title":{"rendered":"GimCat Cheese Biotin pasta kat\u0117ms, palaiko optimali\u0105 kailio, odos ir nag\u0173 b\u016bkl\u0119, 50 g"},"content":{"rendered":"<ul>\n<li data-start=\"91\" data-end=\"173\">Skani s\u016brio skonio pasta su biotinu, skirta odos, kailio ir nag\u0173 prie\u017ei\u016brai.<\/li>\n<li data-start=\"91\" data-end=\"173\"><span style=\"letter-spacing: 0em;\">Papildo kasdien\u0119 mityb\u0105 svarbiais vitaminais ir padeda palaikyti optimali\u0105 organizmo b\u016bkl\u0119.<\/span><\/li>\n<li data-start=\"91\" data-end=\"173\"><span style=\"letter-spacing: 0em;\">Lengvai dozuojama ir m\u0117gstama net i\u0161ranki\u0173 ka\u010di\u0173.<\/span><\/li>\n<\/ul>","protected":false},"excerpt":{"rendered":"<p>Skani s\u016brio skonio pasta su biotinu, skirta odos, kailio ir nag\u0173 prie\u017ei\u016brai. Papildo kasdien\u0119 mityb\u0105 svarbiais vitaminais ir padeda palaikyti optimali\u0105 organizmo b\u016bkl\u0119. Lengvai dozuojama ir m\u0117gstama net i\u0161ranki\u0173 ka\u010di\u0173.<\/p>","protected":false},"featured_media":45366,"comment_status":"closed","ping_status":"closed","template":"","meta":{"_acf_changed":false,"slim_seo":{"title":"GimCat Cheese Biotin pasta kat\u0117ms, palaiko optimali\u0105 kailio, odos ir nag\u0173 b\u016bkl\u0119, 50 g - Zooprekes24","description":"Skani s\u016brio skonio pasta su biotinu, skirta odos, kailio ir nag\u0173 prie\u017ei\u016brai. Papildo kasdien\u0119 mityb\u0105 svarbiais vitaminais ir padeda palaikyti optimali\u0105 organizm"},"iawp_total_views":4},"product_brand":[],"product_cat":[9271,83,25,104,9017],"product_tag":[],"class_list":{"0":"post-45152","1":"product","2":"type-product","3":"status-publish","4":"has-post-thumbnail","6":"product_cat-gimcat-katems","7":"product_cat-kaciu-prekiu-gamintojai","8":"product_cat-katems","9":"product_cat-kitos-kaciu-prekes","10":"product_cat-vitaminai-ir-papildai-katems","11":"pa_pasaro-sudetis-suris","12":"pa_prekiu-zenklai-gimborn","14":"first","15":"instock","16":"featured","17":"taxable","18":"shipping-taxable","19":"purchasable","20":"product-type-simple"},"acf":[],"_links":{"self":[{"href":"https:\/\/zooprekes24.lt\/et\/wp-json\/wp\/v2\/product\/45152","targetHints":{"allow":["GET"]}}],"collection":[{"href":"https:\/\/zooprekes24.lt\/et\/wp-json\/wp\/v2\/product"}],"about":[{"href":"https:\/\/zooprekes24.lt\/et\/wp-json\/wp\/v2\/types\/product"}],"replies":[{"embeddable":true,"href":"https:\/\/zooprekes24.lt\/et\/wp-json\/wp\/v2\/comments?post=45152"}],"wp:featuredmedia":[{"embeddable":true,"href":"https:\/\/zooprekes24.lt\/et\/wp-json\/wp\/v2\/media\/45366"}],"wp:attachment":[{"href":"https:\/\/zooprekes24.lt\/et\/wp-json\/wp\/v2\/media?parent=45152"}],"wp:term":[{"taxonomy":"product_brand","embeddable":true,"href":"https:\/\/zooprekes24.lt\/et\/wp-json\/wp\/v2\/product_brand?post=45152"},{"taxonomy":"product_cat","embeddable":true,"href":"https:\/\/zooprekes24.lt\/et\/wp-json\/wp\/v2\/product_cat?post=45152"},{"taxonomy":"product_tag","embeddable":true,"href":"https:\/\/zooprekes24.lt\/et\/wp-json\/wp\/v2\/product_tag?post=45152"}],"curies":[{"name":"wp","href":"https:\/\/api.w.org\/{rel}","templated":true}]}}