{"id":45014,"date":"2026-01-30T11:03:59","date_gmt":"2026-01-30T09:03:59","guid":{"rendered":"https:\/\/zooprekes24.lt\/?post_type=product&#038;p=45014"},"modified":"2026-01-30T16:56:47","modified_gmt":"2026-01-30T14:56:47","slug":"biocos-silk-glotninantis-kondicionierius-sunims-su-augaliniu-silku-200ml","status":"publish","type":"product","link":"https:\/\/zooprekes24.lt\/et\/produktas\/biocos-silk-glotninantis-kondicionierius-sunims-su-augaliniu-silku-200ml\/","title":{"rendered":"Biocos Silk glotninantis kondicionierius \u0161unims, su augaliniu \u0161ilku, 200 ml"},"content":{"rendered":"<ul>\n<li>Alavij\u0173 sultys nuramina ir \u0161velniai dr\u0117kina gyv\u016bno od\u0105 ir kail\u012f.<\/li>\n<li>Argano aliejus, kuriame yra daug polineso\u010di\u0173j\u0173 riebi\u0173j\u0173 r\u016bg\u0161\u010di\u0173, apsaugo ir pamaitina kail\u012f bei od\u0105, suteikia kailiui \u017evilgesio bei j\u012f sustiprina.<\/li>\n<li>Avokad\u0173 aliejus skverbiasi \u012f od\u0105 giliau nei bet kuris kitas aliejus, jis j\u0105 mink\u0161tina ir dr\u0117kina, tad yra puikus pagalbininkas jei gyv\u016bno oda yra pa\u017eeista ar pleiskanojanti.<\/li>\n<li>Simondsij\u0173 aliejus, pasi\u017eymi prie\u0161u\u017edegimin\u0117mis savyb\u0117mis bei intensyviu dr\u0117kinan\u010diu ir maitinan\u010diu poveikiu, tad labai tinka naudoti tuomet, kai augintinio oda i\u0161saus\u0117jusi, pa\u017eeista. Simondsij\u0173 aliejus maitina ir glotnina kail\u012f.<\/li>\n<li>Augalinis \u0161ilkas ypa\u010d intensyviai dr\u0117kina kail\u012f ir od\u0105, d\u0117l ko kailis tampa \u0161velnus, stiprus, ma\u017eiau veliasi.<\/li>\n<li>Ricin\u0173 aliejus giliai dr\u0117kina, mink\u0161tina bei maitina augintinio od\u0105 ir suteikia kailiui gra\u017e\u0173, sveik\u0105 blizges\u012f, o kartu su ylang ylang eteriniu aliejumi skatina kailio augim\u0105.<\/li>\n<li>\u017den\u0161enis yra tonizuojantis ingredientas, kuris skatina greitesn\u012f odos atsinaujinim\u0105, kartu su balt\u0173j\u0173 greipfrut\u0173 eteriniu aliejumi jis sukurs gaivumo ir \u0161varos poj\u016bt\u012f.<\/li>\n<li>Hidrolizuoti kvie\u010di\u0173 proteinai naudojami d\u0117l kondicionuojan\u010di\u0173, antistatini\u0173 savybi\u0173.<\/li>\n<\/ul>","protected":false},"excerpt":{"rendered":"<p>Alavij\u0173 sultys nuramina ir \u0161velniai dr\u0117kina gyv\u016bno od\u0105 ir kail\u012f. Argano aliejus, kuriame yra daug polineso\u010di\u0173j\u0173 riebi\u0173j\u0173 r\u016bg\u0161\u010di\u0173, apsaugo ir pamaitina kail\u012f bei od\u0105, suteikia kailiui \u017evilgesio bei j\u012f sustiprina. Avokad\u0173 aliejus skverbiasi \u012f od\u0105 giliau nei bet kuris kitas aliejus, jis j\u0105 mink\u0161tina ir dr\u0117kina, tad yra puikus pagalbininkas jei gyv\u016bno oda yra pa\u017eeista&#8230;<\/p>","protected":false},"featured_media":45048,"comment_status":"closed","ping_status":"closed","template":"","meta":{"_acf_changed":false,"slim_seo":{"title":"Biocos Silk glotninantis kondicionierius \u0161unims, su augaliniu \u0161ilku, 200 ml - Zooprekes24","description":"Alavij\u0173 sultys nuramina ir \u0161velniai dr\u0117kina gyv\u016bno od\u0105 ir kail\u012f. Argano aliejus, kuriame yra daug polineso\u010di\u0173j\u0173 riebi\u0173j\u0173 r\u016bg\u0161\u010di\u0173, apsaugo ir pamaitina kail\u012f bei"},"iawp_total_views":10},"product_brand":[],"product_cat":[32,9026,8999],"product_tag":[],"class_list":{"0":"post-45014","1":"product","2":"type-product","3":"status-publish","4":"has-post-thumbnail","6":"product_cat-kitos-sunu-prekes","7":"product_cat-prieziuros-priemones-sunims","8":"product_cat-sunims","9":"pa_prekiu-zenklai-biocos","11":"first","12":"instock","13":"featured","14":"taxable","15":"shipping-taxable","16":"purchasable","17":"product-type-simple"},"acf":[],"_links":{"self":[{"href":"https:\/\/zooprekes24.lt\/et\/wp-json\/wp\/v2\/product\/45014","targetHints":{"allow":["GET"]}}],"collection":[{"href":"https:\/\/zooprekes24.lt\/et\/wp-json\/wp\/v2\/product"}],"about":[{"href":"https:\/\/zooprekes24.lt\/et\/wp-json\/wp\/v2\/types\/product"}],"replies":[{"embeddable":true,"href":"https:\/\/zooprekes24.lt\/et\/wp-json\/wp\/v2\/comments?post=45014"}],"wp:featuredmedia":[{"embeddable":true,"href":"https:\/\/zooprekes24.lt\/et\/wp-json\/wp\/v2\/media\/45048"}],"wp:attachment":[{"href":"https:\/\/zooprekes24.lt\/et\/wp-json\/wp\/v2\/media?parent=45014"}],"wp:term":[{"taxonomy":"product_brand","embeddable":true,"href":"https:\/\/zooprekes24.lt\/et\/wp-json\/wp\/v2\/product_brand?post=45014"},{"taxonomy":"product_cat","embeddable":true,"href":"https:\/\/zooprekes24.lt\/et\/wp-json\/wp\/v2\/product_cat?post=45014"},{"taxonomy":"product_tag","embeddable":true,"href":"https:\/\/zooprekes24.lt\/et\/wp-json\/wp\/v2\/product_tag?post=45014"}],"curies":[{"name":"wp","href":"https:\/\/api.w.org\/{rel}","templated":true}]}}