{"id":45000,"date":"2026-01-30T09:32:21","date_gmt":"2026-01-30T07:32:21","guid":{"rendered":"https:\/\/zooprekes24.lt\/?post_type=product&#038;p=45000"},"modified":"2026-01-30T16:36:54","modified_gmt":"2026-01-30T14:36:54","slug":"biocos-svelnus-valomasis-balzamas-akims-sunims-ir-katems-100ml","status":"publish","type":"product","link":"https:\/\/zooprekes24.lt\/et\/produktas\/biocos-svelnus-valomasis-balzamas-akims-sunims-ir-katems-100ml\/","title":{"rendered":"Biocos \u0161velnus valomasis balzamas akims, \u0161unims ir kat\u0117ms, 100 ml"},"content":{"rendered":"","protected":false},"excerpt":{"rendered":"","protected":false},"featured_media":45003,"comment_status":"closed","ping_status":"closed","template":"","meta":{"_acf_changed":false,"slim_seo":{"title":"Biocos \u0161velnus valomasis balzamas akims, \u0161unims ir kat\u0117ms, 100 ml - Zooprekes24","description":""},"iawp_total_views":5},"product_brand":[],"product_cat":[25,104,32,9026,9025,8999],"product_tag":[],"class_list":{"0":"post-45000","1":"product","2":"type-product","3":"status-publish","4":"has-post-thumbnail","6":"product_cat-katems","7":"product_cat-kitos-kaciu-prekes","8":"product_cat-kitos-sunu-prekes","9":"product_cat-prieziuros-priemones-sunims","10":"product_cat-prieziuros-priemones-katems","11":"product_cat-sunims","12":"pa_prekiu-zenklai-biocos","14":"first","15":"instock","16":"featured","17":"taxable","18":"shipping-taxable","19":"purchasable","20":"product-type-simple"},"acf":[],"_links":{"self":[{"href":"https:\/\/zooprekes24.lt\/et\/wp-json\/wp\/v2\/product\/45000","targetHints":{"allow":["GET"]}}],"collection":[{"href":"https:\/\/zooprekes24.lt\/et\/wp-json\/wp\/v2\/product"}],"about":[{"href":"https:\/\/zooprekes24.lt\/et\/wp-json\/wp\/v2\/types\/product"}],"replies":[{"embeddable":true,"href":"https:\/\/zooprekes24.lt\/et\/wp-json\/wp\/v2\/comments?post=45000"}],"wp:featuredmedia":[{"embeddable":true,"href":"https:\/\/zooprekes24.lt\/et\/wp-json\/wp\/v2\/media\/45003"}],"wp:attachment":[{"href":"https:\/\/zooprekes24.lt\/et\/wp-json\/wp\/v2\/media?parent=45000"}],"wp:term":[{"taxonomy":"product_brand","embeddable":true,"href":"https:\/\/zooprekes24.lt\/et\/wp-json\/wp\/v2\/product_brand?post=45000"},{"taxonomy":"product_cat","embeddable":true,"href":"https:\/\/zooprekes24.lt\/et\/wp-json\/wp\/v2\/product_cat?post=45000"},{"taxonomy":"product_tag","embeddable":true,"href":"https:\/\/zooprekes24.lt\/et\/wp-json\/wp\/v2\/product_tag?post=45000"}],"curies":[{"name":"wp","href":"https:\/\/api.w.org\/{rel}","templated":true}]}}