{"id":44966,"date":"2026-01-29T13:04:08","date_gmt":"2026-01-29T11:04:08","guid":{"rendered":"https:\/\/zooprekes24.lt\/?post_type=product&#038;p=44966"},"modified":"2026-02-04T10:57:49","modified_gmt":"2026-02-04T08:57:49","slug":"trixie-lanksti-virvine-lakta-pauksciams-iv-dydziu","status":"publish","type":"product","link":"https:\/\/zooprekes24.lt\/et\/produktas\/trixie-lanksti-virvine-lakta-pauksciams-iv-dydziu\/","title":{"rendered":"Trixie lanksti virvin\u0117 lakta pauk\u0161\u010diams, \u012fv. dyd\u017ei\u0173"},"content":{"rendered":"<p>Dyd\u017eiai:<\/p>\n<ul>\n<li>37 cm \/ <span>\u2300 <\/span>16 mm,<\/li>\n<li>66 cm \/ <span>\u2300 <\/span>18 mm,<\/li>\n<li>75 cm \/ <span>\u2300 <\/span>30 mm.<\/li>\n<\/ul>","protected":false},"excerpt":{"rendered":"<p class=\"MsoNoSpacing\">Kuivtoit kanaga tiinetele ja imetavatele emasloomadele ning kutsikatele.<\/p>","protected":false},"featured_media":44970,"comment_status":"closed","ping_status":"closed","template":"","meta":{"_acf_changed":false,"slim_seo":{"title":"Trixie lanksti virvin\u0117 lakta pauk\u0161\u010diams, \u012fv. dyd\u017ei\u0173 - Zooprekes24","description":"Kuivtoit kanaga tiinetele ja imetavatele emasloomadele ning kutsikatele."},"iawp_total_views":7},"product_brand":[],"product_cat":[9279],"product_tag":[],"class_list":{"0":"post-44966","1":"product","2":"type-product","3":"status-publish","4":"has-post-thumbnail","6":"product_cat-pauksciams","7":"pa_prekiu-zenklai-trixie","9":"first","10":"instock","11":"taxable","12":"shipping-taxable","13":"purchasable","14":"product-type-variable"},"acf":[],"_links":{"self":[{"href":"https:\/\/zooprekes24.lt\/et\/wp-json\/wp\/v2\/product\/44966","targetHints":{"allow":["GET"]}}],"collection":[{"href":"https:\/\/zooprekes24.lt\/et\/wp-json\/wp\/v2\/product"}],"about":[{"href":"https:\/\/zooprekes24.lt\/et\/wp-json\/wp\/v2\/types\/product"}],"replies":[{"embeddable":true,"href":"https:\/\/zooprekes24.lt\/et\/wp-json\/wp\/v2\/comments?post=44966"}],"wp:featuredmedia":[{"embeddable":true,"href":"https:\/\/zooprekes24.lt\/et\/wp-json\/wp\/v2\/media\/44970"}],"wp:attachment":[{"href":"https:\/\/zooprekes24.lt\/et\/wp-json\/wp\/v2\/media?parent=44966"}],"wp:term":[{"taxonomy":"product_brand","embeddable":true,"href":"https:\/\/zooprekes24.lt\/et\/wp-json\/wp\/v2\/product_brand?post=44966"},{"taxonomy":"product_cat","embeddable":true,"href":"https:\/\/zooprekes24.lt\/et\/wp-json\/wp\/v2\/product_cat?post=44966"},{"taxonomy":"product_tag","embeddable":true,"href":"https:\/\/zooprekes24.lt\/et\/wp-json\/wp\/v2\/product_tag?post=44966"}],"curies":[{"name":"wp","href":"https:\/\/api.w.org\/{rel}","templated":true}]}}