{"id":44949,"date":"2026-01-29T12:13:15","date_gmt":"2026-01-29T10:13:15","guid":{"rendered":"https:\/\/zooprekes24.lt\/?post_type=product&#038;p=44949"},"modified":"2026-01-30T15:53:06","modified_gmt":"2026-01-30T13:53:06","slug":"trixie-pakabinamas-indelis-pauksciams-su-lakta-iv-spalvu","status":"publish","type":"product","link":"https:\/\/zooprekes24.lt\/et\/produktas\/trixie-pakabinamas-indelis-pauksciams-su-lakta-iv-spalvu\/","title":{"rendered":"Trixie pakabinamas indelis pauk\u0161\u010diams, su lakta, \u012fv. spalv\u0173"},"content":{"rendered":"<p>Indeli\u0173 dyd\u017eiai:<\/p>\n<ul>\n<li>80 ml \/ 6 x 6 cm,<\/li>\n<li><span style=\"font-size: 15px; letter-spacing: 0em;\">130 ml \/ 8 x 7 cm.<\/span><\/li>\n<\/ul>","protected":false},"excerpt":{"rendered":"<p class=\"MsoNoSpacing\">Kuivtoit kanaga tiinetele ja imetavatele emasloomadele ning kutsikatele.<\/p>","protected":false},"featured_media":44955,"comment_status":"closed","ping_status":"closed","template":"","meta":{"_acf_changed":false,"slim_seo":{"title":"Trixie pakabinamas indelis pauk\u0161\u010diams, su lakta, \u012fv. spalv\u0173 - Zooprekes24","description":"Kuivtoit kanaga tiinetele ja imetavatele emasloomadele ning kutsikatele."},"iawp_total_views":88},"product_brand":[],"product_cat":[9279],"product_tag":[],"class_list":{"0":"post-44949","1":"product","2":"type-product","3":"status-publish","4":"has-post-thumbnail","6":"product_cat-pauksciams","7":"pa_prekiu-zenklai-trixie","9":"first","10":"instock","11":"taxable","12":"shipping-taxable","13":"purchasable","14":"product-type-variable"},"acf":[],"_links":{"self":[{"href":"https:\/\/zooprekes24.lt\/et\/wp-json\/wp\/v2\/product\/44949","targetHints":{"allow":["GET"]}}],"collection":[{"href":"https:\/\/zooprekes24.lt\/et\/wp-json\/wp\/v2\/product"}],"about":[{"href":"https:\/\/zooprekes24.lt\/et\/wp-json\/wp\/v2\/types\/product"}],"replies":[{"embeddable":true,"href":"https:\/\/zooprekes24.lt\/et\/wp-json\/wp\/v2\/comments?post=44949"}],"wp:featuredmedia":[{"embeddable":true,"href":"https:\/\/zooprekes24.lt\/et\/wp-json\/wp\/v2\/media\/44955"}],"wp:attachment":[{"href":"https:\/\/zooprekes24.lt\/et\/wp-json\/wp\/v2\/media?parent=44949"}],"wp:term":[{"taxonomy":"product_brand","embeddable":true,"href":"https:\/\/zooprekes24.lt\/et\/wp-json\/wp\/v2\/product_brand?post=44949"},{"taxonomy":"product_cat","embeddable":true,"href":"https:\/\/zooprekes24.lt\/et\/wp-json\/wp\/v2\/product_cat?post=44949"},{"taxonomy":"product_tag","embeddable":true,"href":"https:\/\/zooprekes24.lt\/et\/wp-json\/wp\/v2\/product_tag?post=44949"}],"curies":[{"name":"wp","href":"https:\/\/api.w.org\/{rel}","templated":true}]}}