{"id":44938,"date":"2026-01-29T11:48:42","date_gmt":"2026-01-29T09:48:42","guid":{"rendered":"https:\/\/zooprekes24.lt\/?post_type=product&#038;p=44938"},"modified":"2026-01-30T15:49:29","modified_gmt":"2026-01-30T13:49:29","slug":"trixie-nerudijancio-plieno-dubenelis-su-laikikliu-pauksciams-iv-dydziu","status":"publish","type":"product","link":"https:\/\/zooprekes24.lt\/et\/produktas\/trixie-nerudijancio-plieno-dubenelis-su-laikikliu-pauksciams-iv-dydziu\/","title":{"rendered":"Trixie ner\u016bdijan\u010dio plieno duben\u0117lis su laikikliu pauk\u0161\u010diams, \u012fv. dyd\u017ei\u0173"},"content":{"rendered":"<p>Duben\u0117li\u0173 dyd\u017eiai:<\/p>\n<ul>\n<li>300 ml \/ <span>\u00f8 <\/span>9 cm,<\/li>\n<li>600 ml \/ <span>\u00f8 <\/span>12 cm,<\/li>\n<li>900 ml \/ <span>\u00f8 <\/span>14 cm.<\/li>\n<\/ul>","protected":false},"excerpt":{"rendered":"<p class=\"MsoNoSpacing\">Kuivtoit kanaga tiinetele ja imetavatele emasloomadele ning kutsikatele.<\/p>","protected":false},"featured_media":44942,"comment_status":"closed","ping_status":"closed","template":"","meta":{"_acf_changed":false,"slim_seo":{"title":"Trixie ner\u016bdijan\u010dio plieno duben\u0117lis su laikikliu pauk\u0161\u010diams, \u012fv. dyd\u017ei\u0173 - Zooprekes24","description":"Kuivtoit kanaga tiinetele ja imetavatele emasloomadele ning kutsikatele."},"iawp_total_views":1},"product_brand":[],"product_cat":[9279],"product_tag":[],"class_list":{"0":"post-44938","1":"product","2":"type-product","3":"status-publish","4":"has-post-thumbnail","6":"product_cat-pauksciams","7":"pa_prekiu-zenklai-trixie","9":"first","10":"instock","11":"taxable","12":"shipping-taxable","13":"purchasable","14":"product-type-variable"},"acf":[],"_links":{"self":[{"href":"https:\/\/zooprekes24.lt\/et\/wp-json\/wp\/v2\/product\/44938","targetHints":{"allow":["GET"]}}],"collection":[{"href":"https:\/\/zooprekes24.lt\/et\/wp-json\/wp\/v2\/product"}],"about":[{"href":"https:\/\/zooprekes24.lt\/et\/wp-json\/wp\/v2\/types\/product"}],"replies":[{"embeddable":true,"href":"https:\/\/zooprekes24.lt\/et\/wp-json\/wp\/v2\/comments?post=44938"}],"wp:featuredmedia":[{"embeddable":true,"href":"https:\/\/zooprekes24.lt\/et\/wp-json\/wp\/v2\/media\/44942"}],"wp:attachment":[{"href":"https:\/\/zooprekes24.lt\/et\/wp-json\/wp\/v2\/media?parent=44938"}],"wp:term":[{"taxonomy":"product_brand","embeddable":true,"href":"https:\/\/zooprekes24.lt\/et\/wp-json\/wp\/v2\/product_brand?post=44938"},{"taxonomy":"product_cat","embeddable":true,"href":"https:\/\/zooprekes24.lt\/et\/wp-json\/wp\/v2\/product_cat?post=44938"},{"taxonomy":"product_tag","embeddable":true,"href":"https:\/\/zooprekes24.lt\/et\/wp-json\/wp\/v2\/product_tag?post=44938"}],"curies":[{"name":"wp","href":"https:\/\/api.w.org\/{rel}","templated":true}]}}