{"id":44696,"date":"2026-01-22T13:23:13","date_gmt":"2026-01-22T11:23:13","guid":{"rendered":"https:\/\/zooprekes24.lt\/?post_type=product&#038;p=44696"},"modified":"2026-01-22T14:25:53","modified_gmt":"2026-01-22T12:25:53","slug":"trixie-led-tamsoje-svieciantis-antkaklis-sunims-nailoninis-iv-dydziu-zalias","status":"publish","type":"product","link":"https:\/\/zooprekes24.lt\/et\/produktas\/trixie-led-tamsoje-svieciantis-antkaklis-sunims-nailoninis-iv-dydziu-zalias\/","title":{"rendered":"Trixie LED tamsoje \u0161vie\u010diantis antkaklis \u0161unims, nailoninis, \u012fv. dyd\u017ei\u0173, \u017ealias"},"content":{"rendered":"<p>I\u0161matavimai:<\/p>\n<ul>\n<li data-start=\"68\" data-end=\"102\">\n<p data-start=\"70\" data-end=\"102\"><strong data-start=\"70\" data-end=\"85\">XS-S:<\/strong> 35 cm \/ <span>\u00f8<\/span> 7 mm,<\/p>\n<\/li>\n<li data-start=\"103\" data-end=\"136\">\n<p data-start=\"105\" data-end=\"136\"><strong data-start=\"105\" data-end=\"119\">M-L:<\/strong> 45 cm \/ <span>\u00f8<\/span> 7 mm,<\/p>\n<\/li>\n<li data-start=\"137\" data-end=\"171\">\n<p data-start=\"139\" data-end=\"171\"><strong data-start=\"139\" data-end=\"154\">L-XL:<\/strong> 65 cm \/ <span>\u00f8 <\/span>7 mm.<\/p>\n<\/li>\n<\/ul>","protected":false},"excerpt":{"rendered":"<p>I\u0161matavimai: XS-S: 35 cm \/ \u00f8 7 mm, M-L: 45 cm \/ \u00f8 7 mm, L-XL: 65 cm \/ \u00f8 7 mm.<\/p>","protected":false},"featured_media":44701,"comment_status":"closed","ping_status":"closed","template":"","meta":{"_acf_changed":false,"slim_seo":{"title":"Trixie LED tamsoje \u0161vie\u010diantis antkaklis \u0161unims, nailoninis, \u012fv. dyd\u017ei\u0173, \u017ealias - Zooprekes24","description":"I\u0161matavimai: XS-S: 35 cm \/ \u00f8 7 mm, M-L: 45 cm \/ \u00f8 7 mm, L-XL: 65 cm \/ \u00f8 7 mm."},"iawp_total_views":5},"product_brand":[],"product_cat":[9221,32,9074,8999,31,9219],"product_tag":[],"class_list":{"0":"post-44696","1":"product","2":"type-product","3":"status-publish","4":"has-post-thumbnail","6":"product_cat-kelioniu-ir-isvyku-prekes-sunims","7":"product_cat-kitos-sunu-prekes","8":"product_cat-pavadeliai-antsnukiai-petnesos","9":"product_cat-sunims","10":"product_cat-sunu-prekiu-gamintojai","11":"product_cat-trixie-sunims","12":"pa_prekiu-zenklai-trixie","13":"pa_veisles-dydis-didelems-veislems","14":"pa_veisles-dydis-mazoms-veislems","15":"pa_veisles-dydis-vidutinems-veislems","16":"pa_veisles-dydis-visu-dydziu-veislems","18":"first","19":"instock","20":"featured","21":"taxable","22":"shipping-taxable","23":"purchasable","24":"product-type-variable"},"acf":[],"_links":{"self":[{"href":"https:\/\/zooprekes24.lt\/et\/wp-json\/wp\/v2\/product\/44696","targetHints":{"allow":["GET"]}}],"collection":[{"href":"https:\/\/zooprekes24.lt\/et\/wp-json\/wp\/v2\/product"}],"about":[{"href":"https:\/\/zooprekes24.lt\/et\/wp-json\/wp\/v2\/types\/product"}],"replies":[{"embeddable":true,"href":"https:\/\/zooprekes24.lt\/et\/wp-json\/wp\/v2\/comments?post=44696"}],"wp:featuredmedia":[{"embeddable":true,"href":"https:\/\/zooprekes24.lt\/et\/wp-json\/wp\/v2\/media\/44701"}],"wp:attachment":[{"href":"https:\/\/zooprekes24.lt\/et\/wp-json\/wp\/v2\/media?parent=44696"}],"wp:term":[{"taxonomy":"product_brand","embeddable":true,"href":"https:\/\/zooprekes24.lt\/et\/wp-json\/wp\/v2\/product_brand?post=44696"},{"taxonomy":"product_cat","embeddable":true,"href":"https:\/\/zooprekes24.lt\/et\/wp-json\/wp\/v2\/product_cat?post=44696"},{"taxonomy":"product_tag","embeddable":true,"href":"https:\/\/zooprekes24.lt\/et\/wp-json\/wp\/v2\/product_tag?post=44696"}],"curies":[{"name":"wp","href":"https:\/\/api.w.org\/{rel}","templated":true}]}}