{"id":44687,"date":"2026-01-22T12:59:21","date_gmt":"2026-01-22T10:59:21","guid":{"rendered":"https:\/\/zooprekes24.lt\/?post_type=product&#038;p=44687"},"modified":"2026-01-22T15:25:43","modified_gmt":"2026-01-22T13:25:43","slug":"trixie-automatinis-kaciu-tualetas-ismanusis-savaime-issivalantis-baltas","status":"publish","type":"product","link":"https:\/\/zooprekes24.lt\/et\/produktas\/trixie-automatinis-kaciu-tualetas-ismanusis-savaime-issivalantis-baltas\/","title":{"rendered":"Trixie automatinis ka\u010di\u0173 tualetas, i\u0161manusis-savaime i\u0161sivalantis, baltas"},"content":{"rendered":"","protected":false},"excerpt":{"rendered":"","protected":false},"featured_media":44689,"comment_status":"closed","ping_status":"closed","template":"","meta":{"_acf_changed":false,"slim_seo":{"title":"Trixie automatinis ka\u010di\u0173 tualetas, i\u0161manusis-savaime i\u0161sivalantis, baltas - Zooprekes24","description":""},"iawp_total_views":22},"product_brand":[],"product_cat":[78,83,25,9222,9077],"product_tag":[],"class_list":{"0":"post-44687","1":"product","2":"type-product","3":"status-publish","4":"has-post-thumbnail","6":"product_cat-higiena-ir-prieziura-katems","7":"product_cat-kaciu-prekiu-gamintojai","8":"product_cat-katems","9":"product_cat-trixie-katems","10":"product_cat-tualetai","11":"pa_prekiu-zenklai-trixie","13":"first","14":"instock","15":"featured","16":"taxable","17":"shipping-taxable","18":"purchasable","19":"product-type-simple"},"acf":[],"_links":{"self":[{"href":"https:\/\/zooprekes24.lt\/et\/wp-json\/wp\/v2\/product\/44687","targetHints":{"allow":["GET"]}}],"collection":[{"href":"https:\/\/zooprekes24.lt\/et\/wp-json\/wp\/v2\/product"}],"about":[{"href":"https:\/\/zooprekes24.lt\/et\/wp-json\/wp\/v2\/types\/product"}],"replies":[{"embeddable":true,"href":"https:\/\/zooprekes24.lt\/et\/wp-json\/wp\/v2\/comments?post=44687"}],"wp:featuredmedia":[{"embeddable":true,"href":"https:\/\/zooprekes24.lt\/et\/wp-json\/wp\/v2\/media\/44689"}],"wp:attachment":[{"href":"https:\/\/zooprekes24.lt\/et\/wp-json\/wp\/v2\/media?parent=44687"}],"wp:term":[{"taxonomy":"product_brand","embeddable":true,"href":"https:\/\/zooprekes24.lt\/et\/wp-json\/wp\/v2\/product_brand?post=44687"},{"taxonomy":"product_cat","embeddable":true,"href":"https:\/\/zooprekes24.lt\/et\/wp-json\/wp\/v2\/product_cat?post=44687"},{"taxonomy":"product_tag","embeddable":true,"href":"https:\/\/zooprekes24.lt\/et\/wp-json\/wp\/v2\/product_tag?post=44687"}],"curies":[{"name":"wp","href":"https:\/\/api.w.org\/{rel}","templated":true}]}}