{"id":44583,"date":"2026-01-21T14:24:13","date_gmt":"2026-01-21T12:24:13","guid":{"rendered":"https:\/\/zooprekes24.lt\/?post_type=product&#038;p=44583"},"modified":"2026-01-23T17:02:33","modified_gmt":"2026-01-23T15:02:33","slug":"trixie-premium-pavadelis-sunims-m-l-dydzio-iv-spalvu","status":"publish","type":"product","link":"https:\/\/zooprekes24.lt\/et\/produktas\/trixie-premium-pavadelis-sunims-m-l-dydzio-iv-spalvu\/","title":{"rendered":"Trixie Premium pavad\u0117lis \u0161unims, M-L dyd\u017eio, \u012fv. spalv\u0173"},"content":{"rendered":"","protected":false},"excerpt":{"rendered":"","protected":false},"featured_media":44572,"comment_status":"closed","ping_status":"closed","template":"","meta":{"_acf_changed":false,"slim_seo":{"title":"Trixie Premium pavad\u0117lis \u0161unims, M-L dyd\u017eio, \u012fv. spalv\u0173 - Zooprekes24","description":""},"iawp_total_views":1},"product_brand":[],"product_cat":[32,9074,8999,31,9219],"product_tag":[],"class_list":{"0":"post-44583","1":"product","2":"type-product","3":"status-publish","4":"has-post-thumbnail","6":"product_cat-kitos-sunu-prekes","7":"product_cat-pavadeliai-antsnukiai-petnesos","8":"product_cat-sunims","9":"product_cat-sunu-prekiu-gamintojai","10":"product_cat-trixie-sunims","11":"pa_prekiu-zenklai-trixie","12":"pa_veisles-dydis-didelems-veislems","13":"pa_veisles-dydis-vidutinems-veislems","15":"first","16":"instock","17":"featured","18":"taxable","19":"shipping-taxable","20":"purchasable","21":"product-type-variable"},"acf":[],"_links":{"self":[{"href":"https:\/\/zooprekes24.lt\/et\/wp-json\/wp\/v2\/product\/44583","targetHints":{"allow":["GET"]}}],"collection":[{"href":"https:\/\/zooprekes24.lt\/et\/wp-json\/wp\/v2\/product"}],"about":[{"href":"https:\/\/zooprekes24.lt\/et\/wp-json\/wp\/v2\/types\/product"}],"replies":[{"embeddable":true,"href":"https:\/\/zooprekes24.lt\/et\/wp-json\/wp\/v2\/comments?post=44583"}],"wp:featuredmedia":[{"embeddable":true,"href":"https:\/\/zooprekes24.lt\/et\/wp-json\/wp\/v2\/media\/44572"}],"wp:attachment":[{"href":"https:\/\/zooprekes24.lt\/et\/wp-json\/wp\/v2\/media?parent=44583"}],"wp:term":[{"taxonomy":"product_brand","embeddable":true,"href":"https:\/\/zooprekes24.lt\/et\/wp-json\/wp\/v2\/product_brand?post=44583"},{"taxonomy":"product_cat","embeddable":true,"href":"https:\/\/zooprekes24.lt\/et\/wp-json\/wp\/v2\/product_cat?post=44583"},{"taxonomy":"product_tag","embeddable":true,"href":"https:\/\/zooprekes24.lt\/et\/wp-json\/wp\/v2\/product_tag?post=44583"}],"curies":[{"name":"wp","href":"https:\/\/api.w.org\/{rel}","templated":true}]}}