{"id":44471,"date":"2026-01-19T13:56:44","date_gmt":"2026-01-19T11:56:44","guid":{"rendered":"https:\/\/zooprekes24.lt\/?post_type=product&#038;p=44471"},"modified":"2026-01-20T11:48:05","modified_gmt":"2026-01-20T09:48:05","slug":"trixie-antkaklis-katems-su-laukeliu-informacijai-iv-spalvu","status":"publish","type":"product","link":"https:\/\/zooprekes24.lt\/et\/produktas\/trixie-antkaklis-katems-su-laukeliu-informacijai-iv-spalvu\/","title":{"rendered":"Trixie antkaklis kat\u0117ms, su laukeliu informacijai, \u012fv. spalv\u0173"},"content":{"rendered":"","protected":false},"excerpt":{"rendered":"","protected":false},"featured_media":44474,"comment_status":"closed","ping_status":"closed","template":"","meta":{"_acf_changed":false,"slim_seo":{"title":"Trixie antkaklis kat\u0117ms, su laukeliu informacijai, \u012fv. spalv\u0173 - Zooprekes24","description":""},"iawp_total_views":1},"product_brand":[],"product_cat":[83,25,104,9070,9222],"product_tag":[],"class_list":{"0":"post-44471","1":"product","2":"type-product","3":"status-publish","4":"has-post-thumbnail","6":"product_cat-kaciu-prekiu-gamintojai","7":"product_cat-katems","8":"product_cat-kitos-kaciu-prekes","9":"product_cat-pavadeliai-antkakliai-petnesos-katems","10":"product_cat-trixie-katems","11":"pa_prekiu-zenklai-trixie","13":"first","14":"instock","15":"featured","16":"taxable","17":"shipping-taxable","18":"purchasable","19":"product-type-simple"},"acf":[],"_links":{"self":[{"href":"https:\/\/zooprekes24.lt\/et\/wp-json\/wp\/v2\/product\/44471","targetHints":{"allow":["GET"]}}],"collection":[{"href":"https:\/\/zooprekes24.lt\/et\/wp-json\/wp\/v2\/product"}],"about":[{"href":"https:\/\/zooprekes24.lt\/et\/wp-json\/wp\/v2\/types\/product"}],"replies":[{"embeddable":true,"href":"https:\/\/zooprekes24.lt\/et\/wp-json\/wp\/v2\/comments?post=44471"}],"wp:featuredmedia":[{"embeddable":true,"href":"https:\/\/zooprekes24.lt\/et\/wp-json\/wp\/v2\/media\/44474"}],"wp:attachment":[{"href":"https:\/\/zooprekes24.lt\/et\/wp-json\/wp\/v2\/media?parent=44471"}],"wp:term":[{"taxonomy":"product_brand","embeddable":true,"href":"https:\/\/zooprekes24.lt\/et\/wp-json\/wp\/v2\/product_brand?post=44471"},{"taxonomy":"product_cat","embeddable":true,"href":"https:\/\/zooprekes24.lt\/et\/wp-json\/wp\/v2\/product_cat?post=44471"},{"taxonomy":"product_tag","embeddable":true,"href":"https:\/\/zooprekes24.lt\/et\/wp-json\/wp\/v2\/product_tag?post=44471"}],"curies":[{"name":"wp","href":"https:\/\/api.w.org\/{rel}","templated":true}]}}