{"id":44327,"date":"2026-01-15T12:06:10","date_gmt":"2026-01-15T10:06:10","guid":{"rendered":"https:\/\/zooprekes24.lt\/?post_type=product&#038;p=44327"},"modified":"2026-02-05T11:57:20","modified_gmt":"2026-02-05T09:57:20","slug":"royal-canin-training-treats-skanestai-sunims-tinka-dresurai-110g","status":"publish","type":"product","link":"https:\/\/zooprekes24.lt\/et\/produktas\/royal-canin-training-treats-skanestai-sunims-tinka-dresurai-110g\/","title":{"rendered":"Royal Canin Training Treats skan\u0117stai \u0161unims, tinka dres\u016brai, 110 g"},"content":{"rendered":"<h3 data-start=\"0\" data-end=\"127\">Royal Canin Training Treats skan\u0117stai yra specialiai sukurti vyresniems nei 6 m\u0117nesi\u0173 \u0161unims. Padeda palaikyti bendr\u0105 \u0161uns sveikat\u0105 treniruo\u010di\u0173 metu.<\/h3>\n<ul>\n<li data-start=\"440\" data-end=\"1087\">Subalansuota sud\u0117tis: moksli\u0161kai pagr\u012fstas ingredient\u0173 mi\u0161inys u\u017etikrina optimal\u0173 skonio ir mitybos balans\u0105 kasdien\u0117ms treniruot\u0117ms &#8211; nuo pagrindini\u0173 komand\u0173 iki pa\u017eangi\u0173 gudrybi\u0173.<\/li>\n<li data-start=\"440\" data-end=\"1087\">Smegen\u0173 veiklos palaikymas: sud\u0117tyje esantis DHR bei vitaminai C ir E padeda palaikyti sveik\u0105 smegen\u0173 funkcij\u0105 nuo jauno iki senstan\u010dio \u0161uns.<\/li>\n<li data-start=\"440\" data-end=\"1087\">Ma\u017eas kalorij\u0173 kiekis: ma\u017eiau nei 3 kcal viename gabal\u0117lyje &#8211; idealu da\u017enam apdovanojimui, padedant palaikyti sveik\u0105 k\u016bno svor\u012f.<\/li>\n<li data-start=\"440\" data-end=\"1087\">Suderinamumas: skan\u0117stai skirti papildyti bet kuri\u0105 Royal Canin diet\u0105, pritaikyt\u0105 sveikiems, vyresniems nei 6 m\u0117nesi\u0173 \u0161unims, u\u017etikrinant nuosekl\u0173 mitybos re\u017eim\u0105.<\/li>\n<\/ul>\n<p><img loading=\"lazy\" decoding=\"async\" class=\"alignnone wp-image-44329\" src=\"https:\/\/zooprekes24.lt\/wp-content\/uploads\/ccccss-1.jpg\" alt=\"Royal Canin Training Treats skan\u0117stai \u0161unims, tinka dres\u016brai, 110 g\" width=\"300\" height=\"386\" srcset=\"https:\/\/zooprekes24.lt\/wp-content\/uploads\/ccccss-1.jpg 405w, https:\/\/zooprekes24.lt\/wp-content\/uploads\/ccccss-1-9x12.jpg 9w, https:\/\/zooprekes24.lt\/wp-content\/uploads\/ccccss-1-64x82.jpg 64w\" sizes=\"auto, (max-width: 300px) 100vw, 300px\" \/><\/p>","protected":false},"excerpt":{"rendered":"<p>Royal Canin Training Treats skan\u0117stai yra specialiai sukurti vyresniems nei 6 m\u0117nesi\u0173 \u0161unims. Padeda palaikyti bendr\u0105 \u0161uns sveikat\u0105 treniruo\u010di\u0173 metu. Subalansuota sud\u0117tis: moksli\u0161kai pagr\u012fstas ingredient\u0173 mi\u0161inys u\u017etikrina optimal\u0173 skonio ir mitybos balans\u0105 kasdien\u0117ms treniruot\u0117ms &#8211; nuo pagrindini\u0173 komand\u0173 iki pa\u017eangi\u0173 gudrybi\u0173. Smegen\u0173 veiklos palaikymas: sud\u0117tyje esantis DHR bei vitaminai C ir E padeda palaikyti sveik\u0105&#8230;<\/p>","protected":false},"featured_media":45371,"comment_status":"closed","ping_status":"closed","template":"","meta":{"_acf_changed":false,"slim_seo":{"title":"Royal Canin Training Treats skan\u0117stai \u0161unims, tinka dres\u016brai, 110 g - Zooprekes24","description":"Royal Canin Training Treats skan\u0117stai yra specialiai sukurti vyresniems nei 6 m\u0117nesi\u0173 \u0161unims. Padeda palaikyti bendr\u0105 \u0161uns sveikat\u0105 treniruo\u010di\u0173 metu. Subalansuo"},"iawp_total_views":8},"product_brand":[],"product_cat":[9012,9032,8999,31,30],"product_tag":[],"class_list":{"0":"post-44327","1":"product","2":"type-product","3":"status-publish","4":"has-post-thumbnail","6":"product_cat-royal-canin","7":"product_cat-sausainiai-ir-kepinukai","8":"product_cat-sunims","9":"product_cat-sunu-prekiu-gamintojai","10":"product_cat-sunu-skanestai","11":"pa_prekiu-zenklai-royal-canin-veterinary-diets","12":"pa_suns-amzius-jauniems","13":"pa_suns-amzius-senjorams","14":"pa_suns-amzius-suaugusiems","15":"pa_suns-amzius-visiems-amziams","16":"pa_veisles-dydis-didelems-veislems","17":"pa_veisles-dydis-mazoms-veislems","18":"pa_veisles-dydis-vidutinems-veislems","19":"pa_veisles-dydis-visu-dydziu-veislems","21":"first","22":"instock","23":"featured","24":"taxable","25":"shipping-taxable","26":"purchasable","27":"product-type-simple"},"acf":[],"_links":{"self":[{"href":"https:\/\/zooprekes24.lt\/et\/wp-json\/wp\/v2\/product\/44327","targetHints":{"allow":["GET"]}}],"collection":[{"href":"https:\/\/zooprekes24.lt\/et\/wp-json\/wp\/v2\/product"}],"about":[{"href":"https:\/\/zooprekes24.lt\/et\/wp-json\/wp\/v2\/types\/product"}],"replies":[{"embeddable":true,"href":"https:\/\/zooprekes24.lt\/et\/wp-json\/wp\/v2\/comments?post=44327"}],"wp:featuredmedia":[{"embeddable":true,"href":"https:\/\/zooprekes24.lt\/et\/wp-json\/wp\/v2\/media\/45371"}],"wp:attachment":[{"href":"https:\/\/zooprekes24.lt\/et\/wp-json\/wp\/v2\/media?parent=44327"}],"wp:term":[{"taxonomy":"product_brand","embeddable":true,"href":"https:\/\/zooprekes24.lt\/et\/wp-json\/wp\/v2\/product_brand?post=44327"},{"taxonomy":"product_cat","embeddable":true,"href":"https:\/\/zooprekes24.lt\/et\/wp-json\/wp\/v2\/product_cat?post=44327"},{"taxonomy":"product_tag","embeddable":true,"href":"https:\/\/zooprekes24.lt\/et\/wp-json\/wp\/v2\/product_tag?post=44327"}],"curies":[{"name":"wp","href":"https:\/\/api.w.org\/{rel}","templated":true}]}}