{"id":44295,"date":"2026-01-14T14:55:09","date_gmt":"2026-01-14T12:55:09","guid":{"rendered":"https:\/\/zooprekes24.lt\/?post_type=product&#038;p=44295"},"modified":"2026-01-23T17:19:20","modified_gmt":"2026-01-23T15:19:20","slug":"trixie-pagalbinis-vaiksciojimo-dirzas-skirtas-senyviems-po-operaciju-ar-turintiems-judejimo-sutrikimu-sunims-iv-dydziu-juodas","status":"publish","type":"product","link":"https:\/\/zooprekes24.lt\/et\/produktas\/trixie-pagalbinis-vaiksciojimo-dirzas-skirtas-senyviems-po-operaciju-ar-turintiems-judejimo-sutrikimu-sunims-iv-dydziu-juodas\/","title":{"rendered":"Trixie pagalbinis vaik\u0161\u010diojimo dir\u017eas, skirtas senyviems, po operacij\u0173 ar turintiems jud\u0117jimo sutrikim\u0173 \u0161unims, \u012fv. dyd\u017ei\u0173, juodas"},"content":{"rendered":"<p>I\u0161matavimai:<\/p>\n<ul>\n<li>M: iki 25 kg, apimtis 55-65 cm,<\/li>\n<li>L: iki 35 kg, apimtis 65-75 cm,<\/li>\n<li>L-XL: iki 50 kg, apimtis 75-85 cm.<\/li>\n<\/ul>","protected":false},"excerpt":{"rendered":"<p>I\u0161matavimai: M: iki 25 kg, apimtis 55-65 cm, L: iki 35 kg, apimtis 65-75 cm, L-XL: iki 50 kg, apimtis 75-85 cm.<\/p>","protected":false},"featured_media":44300,"comment_status":"closed","ping_status":"closed","template":"","meta":{"_acf_changed":false,"slim_seo":{"title":"Trixie pagalbinis vaik\u0161\u010diojimo dir\u017eas, skirtas senyviems, po operacij\u0173 ar turintiems jud\u0117jimo sutrikim\u0173 \u0161unims, \u012fv. dyd\u017ei\u0173, juodas - Zooprekes24","description":"I\u0161matavimai: M: iki 25 kg, apimtis 55-65 cm, L: iki 35 kg, apimtis 65-75 cm, L-XL: iki 50 kg, apimtis 75-85 cm."},"iawp_total_views":19},"product_brand":[],"product_cat":[78,83,32,9026,8999,31,9219],"product_tag":[],"class_list":{"0":"post-44295","1":"product","2":"type-product","3":"status-publish","4":"has-post-thumbnail","6":"product_cat-higiena-ir-prieziura-katems","7":"product_cat-kaciu-prekiu-gamintojai","8":"product_cat-kitos-sunu-prekes","9":"product_cat-prieziuros-priemones-sunims","10":"product_cat-sunims","11":"product_cat-sunu-prekiu-gamintojai","12":"product_cat-trixie-sunims","13":"pa_prekiu-zenklai-trixie","15":"first","16":"instock","17":"featured","18":"taxable","19":"shipping-taxable","20":"purchasable","21":"product-type-variable"},"acf":[],"_links":{"self":[{"href":"https:\/\/zooprekes24.lt\/et\/wp-json\/wp\/v2\/product\/44295","targetHints":{"allow":["GET"]}}],"collection":[{"href":"https:\/\/zooprekes24.lt\/et\/wp-json\/wp\/v2\/product"}],"about":[{"href":"https:\/\/zooprekes24.lt\/et\/wp-json\/wp\/v2\/types\/product"}],"replies":[{"embeddable":true,"href":"https:\/\/zooprekes24.lt\/et\/wp-json\/wp\/v2\/comments?post=44295"}],"wp:featuredmedia":[{"embeddable":true,"href":"https:\/\/zooprekes24.lt\/et\/wp-json\/wp\/v2\/media\/44300"}],"wp:attachment":[{"href":"https:\/\/zooprekes24.lt\/et\/wp-json\/wp\/v2\/media?parent=44295"}],"wp:term":[{"taxonomy":"product_brand","embeddable":true,"href":"https:\/\/zooprekes24.lt\/et\/wp-json\/wp\/v2\/product_brand?post=44295"},{"taxonomy":"product_cat","embeddable":true,"href":"https:\/\/zooprekes24.lt\/et\/wp-json\/wp\/v2\/product_cat?post=44295"},{"taxonomy":"product_tag","embeddable":true,"href":"https:\/\/zooprekes24.lt\/et\/wp-json\/wp\/v2\/product_tag?post=44295"}],"curies":[{"name":"wp","href":"https:\/\/api.w.org\/{rel}","templated":true}]}}