{"id":44249,"date":"2026-01-14T13:44:37","date_gmt":"2026-01-14T11:44:37","guid":{"rendered":"https:\/\/zooprekes24.lt\/?post_type=product&#038;p=44249"},"modified":"2026-01-30T10:33:31","modified_gmt":"2026-01-30T08:33:31","slug":"trixie-paminkstinta-apsaugine-apykakle-sunims-ir-katems-iv-dydziu-sviesiai-pilka","status":"publish","type":"product","link":"https:\/\/zooprekes24.lt\/et\/produktas\/trixie-paminkstinta-apsaugine-apykakle-sunims-ir-katems-iv-dydziu-sviesiai-pilka\/","title":{"rendered":"Trixie pamink\u0161tinta apsaugin\u0117 apykakl\u0117 \u0161unims ir kat\u0117ms, \u012fv. dyd\u017ei\u0173, \u0161viesiai pilka"},"content":{"rendered":"<p>Dyd\u017eiai:<\/p>\n<p>XS: i\u0161matavimai 23-27 cm \/ 13 cm, kaklo apimtis 23-27 cm (tinkamas ir kat\u0117ms),<br data-start=\"155\" data-end=\"158\" \/>S: i\u0161matavimai 30-34 cm \/ 19,5 cm, kaklo apimtis 30-34 cm,<br data-start=\"225\" data-end=\"228\" data-is-only-node=\"\" \/>M: i\u0161matavimai 38-42 cm \/ 21,5 cm, kaklo apimtis 38-42 cm,<br data-start=\"295\" data-end=\"298\" \/>L: i\u0161matavimai 46-49 cm \/ 24 cm, kaklo apimtis 46-49 cm,<br data-start=\"363\" data-end=\"366\" \/>L-XL: i\u0161matavimai 53-56 cm \/ 27 cm, kaklo apimtis 53-56 cm,<br data-start=\"434\" data-end=\"437\" \/>XL: i\u0161matavimai 60-64 cm \/ 29 cm, kaklo apimtis 60-64 cm.<\/p>","protected":false},"excerpt":{"rendered":"<p>Dyd\u017eiai: XS: i\u0161matavimai 23-27 cm \/ 13 cm, kaklo apimtis 23-27 cm (tinkamas ir kat\u0117ms),S: i\u0161matavimai 30-34 cm \/ 19,5 cm, kaklo apimtis 30-34 cm,M: i\u0161matavimai 38-42 cm \/ 21,5 cm, kaklo apimtis 38-42 cm,L: i\u0161matavimai 46-49 cm \/ 24 cm, kaklo apimtis 46-49 cm,L-XL: i\u0161matavimai 53-56 cm \/ 27 cm, kaklo apimtis 53-56 cm,XL:&#8230;<\/p>","protected":false},"featured_media":44257,"comment_status":"closed","ping_status":"closed","template":"","meta":{"_acf_changed":false,"slim_seo":{"title":"Trixie pamink\u0161tinta apsaugin\u0117 apykakl\u0117 \u0161unims ir kat\u0117ms, \u012fv. dyd\u017ei\u0173, \u0161viesiai pilka - Zooprekes24","description":"Dyd\u017eiai: XS: i\u0161matavimai 23-27 cm \/ 13 cm, kaklo apimtis 23-27 cm (tinkamas ir kat\u0117ms), S: i\u0161matavimai 30-34 cm \/ 19,5 cm, kaklo apimtis 30-34 cm, M: i\u0161matavima"},"iawp_total_views":9},"product_brand":[],"product_cat":[83,25,104,32,9025,9026,8999,31,9219,9222],"product_tag":[],"class_list":{"0":"post-44249","1":"product","2":"type-product","3":"status-publish","4":"has-post-thumbnail","6":"product_cat-kaciu-prekiu-gamintojai","7":"product_cat-katems","8":"product_cat-kitos-kaciu-prekes","9":"product_cat-kitos-sunu-prekes","10":"product_cat-prieziuros-priemones-katems","11":"product_cat-prieziuros-priemones-sunims","12":"product_cat-sunims","13":"product_cat-sunu-prekiu-gamintojai","14":"product_cat-trixie-sunims","15":"product_cat-trixie-katems","16":"pa_prekiu-zenklai-trixie","18":"first","19":"instock","20":"featured","21":"taxable","22":"shipping-taxable","23":"purchasable","24":"product-type-variable"},"acf":[],"_links":{"self":[{"href":"https:\/\/zooprekes24.lt\/et\/wp-json\/wp\/v2\/product\/44249","targetHints":{"allow":["GET"]}}],"collection":[{"href":"https:\/\/zooprekes24.lt\/et\/wp-json\/wp\/v2\/product"}],"about":[{"href":"https:\/\/zooprekes24.lt\/et\/wp-json\/wp\/v2\/types\/product"}],"replies":[{"embeddable":true,"href":"https:\/\/zooprekes24.lt\/et\/wp-json\/wp\/v2\/comments?post=44249"}],"wp:featuredmedia":[{"embeddable":true,"href":"https:\/\/zooprekes24.lt\/et\/wp-json\/wp\/v2\/media\/44257"}],"wp:attachment":[{"href":"https:\/\/zooprekes24.lt\/et\/wp-json\/wp\/v2\/media?parent=44249"}],"wp:term":[{"taxonomy":"product_brand","embeddable":true,"href":"https:\/\/zooprekes24.lt\/et\/wp-json\/wp\/v2\/product_brand?post=44249"},{"taxonomy":"product_cat","embeddable":true,"href":"https:\/\/zooprekes24.lt\/et\/wp-json\/wp\/v2\/product_cat?post=44249"},{"taxonomy":"product_tag","embeddable":true,"href":"https:\/\/zooprekes24.lt\/et\/wp-json\/wp\/v2\/product_tag?post=44249"}],"curies":[{"name":"wp","href":"https:\/\/api.w.org\/{rel}","templated":true}]}}