{"id":44132,"date":"2026-01-13T11:17:30","date_gmt":"2026-01-13T09:17:30","guid":{"rendered":"https:\/\/zooprekes24.lt\/?post_type=product&#038;p=44132"},"modified":"2026-01-30T13:20:31","modified_gmt":"2026-01-30T11:20:31","slug":"brit-veterinary-diets-cardio-renal-sausas-maistas-sunims-2kg","status":"publish","type":"product","link":"https:\/\/zooprekes24.lt\/et\/produktas\/brit-veterinary-diets-cardio-renal-sausas-maistas-sunims-2kg\/","title":{"rendered":"Brit Veterinary Diets Cardio Renal sausas maistas \u0161unims 2 kg"},"content":{"rendered":"<h3>Brit Veterinary Diets Cardio Renal &#8211; visavertis ir subalansuotas dietinis pa\u0161aras \u0161unims. <span>Skirtas \u0161irdies funkcijos palaikymui l\u0117tinio \u0161irdies nepakankamumo atveju bei inkst\u0173 funkcijos palaikymui ankstyvoje l\u0117tinio inkst\u0173 nepakankamumo faz\u0117je.<\/span><\/h3>\n<h3><span style=\"color: #d19d61;\">Kasutamiseks sobiv kuivtoit:<\/span><\/h3>\n<ul>\n<li>\u0160irdies funkcijos palaikymas l\u0117tinio \u0161irdies nepakankamumo atveju.<\/li>\n<li>Inkst\u0173 funkcijos palaikymas ankstyvoje l\u0117tinio inkst\u0173 nepakankamumo faz\u0117je.<\/li>\n<li>Sausas maistas tinkamas vis\u0173 am\u017eiaus grupi\u0173 ir veisli\u0173 \u0161unims.<\/li>\n<li>Brit Veterinary Diets Cardio Renal sud\u0117tyje n\u0117ra naudojamas glitimas, sojos ar GMO.<\/li>\n<li>Siekiant geriausio ir efektyviausio rezultato rekomenduojama kartu naudoti Brit Veterinary Diets \u0161lapi\u0105 maist\u0105.<\/li>\n<\/ul>\n<p><a ref=\"magnificPopup\" href=\"https:\/\/zooprekes24.lt\/wp-content\/uploads\/Brit-Veterinary-Diets-Grain-free-logo.png\"><img loading=\"lazy\" decoding=\"async\" class=\"alignnone wp-image-16429\" src=\"https:\/\/zooprekes24.lt\/wp-content\/uploads\/Brit-Veterinary-Diets-Grain-free-logo.png\" alt=\"Brit Veterinary Diets teraviljavaba logo\" width=\"150\" height=\"151\" \/><\/a><\/p>","protected":false},"excerpt":{"rendered":"<p>Brit Veterinary Diets Cardio Renal &#8211; visavertis ir subalansuotas dietinis pa\u0161aras \u0161unims. Skirtas \u0161irdies funkcijos palaikymui l\u0117tinio \u0161irdies nepakankamumo atveju bei inkst\u0173 funkcijos palaikymui ankstyvoje l\u0117tinio inkst\u0173 nepakankamumo faz\u0117je. Sausas maistas tinkamas naudojimui: \u0160irdies funkcijos palaikymas l\u0117tinio \u0161irdies nepakankamumo atveju. Inkst\u0173 funkcijos palaikymas ankstyvoje l\u0117tinio inkst\u0173 nepakankamumo faz\u0117je. Sausas maistas tinkamas vis\u0173 am\u017eiaus grupi\u0173 ir&#8230;<\/p>","protected":false},"featured_media":44135,"comment_status":"closed","ping_status":"closed","template":"","meta":{"_acf_changed":false,"slim_seo":{"title":"Brit Veterinary Diets Cardio Renal sausas maistas \u0161unims 2 kg - Zooprekes24","description":"Brit Veterinary Diets Cardio Renal - visavertis ir subalansuotas dietinis pa\u0161aras \u0161unims. Skirtas \u0161irdies funkcijos palaikymui l\u0117tinio \u0161irdies nepakankamumo atv"},"iawp_total_views":2},"product_brand":[],"product_cat":[9232,8999,29,31,9035],"product_tag":[4805],"class_list":{"0":"post-44132","1":"product","2":"type-product","3":"status-publish","4":"has-post-thumbnail","6":"product_cat-brit-veterinary-diets-sunims","7":"product_cat-sunims","8":"product_cat-sunu-maistas","9":"product_cat-sunu-prekiu-gamintojai","10":"product_cat-veterinarine-dieta","11":"product_tag-brit-veterinarinis-maistas-sunims","12":"pa_pasaro-sudetis-darzoves","13":"pa_pasaro-sudetis-kepeneles","14":"pa_pasaro-sudetis-vaisiai","15":"pa_pasaro-sudetis-vistiena","16":"pa_prekiu-zenklai-brit-veterinary-diets","17":"pa_suns-amzius-jauniems","18":"pa_suns-amzius-senjorams","19":"pa_suns-amzius-suaugusiems","20":"pa_suns-amzius-visiems-amziams","21":"pa_veisles-dydis-didelems-veislems","22":"pa_veisles-dydis-mazoms-veislems","23":"pa_veisles-dydis-vidutinems-veislems","24":"pa_veisles-dydis-visu-dydziu-veislems","26":"first","27":"instock","28":"featured","29":"taxable","30":"shipping-taxable","31":"purchasable","32":"product-type-simple"},"acf":[],"_links":{"self":[{"href":"https:\/\/zooprekes24.lt\/et\/wp-json\/wp\/v2\/product\/44132","targetHints":{"allow":["GET"]}}],"collection":[{"href":"https:\/\/zooprekes24.lt\/et\/wp-json\/wp\/v2\/product"}],"about":[{"href":"https:\/\/zooprekes24.lt\/et\/wp-json\/wp\/v2\/types\/product"}],"replies":[{"embeddable":true,"href":"https:\/\/zooprekes24.lt\/et\/wp-json\/wp\/v2\/comments?post=44132"}],"wp:featuredmedia":[{"embeddable":true,"href":"https:\/\/zooprekes24.lt\/et\/wp-json\/wp\/v2\/media\/44135"}],"wp:attachment":[{"href":"https:\/\/zooprekes24.lt\/et\/wp-json\/wp\/v2\/media?parent=44132"}],"wp:term":[{"taxonomy":"product_brand","embeddable":true,"href":"https:\/\/zooprekes24.lt\/et\/wp-json\/wp\/v2\/product_brand?post=44132"},{"taxonomy":"product_cat","embeddable":true,"href":"https:\/\/zooprekes24.lt\/et\/wp-json\/wp\/v2\/product_cat?post=44132"},{"taxonomy":"product_tag","embeddable":true,"href":"https:\/\/zooprekes24.lt\/et\/wp-json\/wp\/v2\/product_tag?post=44132"}],"curies":[{"name":"wp","href":"https:\/\/api.w.org\/{rel}","templated":true}]}}