{"id":44119,"date":"2026-01-13T10:47:52","date_gmt":"2026-01-13T08:47:52","guid":{"rendered":"https:\/\/zooprekes24.lt\/?post_type=product&#038;p=44119"},"modified":"2026-01-30T15:25:33","modified_gmt":"2026-01-30T13:25:33","slug":"brit-veterinary-diets-gastrointestinal-small-breeds-sausas-maistas-sunims-2kg","status":"publish","type":"product","link":"https:\/\/zooprekes24.lt\/et\/produktas\/brit-veterinary-diets-gastrointestinal-small-breeds-sausas-maistas-sunims-2kg\/","title":{"rendered":"Brit Veterinary Diets Gastrointestinal Small Breeds sausas maistas \u0161unims 2 kg"},"content":{"rendered":"<h3>Brit Veterinary Diets Gastrointestinal Small Breeds &#8211; visavertis ir subalansuotas dietinis pa\u0161aras skirtas ma\u017e\u0173 veisli\u0173 (<span>iki 10 kg) <\/span>\u0161unims su skrand\u017eio ir \u017earnyno problemomis.<\/h3>\n<h3><span style=\"color: #b6b6da;\">Kasutamiseks sobiv kuivtoit:<\/span><\/h3>\n<ul>\n<li>Pankreatiidi korral.<\/li>\n<li>Eksokriinses pankrease puudulikkus (EPI).<\/li>\n<li>Krooniline gastroenteriit (k\u00f5hulahtisus, oksendamine).<\/li>\n<li>\u00c4geda gastroenteriidi korral (k\u00f5hulahtisus, oksendamine).<\/li>\n<li>Sausas maistas tinkamas vis\u0173 am\u017eiaus grupi\u0173 ma\u017e\u0173 veisli\u0173 \u0161unims.<\/li>\n<li>Kui teie lemmikloomal on lahtine soolestik ja suurenenud gaaside kogunemine (k\u00f5hupuhitus).<\/li>\n<li>Brit Veterinary Diets Gastrointestinal Small Breeds sud\u0117tyje n\u0117ra naudojamas glitimas, sojos ar GMO.<\/li>\n<li>Siekiant geriausio ir efektyviausio rezultato rekomenduojama kartu naudoti Brit Veterinary Diets \u0161lapi\u0105 maist\u0105.<\/li>\n<\/ul>\n<p><a ref=\"magnificPopup\" href=\"https:\/\/zooprekes24.lt\/wp-content\/uploads\/Brit-Veterinary-Diets-Grain-free-logo.png\"><img loading=\"lazy\" decoding=\"async\" class=\"alignnone wp-image-16429\" src=\"https:\/\/zooprekes24.lt\/wp-content\/uploads\/Brit-Veterinary-Diets-Grain-free-logo.png\" alt=\"Brit Veterinary Diets teraviljavaba logo\" width=\"150\" height=\"151\" \/><\/a><\/p>","protected":false},"excerpt":{"rendered":"<p>Brit Veterinary Diets Gastrointestinal Small Breeds &#8211; visavertis ir subalansuotas dietinis pa\u0161aras skirtas ma\u017e\u0173 veisli\u0173 (iki 10 kg) \u0161unims su skrand\u017eio ir \u017earnyno problemomis. Sausas maistas tinkamas naudojimui: Sergant pankreatitu. Sergant egzokrininiu kasos nepakankamumu (EPI). Sergant l\u0117tiniu gastroenteritu (viduriavimas, v\u0117mimas). Esant \u016bminiam gastroenteritui (viduriavimas, v\u0117mimas). Sausas maistas tinkamas vis\u0173 am\u017eiaus grupi\u0173 ma\u017e\u0173 veisli\u0173 \u0161unims. Jeigu&#8230;<\/p>","protected":false},"featured_media":44129,"comment_status":"closed","ping_status":"closed","template":"","meta":{"_acf_changed":false,"slim_seo":{"title":"Brit Veterinary Diets Gastrointestinal Small Breeds sausas maistas \u0161unims 2 kg - Zooprekes24","description":"Brit Veterinary Diets Gastrointestinal Small Breeds - visavertis ir subalansuotas dietinis pa\u0161aras skirtas ma\u017e\u0173 veisli\u0173 ( iki 10 kg) \u0161unims su skrand\u017eio ir \u017earn"},"iawp_total_views":7},"product_brand":[],"product_cat":[9232,8999,29,31,9035],"product_tag":[],"class_list":{"0":"post-44119","1":"product","2":"type-product","3":"status-publish","4":"has-post-thumbnail","6":"product_cat-brit-veterinary-diets-sunims","7":"product_cat-sunims","8":"product_cat-sunu-maistas","9":"product_cat-sunu-prekiu-gamintojai","10":"product_cat-veterinarine-dieta","11":"pa_pasaro-sudetis-darzoves","12":"pa_pasaro-sudetis-vaisiai","13":"pa_pasaro-sudetis-zuvis","14":"pa_prekiu-zenklai-brit-veterinary-diets","15":"pa_suns-amzius-jauniems","16":"pa_suns-amzius-senjorams","17":"pa_suns-amzius-suaugusiems","18":"pa_suns-amzius-visiems-amziams","19":"pa_veisles-dydis-mazoms-veislems","21":"first","22":"instock","23":"featured","24":"taxable","25":"shipping-taxable","26":"purchasable","27":"product-type-simple"},"acf":[],"_links":{"self":[{"href":"https:\/\/zooprekes24.lt\/et\/wp-json\/wp\/v2\/product\/44119","targetHints":{"allow":["GET"]}}],"collection":[{"href":"https:\/\/zooprekes24.lt\/et\/wp-json\/wp\/v2\/product"}],"about":[{"href":"https:\/\/zooprekes24.lt\/et\/wp-json\/wp\/v2\/types\/product"}],"replies":[{"embeddable":true,"href":"https:\/\/zooprekes24.lt\/et\/wp-json\/wp\/v2\/comments?post=44119"}],"wp:featuredmedia":[{"embeddable":true,"href":"https:\/\/zooprekes24.lt\/et\/wp-json\/wp\/v2\/media\/44129"}],"wp:attachment":[{"href":"https:\/\/zooprekes24.lt\/et\/wp-json\/wp\/v2\/media?parent=44119"}],"wp:term":[{"taxonomy":"product_brand","embeddable":true,"href":"https:\/\/zooprekes24.lt\/et\/wp-json\/wp\/v2\/product_brand?post=44119"},{"taxonomy":"product_cat","embeddable":true,"href":"https:\/\/zooprekes24.lt\/et\/wp-json\/wp\/v2\/product_cat?post=44119"},{"taxonomy":"product_tag","embeddable":true,"href":"https:\/\/zooprekes24.lt\/et\/wp-json\/wp\/v2\/product_tag?post=44119"}],"curies":[{"name":"wp","href":"https:\/\/api.w.org\/{rel}","templated":true}]}}