{"id":44077,"date":"2026-01-12T15:22:38","date_gmt":"2026-01-12T13:22:38","guid":{"rendered":"https:\/\/zooprekes24.lt\/?post_type=product&#038;p=44077"},"modified":"2026-01-30T16:19:40","modified_gmt":"2026-01-30T14:19:40","slug":"brit-care-haircare-salmon-turkey-raw-delights-sausas-maistas-katems-su-saltyje-isdziovintais-mesos-gabaleliais-2kg","status":"publish","type":"product","link":"https:\/\/zooprekes24.lt\/et\/produktas\/brit-care-haircare-salmon-turkey-raw-delights-sausas-maistas-katems-su-saltyje-isdziovintais-mesos-gabaleliais-2kg\/","title":{"rendered":"Brit Care Haircare Salmon &#038; Turkey Raw Delights sausas maistas kat\u0117ms, su \u0161altyje i\u0161d\u017eiovintais m\u0117sos gabal\u0117liais, 2 kg"},"content":{"rendered":"<ul>\n<li>Hipoalergin\u0117 formul\u0117.<\/li>\n<li>Sveika oda ir blizgus kailis.<\/li>\n<li>Tinka ilgaplauk\u0117ms kat\u0117ms.<\/li>\n<li>Plauk\u0173 gumul\u0117li\u0173 ma\u017einimas.<\/li>\n<li>Puikiai tinka itin i\u0161rankioms kat\u0117ms.<\/li>\n<li>Sauso pa\u0161aro ir \u0161altyje d\u017eiovintos m\u0117sos gabal\u0117li\u0173 derinys.<\/li>\n<li>Padeda palaikyti stipr\u0173 imunitet\u0105 ir ger\u0105 vir\u0161kinim\u0105.<\/li>\n<\/ul>","protected":false},"excerpt":{"rendered":"<p>Hipoalergin\u0117 formul\u0117. Sveika oda ir blizgus kailis. Tinka ilgaplauk\u0117ms kat\u0117ms. Plauk\u0173 gumul\u0117li\u0173 ma\u017einimas. Puikiai tinka itin i\u0161rankioms kat\u0117ms. Sauso pa\u0161aro ir \u0161altyje d\u017eiovintos m\u0117sos gabal\u0117li\u0173 derinys. Padeda palaikyti stipr\u0173 imunitet\u0105 ir ger\u0105 vir\u0161kinim\u0105.<\/p>","protected":false},"featured_media":44078,"comment_status":"closed","ping_status":"closed","template":"","meta":{"_acf_changed":false,"slim_seo":{"title":"Brit Care Haircare Salmon & Turkey Raw Delights sausas maistas kat\u0117ms, su \u0161altyje i\u0161d\u017eiovintais m\u0117sos gabal\u0117liais, 2 kg - Zooprekes24","description":"Hipoalergin\u0117 formul\u0117. Sveika oda ir blizgus kailis. Tinka ilgaplauk\u0117ms kat\u0117ms. Plauk\u0173 gumul\u0117li\u0173 ma\u017einimas. Puikiai tinka itin i\u0161rankioms kat\u0117ms. Sauso pa\u0161aro ir"},"iawp_total_views":6},"product_brand":[],"product_cat":[9027,9047,72,83,25,9016],"product_tag":[1671,1845,1926,1817,1675,1682,1850,1928,1696],"class_list":{"0":"post-44077","1":"product","2":"type-product","3":"status-publish","4":"has-post-thumbnail","6":"product_cat-begrudis-maistas-kaciu-maistas","7":"product_cat-brit-care-kaciu-prekiu-gamintojai","8":"product_cat-kaciu-maistas","9":"product_cat-kaciu-prekiu-gamintojai","10":"product_cat-katems","11":"product_cat-sausas-maistas-kaciu-maistas","12":"product_tag-begrudis-kaciu-maistas","13":"product_tag-brit-care-sterilizuotoms-katems","14":"product_tag-brit-sterilizuotiems","15":"product_tag-edalas-katems","16":"product_tag-kaciu-edalas","17":"product_tag-kaciu-maistas-super-premium-klases","18":"product_tag-kates-slapimo-takams","19":"product_tag-maistas-sterilizuotai-katei","20":"product_tag-super-premium-maistas-katems","21":"pa_pasaro-sudetis-darzoves","22":"pa_pasaro-sudetis-kalakutiena","23":"pa_pasaro-sudetis-lasisa","24":"pa_pasaro-sudetis-vaisiai","25":"pa_pasaro-sudetis-zuvis","26":"pa_prekiu-zenklai-brit-care","28":"first","29":"instock","30":"featured","31":"taxable","32":"shipping-taxable","33":"purchasable","34":"product-type-simple"},"acf":[],"_links":{"self":[{"href":"https:\/\/zooprekes24.lt\/et\/wp-json\/wp\/v2\/product\/44077","targetHints":{"allow":["GET"]}}],"collection":[{"href":"https:\/\/zooprekes24.lt\/et\/wp-json\/wp\/v2\/product"}],"about":[{"href":"https:\/\/zooprekes24.lt\/et\/wp-json\/wp\/v2\/types\/product"}],"replies":[{"embeddable":true,"href":"https:\/\/zooprekes24.lt\/et\/wp-json\/wp\/v2\/comments?post=44077"}],"wp:featuredmedia":[{"embeddable":true,"href":"https:\/\/zooprekes24.lt\/et\/wp-json\/wp\/v2\/media\/44078"}],"wp:attachment":[{"href":"https:\/\/zooprekes24.lt\/et\/wp-json\/wp\/v2\/media?parent=44077"}],"wp:term":[{"taxonomy":"product_brand","embeddable":true,"href":"https:\/\/zooprekes24.lt\/et\/wp-json\/wp\/v2\/product_brand?post=44077"},{"taxonomy":"product_cat","embeddable":true,"href":"https:\/\/zooprekes24.lt\/et\/wp-json\/wp\/v2\/product_cat?post=44077"},{"taxonomy":"product_tag","embeddable":true,"href":"https:\/\/zooprekes24.lt\/et\/wp-json\/wp\/v2\/product_tag?post=44077"}],"curies":[{"name":"wp","href":"https:\/\/api.w.org\/{rel}","templated":true}]}}