{"id":44070,"date":"2026-01-12T15:11:32","date_gmt":"2026-01-12T13:11:32","guid":{"rendered":"https:\/\/zooprekes24.lt\/?post_type=product&#038;p=44070"},"modified":"2026-01-30T16:21:57","modified_gmt":"2026-01-30T14:21:57","slug":"brit-care-sterilized-chicken-raw-delights-sausas-maistas-katems-su-saltyje-isdziovintais-mesos-gabaleliais-2kg","status":"publish","type":"product","link":"https:\/\/zooprekes24.lt\/et\/produktas\/brit-care-sterilized-chicken-raw-delights-sausas-maistas-katems-su-saltyje-isdziovintais-mesos-gabaleliais-2kg\/","title":{"rendered":"Brit Care Sterilized Chicken Raw Delights sausas maistas kat\u0117ms, su \u0161altyje i\u0161d\u017eiovintais m\u0117sos gabal\u0117liais, 2 kg"},"content":{"rendered":"<ul>\n<li>Hipoalergin\u0117 formul\u0117.<\/li>\n<li>Padeda palaikyti imunitet\u0105.<\/li>\n<li>Puikiai tinka itin i\u0161rankioms kat\u0117ms.<\/li>\n<li>Padeda palaikyti \u0161lapimo tak\u0173 sveikat\u0105.<\/li>\n<li>Padeda i\u0161laikyti optimali\u0105 k\u016bno mas\u0119.<\/li>\n<li>Sauso pa\u0161aro ir \u0161altyje i\u0161d\u017eiovintos m\u0117sos gabal\u0117li\u0173 derinys.<\/li>\n<li>Tinka sterilizuotoms ir antsvorio turin\u010dioms kat\u0117ms.<\/li>\n<\/ul>","protected":false},"excerpt":{"rendered":"<p>Hipoalergin\u0117 formul\u0117. Padeda palaikyti imunitet\u0105. Puikiai tinka itin i\u0161rankioms kat\u0117ms. Padeda palaikyti \u0161lapimo tak\u0173 sveikat\u0105. Padeda i\u0161laikyti optimali\u0105 k\u016bno mas\u0119. Sauso pa\u0161aro ir \u0161altyje i\u0161d\u017eiovintos m\u0117sos gabal\u0117li\u0173 derinys. Tinka sterilizuotoms ir antsvorio turin\u010dioms kat\u0117ms.<\/p>","protected":false},"featured_media":44075,"comment_status":"closed","ping_status":"closed","template":"","meta":{"_acf_changed":false,"slim_seo":{"title":"Brit Care Sterilized Chicken Raw Delights sausas maistas kat\u0117ms, su \u0161altyje i\u0161d\u017eiovintais m\u0117sos gabal\u0117liais, 2 kg - Zooprekes24","description":"Hipoalergin\u0117 formul\u0117. Padeda palaikyti imunitet\u0105. Puikiai tinka itin i\u0161rankioms kat\u0117ms. Padeda palaikyti \u0161lapimo tak\u0173 sveikat\u0105. Padeda i\u0161laikyti optimali\u0105 k\u016bno"},"iawp_total_views":4},"product_brand":[],"product_cat":[9027,9047,72,83,25,9016],"product_tag":[1671,1845,1926,1817,1675,1682,1850,1928,1696],"class_list":{"0":"post-44070","1":"product","2":"type-product","3":"status-publish","4":"has-post-thumbnail","6":"product_cat-begrudis-maistas-kaciu-maistas","7":"product_cat-brit-care-kaciu-prekiu-gamintojai","8":"product_cat-kaciu-maistas","9":"product_cat-kaciu-prekiu-gamintojai","10":"product_cat-katems","11":"product_cat-sausas-maistas-kaciu-maistas","12":"product_tag-begrudis-kaciu-maistas","13":"product_tag-brit-care-sterilizuotoms-katems","14":"product_tag-brit-sterilizuotiems","15":"product_tag-edalas-katems","16":"product_tag-kaciu-edalas","17":"product_tag-kaciu-maistas-super-premium-klases","18":"product_tag-kates-slapimo-takams","19":"product_tag-maistas-sterilizuotai-katei","20":"product_tag-super-premium-maistas-katems","21":"pa_pasaro-sudetis-darzoves","22":"pa_pasaro-sudetis-vaisiai","23":"pa_pasaro-sudetis-vistiena","24":"pa_prekiu-zenklai-brit-care","26":"first","27":"instock","28":"featured","29":"taxable","30":"shipping-taxable","31":"purchasable","32":"product-type-simple"},"acf":[],"_links":{"self":[{"href":"https:\/\/zooprekes24.lt\/et\/wp-json\/wp\/v2\/product\/44070","targetHints":{"allow":["GET"]}}],"collection":[{"href":"https:\/\/zooprekes24.lt\/et\/wp-json\/wp\/v2\/product"}],"about":[{"href":"https:\/\/zooprekes24.lt\/et\/wp-json\/wp\/v2\/types\/product"}],"replies":[{"embeddable":true,"href":"https:\/\/zooprekes24.lt\/et\/wp-json\/wp\/v2\/comments?post=44070"}],"wp:featuredmedia":[{"embeddable":true,"href":"https:\/\/zooprekes24.lt\/et\/wp-json\/wp\/v2\/media\/44075"}],"wp:attachment":[{"href":"https:\/\/zooprekes24.lt\/et\/wp-json\/wp\/v2\/media?parent=44070"}],"wp:term":[{"taxonomy":"product_brand","embeddable":true,"href":"https:\/\/zooprekes24.lt\/et\/wp-json\/wp\/v2\/product_brand?post=44070"},{"taxonomy":"product_cat","embeddable":true,"href":"https:\/\/zooprekes24.lt\/et\/wp-json\/wp\/v2\/product_cat?post=44070"},{"taxonomy":"product_tag","embeddable":true,"href":"https:\/\/zooprekes24.lt\/et\/wp-json\/wp\/v2\/product_tag?post=44070"}],"curies":[{"name":"wp","href":"https:\/\/api.w.org\/{rel}","templated":true}]}}