{"id":44065,"date":"2026-01-12T14:43:05","date_gmt":"2026-01-12T12:43:05","guid":{"rendered":"https:\/\/zooprekes24.lt\/?post_type=product&#038;p=44065"},"modified":"2026-03-12T09:48:51","modified_gmt":"2026-03-12T07:48:51","slug":"trixie-znyples-nagams-su-chromuoto-metalo-asmenimis-sunims-katems-ir-kitiems-smulkiems-gyvunams-juodos","status":"publish","type":"product","link":"https:\/\/zooprekes24.lt\/et\/produktas\/trixie-znyples-nagams-su-chromuoto-metalo-asmenimis-sunims-katems-ir-kitiems-smulkiems-gyvunams-juodos\/","title":{"rendered":"Trixie \u017enypl\u0117s nagams, su chromuoto metalo a\u0161menimis, \u0161unims, kat\u0117ms ir kitiems smulkiems gyv\u016bnams, juodos"},"content":{"rendered":"","protected":false},"excerpt":{"rendered":"","protected":false},"featured_media":44067,"comment_status":"closed","ping_status":"closed","template":"","meta":{"_acf_changed":false,"slim_seo":{"title":"Trixie \u017enypl\u0117s nagams, su chromuoto metalo a\u0161menimis, \u0161unims, kat\u0117ms ir kitiems smulkiems gyv\u016bnams, juodos - Zooprekes24","description":""},"iawp_total_views":1},"product_brand":[],"product_cat":[9299,83,25,104,32,9279,9025,9026,8999,31,9219,9222],"product_tag":[],"class_list":{"0":"post-44065","1":"product","2":"type-product","3":"status-publish","4":"has-post-thumbnail","6":"product_cat-grauzikams","7":"product_cat-kaciu-prekiu-gamintojai","8":"product_cat-katems","9":"product_cat-kitos-kaciu-prekes","10":"product_cat-kitos-sunu-prekes","11":"product_cat-pauksciams","12":"product_cat-prieziuros-priemones-katems","13":"product_cat-prieziuros-priemones-sunims","14":"product_cat-sunims","15":"product_cat-sunu-prekiu-gamintojai","16":"product_cat-trixie-sunims","17":"product_cat-trixie-katems","18":"pa_prekiu-zenklai-trixie","20":"first","21":"instock","22":"featured","23":"taxable","24":"shipping-taxable","25":"purchasable","26":"product-type-simple"},"acf":[],"_links":{"self":[{"href":"https:\/\/zooprekes24.lt\/et\/wp-json\/wp\/v2\/product\/44065","targetHints":{"allow":["GET"]}}],"collection":[{"href":"https:\/\/zooprekes24.lt\/et\/wp-json\/wp\/v2\/product"}],"about":[{"href":"https:\/\/zooprekes24.lt\/et\/wp-json\/wp\/v2\/types\/product"}],"replies":[{"embeddable":true,"href":"https:\/\/zooprekes24.lt\/et\/wp-json\/wp\/v2\/comments?post=44065"}],"wp:featuredmedia":[{"embeddable":true,"href":"https:\/\/zooprekes24.lt\/et\/wp-json\/wp\/v2\/media\/44067"}],"wp:attachment":[{"href":"https:\/\/zooprekes24.lt\/et\/wp-json\/wp\/v2\/media?parent=44065"}],"wp:term":[{"taxonomy":"product_brand","embeddable":true,"href":"https:\/\/zooprekes24.lt\/et\/wp-json\/wp\/v2\/product_brand?post=44065"},{"taxonomy":"product_cat","embeddable":true,"href":"https:\/\/zooprekes24.lt\/et\/wp-json\/wp\/v2\/product_cat?post=44065"},{"taxonomy":"product_tag","embeddable":true,"href":"https:\/\/zooprekes24.lt\/et\/wp-json\/wp\/v2\/product_tag?post=44065"}],"curies":[{"name":"wp","href":"https:\/\/api.w.org\/{rel}","templated":true}]}}