{"id":43960,"date":"2026-01-08T16:55:12","date_gmt":"2026-01-08T14:55:12","guid":{"rendered":"https:\/\/zooprekes24.lt\/?post_type=product&#038;p=43960"},"modified":"2026-01-12T10:08:46","modified_gmt":"2026-01-12T08:08:46","slug":"trixie-universalios-sukos-poplaukiui-salinti-ir-kailiui-retinti-su-metaliniais-dantukais-iv-dydziu-juodos-su-melynu","status":"publish","type":"product","link":"https:\/\/zooprekes24.lt\/et\/produktas\/trixie-universalios-sukos-poplaukiui-salinti-ir-kailiui-retinti-su-metaliniais-dantukais-iv-dydziu-juodos-su-melynu\/","title":{"rendered":"Trixie universalios \u0161ukos poplaukiui \u0161alinti ir kailiui retinti, su metaliniais dantukais, \u012fv. dyd\u017ei\u0173, juodos su m\u0117lynu"},"content":{"rendered":"","protected":false},"excerpt":{"rendered":"","protected":false},"featured_media":43964,"comment_status":"closed","ping_status":"closed","template":"","meta":{"_acf_changed":false,"slim_seo":{"title":"Trixie universalios \u0161ukos poplaukiui \u0161alinti ir kailiui retinti, su metaliniais dantukais, \u012fv. dyd\u017ei\u0173, juodos su m\u0117lynu - Zooprekes24","description":""},"iawp_total_views":8},"product_brand":[],"product_cat":[83,25,104,32,9025,9026,8999,31,9219,9222],"product_tag":[],"class_list":{"0":"post-43960","1":"product","2":"type-product","3":"status-publish","4":"has-post-thumbnail","6":"product_cat-kaciu-prekiu-gamintojai","7":"product_cat-katems","8":"product_cat-kitos-kaciu-prekes","9":"product_cat-kitos-sunu-prekes","10":"product_cat-prieziuros-priemones-katems","11":"product_cat-prieziuros-priemones-sunims","12":"product_cat-sunims","13":"product_cat-sunu-prekiu-gamintojai","14":"product_cat-trixie-sunims","15":"product_cat-trixie-katems","16":"pa_prekiu-zenklai-trixie","18":"first","19":"instock","20":"featured","21":"taxable","22":"shipping-taxable","23":"purchasable","24":"product-type-variable"},"acf":[],"_links":{"self":[{"href":"https:\/\/zooprekes24.lt\/et\/wp-json\/wp\/v2\/product\/43960","targetHints":{"allow":["GET"]}}],"collection":[{"href":"https:\/\/zooprekes24.lt\/et\/wp-json\/wp\/v2\/product"}],"about":[{"href":"https:\/\/zooprekes24.lt\/et\/wp-json\/wp\/v2\/types\/product"}],"replies":[{"embeddable":true,"href":"https:\/\/zooprekes24.lt\/et\/wp-json\/wp\/v2\/comments?post=43960"}],"wp:featuredmedia":[{"embeddable":true,"href":"https:\/\/zooprekes24.lt\/et\/wp-json\/wp\/v2\/media\/43964"}],"wp:attachment":[{"href":"https:\/\/zooprekes24.lt\/et\/wp-json\/wp\/v2\/media?parent=43960"}],"wp:term":[{"taxonomy":"product_brand","embeddable":true,"href":"https:\/\/zooprekes24.lt\/et\/wp-json\/wp\/v2\/product_brand?post=43960"},{"taxonomy":"product_cat","embeddable":true,"href":"https:\/\/zooprekes24.lt\/et\/wp-json\/wp\/v2\/product_cat?post=43960"},{"taxonomy":"product_tag","embeddable":true,"href":"https:\/\/zooprekes24.lt\/et\/wp-json\/wp\/v2\/product_tag?post=43960"}],"curies":[{"name":"wp","href":"https:\/\/api.w.org\/{rel}","templated":true}]}}