{"id":43935,"date":"2026-01-08T15:42:19","date_gmt":"2026-01-08T13:42:19","guid":{"rendered":"https:\/\/zooprekes24.lt\/?post_type=product&#038;p=43935"},"modified":"2026-01-12T21:13:26","modified_gmt":"2026-01-12T19:13:26","slug":"trixie-minkstas-sepetys-virsutiniam-kailio-sluoksniui-ir-poplaukiui-su-plastmasiniais-dantukais-juodas-su-melynu","status":"publish","type":"product","link":"https:\/\/zooprekes24.lt\/et\/produktas\/trixie-minkstas-sepetys-virsutiniam-kailio-sluoksniui-ir-poplaukiui-su-plastmasiniais-dantukais-juodas-su-melynu\/","title":{"rendered":"Trixie mink\u0161tas \u0161epetys vir\u0161utiniam kailio sluoksniui ir poplaukiui, su plastmasiniais dantukais, juodas su m\u0117lynu"},"content":{"rendered":"","protected":false},"excerpt":{"rendered":"","protected":false},"featured_media":43936,"comment_status":"closed","ping_status":"closed","template":"","meta":{"_acf_changed":false,"slim_seo":{"title":"Trixie mink\u0161tas \u0161epetys vir\u0161utiniam kailio sluoksniui ir poplaukiui, su plastmasiniais dantukais, juodas su m\u0117lynu - Zooprekes24","description":""},"iawp_total_views":12},"product_brand":[],"product_cat":[83,25,104,32,9025,9026,8999,31,9219,9222],"product_tag":[],"class_list":{"0":"post-43935","1":"product","2":"type-product","3":"status-publish","4":"has-post-thumbnail","6":"product_cat-kaciu-prekiu-gamintojai","7":"product_cat-katems","8":"product_cat-kitos-kaciu-prekes","9":"product_cat-kitos-sunu-prekes","10":"product_cat-prieziuros-priemones-katems","11":"product_cat-prieziuros-priemones-sunims","12":"product_cat-sunims","13":"product_cat-sunu-prekiu-gamintojai","14":"product_cat-trixie-sunims","15":"product_cat-trixie-katems","16":"pa_prekiu-zenklai-trixie","18":"first","19":"instock","20":"featured","21":"taxable","22":"shipping-taxable","23":"purchasable","24":"product-type-simple"},"acf":[],"_links":{"self":[{"href":"https:\/\/zooprekes24.lt\/et\/wp-json\/wp\/v2\/product\/43935","targetHints":{"allow":["GET"]}}],"collection":[{"href":"https:\/\/zooprekes24.lt\/et\/wp-json\/wp\/v2\/product"}],"about":[{"href":"https:\/\/zooprekes24.lt\/et\/wp-json\/wp\/v2\/types\/product"}],"replies":[{"embeddable":true,"href":"https:\/\/zooprekes24.lt\/et\/wp-json\/wp\/v2\/comments?post=43935"}],"wp:featuredmedia":[{"embeddable":true,"href":"https:\/\/zooprekes24.lt\/et\/wp-json\/wp\/v2\/media\/43936"}],"wp:attachment":[{"href":"https:\/\/zooprekes24.lt\/et\/wp-json\/wp\/v2\/media?parent=43935"}],"wp:term":[{"taxonomy":"product_brand","embeddable":true,"href":"https:\/\/zooprekes24.lt\/et\/wp-json\/wp\/v2\/product_brand?post=43935"},{"taxonomy":"product_cat","embeddable":true,"href":"https:\/\/zooprekes24.lt\/et\/wp-json\/wp\/v2\/product_cat?post=43935"},{"taxonomy":"product_tag","embeddable":true,"href":"https:\/\/zooprekes24.lt\/et\/wp-json\/wp\/v2\/product_tag?post=43935"}],"curies":[{"name":"wp","href":"https:\/\/api.w.org\/{rel}","templated":true}]}}