{"id":43887,"date":"2026-01-07T15:43:50","date_gmt":"2026-01-07T13:43:50","guid":{"rendered":"https:\/\/zooprekes24.lt\/?post_type=product&#038;p=43887"},"modified":"2026-01-07T18:33:23","modified_gmt":"2026-01-07T16:33:23","slug":"gimcat-zaislas-katems-minkstas-kamuoliukas-su-plunksnomis-su-katzole-iv-spalvu","status":"publish","type":"product","link":"https:\/\/zooprekes24.lt\/et\/produktas\/gimcat-zaislas-katems-minkstas-kamuoliukas-su-plunksnomis-su-katzole-iv-spalvu\/","title":{"rendered":"GimCat \u017eaislas kat\u0117ms mink\u0161tas kamuoliukas su plunksnomis, su kat\u017eole, \u012fv. spalv\u0173"},"content":{"rendered":"","protected":false},"excerpt":{"rendered":"","protected":false},"featured_media":43888,"comment_status":"closed","ping_status":"closed","template":"","meta":{"_acf_changed":false,"slim_seo":{"title":"GimCat \u017eaislas kat\u0117ms mink\u0161tas kamuoliukas su plunksnomis, su kat\u017eole, \u012fv. spalv\u0173 - Zooprekes24","description":""},"iawp_total_views":3},"product_brand":[],"product_cat":[9271,83,25,104,9238],"product_tag":[],"class_list":{"0":"post-43887","1":"product","2":"type-product","3":"status-publish","4":"has-post-thumbnail","6":"product_cat-gimcat-katems","7":"product_cat-kaciu-prekiu-gamintojai","8":"product_cat-katems","9":"product_cat-kitos-kaciu-prekes","10":"product_cat-zaislai-katems","11":"pa_prekiu-zenklai-gimborn","12":"pa_zaislo-tipas-su-katzole","14":"first","15":"instock","16":"featured","17":"taxable","18":"shipping-taxable","19":"purchasable","20":"product-type-simple"},"acf":[],"_links":{"self":[{"href":"https:\/\/zooprekes24.lt\/et\/wp-json\/wp\/v2\/product\/43887","targetHints":{"allow":["GET"]}}],"collection":[{"href":"https:\/\/zooprekes24.lt\/et\/wp-json\/wp\/v2\/product"}],"about":[{"href":"https:\/\/zooprekes24.lt\/et\/wp-json\/wp\/v2\/types\/product"}],"replies":[{"embeddable":true,"href":"https:\/\/zooprekes24.lt\/et\/wp-json\/wp\/v2\/comments?post=43887"}],"wp:featuredmedia":[{"embeddable":true,"href":"https:\/\/zooprekes24.lt\/et\/wp-json\/wp\/v2\/media\/43888"}],"wp:attachment":[{"href":"https:\/\/zooprekes24.lt\/et\/wp-json\/wp\/v2\/media?parent=43887"}],"wp:term":[{"taxonomy":"product_brand","embeddable":true,"href":"https:\/\/zooprekes24.lt\/et\/wp-json\/wp\/v2\/product_brand?post=43887"},{"taxonomy":"product_cat","embeddable":true,"href":"https:\/\/zooprekes24.lt\/et\/wp-json\/wp\/v2\/product_cat?post=43887"},{"taxonomy":"product_tag","embeddable":true,"href":"https:\/\/zooprekes24.lt\/et\/wp-json\/wp\/v2\/product_tag?post=43887"}],"curies":[{"name":"wp","href":"https:\/\/api.w.org\/{rel}","templated":true}]}}