{"id":43884,"date":"2026-01-07T15:27:46","date_gmt":"2026-01-07T13:27:46","guid":{"rendered":"https:\/\/zooprekes24.lt\/?post_type=product&#038;p=43884"},"modified":"2026-01-12T14:30:22","modified_gmt":"2026-01-12T12:30:22","slug":"gimcat-energy-pasta-katems-palaiko-kasdiene-energija-ir-gera-savijauta-50g","status":"publish","type":"product","link":"https:\/\/zooprekes24.lt\/et\/produktas\/gimcat-energy-pasta-katems-palaiko-kasdiene-energija-ir-gera-savijauta-50g\/","title":{"rendered":"GimCat Energy pasta kat\u0117ms, palaiko kasdien\u0119 energij\u0105 ir ger\u0105 savijaut\u0105, 50 g"},"content":{"rendered":"<ul>\n<li><span>Palaiko energij\u0105 ir gyvybingum\u0105.<\/span><\/li>\n<li><span>Padeda kompensuoti padid\u0117jus\u012f energijos poreik\u012f aktyvioms ar atsigaunan\u010dioms kat\u0117ms.<\/span><\/li>\n<li><span>Sud\u0117tyje esantys vitaminai ir maistin\u0117s med\u017eiagos palaiko bendr\u0105 savijaut\u0105.<\/span><\/li>\n<li><span>Tinka kasdieniam naudojimui kaip papildoma mitybos dalis.<\/span><\/li>\n<\/ul>","protected":false},"excerpt":{"rendered":"<p>Palaiko energij\u0105 ir gyvybingum\u0105. Padeda kompensuoti padid\u0117jus\u012f energijos poreik\u012f aktyvioms ar atsigaunan\u010dioms kat\u0117ms. Sud\u0117tyje esantys vitaminai ir maistin\u0117s med\u017eiagos palaiko bendr\u0105 savijaut\u0105. Tinka kasdieniam naudojimui kaip papildoma mitybos dalis.<\/p>","protected":false},"featured_media":43885,"comment_status":"closed","ping_status":"closed","template":"","meta":{"_acf_changed":false,"slim_seo":{"title":"GimCat Energy pasta kat\u0117ms, palaiko kasdien\u0119 energij\u0105 ir ger\u0105 savijaut\u0105, 50 g - Zooprekes24","description":"Palaiko energij\u0105 ir gyvybingum\u0105. Padeda kompensuoti padid\u0117jus\u012f energijos poreik\u012f aktyvioms ar atsigaunan\u010dioms kat\u0117ms. Sud\u0117tyje esantys vitaminai ir maistin\u0117s me"},"iawp_total_views":10},"product_brand":[],"product_cat":[9271,83,25,104,9017],"product_tag":[],"class_list":{"0":"post-43884","1":"product","2":"type-product","3":"status-publish","4":"has-post-thumbnail","6":"product_cat-gimcat-katems","7":"product_cat-kaciu-prekiu-gamintojai","8":"product_cat-katems","9":"product_cat-kitos-kaciu-prekes","10":"product_cat-vitaminai-ir-papildai-katems","11":"pa_prekiu-zenklai-gimborn","13":"first","14":"instock","15":"featured","16":"taxable","17":"shipping-taxable","18":"purchasable","19":"product-type-simple"},"acf":[],"_links":{"self":[{"href":"https:\/\/zooprekes24.lt\/et\/wp-json\/wp\/v2\/product\/43884","targetHints":{"allow":["GET"]}}],"collection":[{"href":"https:\/\/zooprekes24.lt\/et\/wp-json\/wp\/v2\/product"}],"about":[{"href":"https:\/\/zooprekes24.lt\/et\/wp-json\/wp\/v2\/types\/product"}],"replies":[{"embeddable":true,"href":"https:\/\/zooprekes24.lt\/et\/wp-json\/wp\/v2\/comments?post=43884"}],"wp:featuredmedia":[{"embeddable":true,"href":"https:\/\/zooprekes24.lt\/et\/wp-json\/wp\/v2\/media\/43885"}],"wp:attachment":[{"href":"https:\/\/zooprekes24.lt\/et\/wp-json\/wp\/v2\/media?parent=43884"}],"wp:term":[{"taxonomy":"product_brand","embeddable":true,"href":"https:\/\/zooprekes24.lt\/et\/wp-json\/wp\/v2\/product_brand?post=43884"},{"taxonomy":"product_cat","embeddable":true,"href":"https:\/\/zooprekes24.lt\/et\/wp-json\/wp\/v2\/product_cat?post=43884"},{"taxonomy":"product_tag","embeddable":true,"href":"https:\/\/zooprekes24.lt\/et\/wp-json\/wp\/v2\/product_tag?post=43884"}],"curies":[{"name":"wp","href":"https:\/\/api.w.org\/{rel}","templated":true}]}}