{"id":43882,"date":"2026-01-07T15:14:18","date_gmt":"2026-01-07T13:14:18","guid":{"rendered":"https:\/\/zooprekes24.lt\/?post_type=product&#038;p=43882"},"modified":"2026-01-12T14:29:51","modified_gmt":"2026-01-12T12:29:51","slug":"gimcat-ut-balance-pasta-katems-palaiko-sveika-slapimo-taku-veikla-50g","status":"publish","type":"product","link":"https:\/\/zooprekes24.lt\/et\/produktas\/gimcat-ut-balance-pasta-katems-palaiko-sveika-slapimo-taku-veikla-50g\/","title":{"rendered":"GimCat UT Balance pasta kat\u0117ms, palaiko sveik\u0105 \u0161lapimo tak\u0173 veikl\u0105, 50 g"},"content":{"rendered":"<ul>\n<li><span>Palaiko \u0161lapimo tak\u0173 sveikat\u0105 ir padeda palaikyti optimal\u0173 \u0161lapimo pH.<\/span><\/li>\n<li><span>Padeda ma\u017einti kristal\u0173 susidarymo rizik\u0105.<\/span><\/li>\n<li><span>Tinka kasdieniam naudojimui, ypa\u010d kat\u0117ms, linkusioms \u012f \u0161lapimo tak\u0173 jautrum\u0105.<\/span><\/li>\n<\/ul>","protected":false},"excerpt":{"rendered":"<p>Palaiko \u0161lapimo tak\u0173 sveikat\u0105 ir padeda palaikyti optimal\u0173 \u0161lapimo pH. Padeda ma\u017einti kristal\u0173 susidarymo rizik\u0105. Tinka kasdieniam naudojimui, ypa\u010d kat\u0117ms, linkusioms \u012f \u0161lapimo tak\u0173 jautrum\u0105.<\/p>","protected":false},"featured_media":43883,"comment_status":"closed","ping_status":"closed","template":"","meta":{"_acf_changed":false,"slim_seo":{"title":"GimCat UT Balance pasta kat\u0117ms, palaiko sveik\u0105 \u0161lapimo tak\u0173 veikl\u0105, 50 g - Zooprekes24","description":"Palaiko \u0161lapimo tak\u0173 sveikat\u0105 ir padeda palaikyti optimal\u0173 \u0161lapimo pH. Padeda ma\u017einti kristal\u0173 susidarymo rizik\u0105. Tinka kasdieniam naudojimui, ypa\u010d kat\u0117ms, link"},"iawp_total_views":8},"product_brand":[],"product_cat":[9271,83,25,104,9017],"product_tag":[],"class_list":{"0":"post-43882","1":"product","2":"type-product","3":"status-publish","4":"has-post-thumbnail","6":"product_cat-gimcat-katems","7":"product_cat-kaciu-prekiu-gamintojai","8":"product_cat-katems","9":"product_cat-kitos-kaciu-prekes","10":"product_cat-vitaminai-ir-papildai-katems","11":"pa_prekiu-zenklai-gimborn","13":"first","14":"instock","15":"featured","16":"taxable","17":"shipping-taxable","18":"purchasable","19":"product-type-simple"},"acf":[],"_links":{"self":[{"href":"https:\/\/zooprekes24.lt\/et\/wp-json\/wp\/v2\/product\/43882","targetHints":{"allow":["GET"]}}],"collection":[{"href":"https:\/\/zooprekes24.lt\/et\/wp-json\/wp\/v2\/product"}],"about":[{"href":"https:\/\/zooprekes24.lt\/et\/wp-json\/wp\/v2\/types\/product"}],"replies":[{"embeddable":true,"href":"https:\/\/zooprekes24.lt\/et\/wp-json\/wp\/v2\/comments?post=43882"}],"wp:featuredmedia":[{"embeddable":true,"href":"https:\/\/zooprekes24.lt\/et\/wp-json\/wp\/v2\/media\/43883"}],"wp:attachment":[{"href":"https:\/\/zooprekes24.lt\/et\/wp-json\/wp\/v2\/media?parent=43882"}],"wp:term":[{"taxonomy":"product_brand","embeddable":true,"href":"https:\/\/zooprekes24.lt\/et\/wp-json\/wp\/v2\/product_brand?post=43882"},{"taxonomy":"product_cat","embeddable":true,"href":"https:\/\/zooprekes24.lt\/et\/wp-json\/wp\/v2\/product_cat?post=43882"},{"taxonomy":"product_tag","embeddable":true,"href":"https:\/\/zooprekes24.lt\/et\/wp-json\/wp\/v2\/product_tag?post=43882"}],"curies":[{"name":"wp","href":"https:\/\/api.w.org\/{rel}","templated":true}]}}