{"id":43875,"date":"2026-01-07T14:40:31","date_gmt":"2026-01-07T12:40:31","guid":{"rendered":"https:\/\/zooprekes24.lt\/?post_type=product&#038;p=43875"},"modified":"2026-01-12T14:28:23","modified_gmt":"2026-01-12T12:28:23","slug":"gimcat-gastrointestinal-pasta-katems-skatina-sveika-virskinimo-ir-zarnyno-veikla-50g","status":"publish","type":"product","link":"https:\/\/zooprekes24.lt\/et\/produktas\/gimcat-gastrointestinal-pasta-katems-skatina-sveika-virskinimo-ir-zarnyno-veikla-50g\/","title":{"rendered":"GimCat Gastrointestinal pasta kat\u0117ms, skatina sveik\u0105 vir\u0161kinimo ir \u017earnyno veikl\u0105, 50 g"},"content":{"rendered":"<ul>\n<li><span>Guobos \u017eiev\u0117, d\u017eiovinta \u017eol\u0117 ir beta-gliukanai padeda suma\u017einti vir\u0161kinimo trakto dirginim\u0105 bei palaiko jo komfort\u0105.<\/span><\/li>\n<li><span>Skaidulos i\u0161 balk\u0161vojo gyslo\u010dio s\u0117kl\u0173 luobeli\u0173 kartu su prebiotikais TGOS padeda reguliuoti \u017earnyno veikl\u0105 ir palaikyti sveik\u0105 vir\u0161kinim\u0105.<\/span><\/li>\n<\/ul>","protected":false},"excerpt":{"rendered":"<p>Guobos \u017eiev\u0117, d\u017eiovinta \u017eol\u0117 ir beta-gliukanai padeda suma\u017einti vir\u0161kinimo trakto dirginim\u0105 bei palaiko jo komfort\u0105. Skaidulos i\u0161 balk\u0161vojo gyslo\u010dio s\u0117kl\u0173 luobeli\u0173 kartu su prebiotikais TGOS padeda reguliuoti \u017earnyno veikl\u0105 ir palaikyti sveik\u0105 vir\u0161kinim\u0105.<\/p>","protected":false},"featured_media":43876,"comment_status":"closed","ping_status":"closed","template":"","meta":{"_acf_changed":false,"slim_seo":{"title":"GimCat Gastrointestinal pasta kat\u0117ms, skatina sveik\u0105 vir\u0161kinimo ir \u017earnyno veikl\u0105, 50 g - Zooprekes24","description":"Guobos \u017eiev\u0117, d\u017eiovinta \u017eol\u0117 ir beta-gliukanai padeda suma\u017einti vir\u0161kinimo trakto dirginim\u0105 bei palaiko jo komfort\u0105. Skaidulos i\u0161 balk\u0161vojo gyslo\u010dio s\u0117kl\u0173 luobe"},"iawp_total_views":30},"product_brand":[],"product_cat":[9271,83,25,104,9017],"product_tag":[],"class_list":{"0":"post-43875","1":"product","2":"type-product","3":"status-publish","4":"has-post-thumbnail","6":"product_cat-gimcat-katems","7":"product_cat-kaciu-prekiu-gamintojai","8":"product_cat-katems","9":"product_cat-kitos-kaciu-prekes","10":"product_cat-vitaminai-ir-papildai-katems","11":"pa_prekiu-zenklai-gimborn","13":"first","14":"instock","15":"featured","16":"taxable","17":"shipping-taxable","18":"purchasable","19":"product-type-simple"},"acf":[],"_links":{"self":[{"href":"https:\/\/zooprekes24.lt\/et\/wp-json\/wp\/v2\/product\/43875","targetHints":{"allow":["GET"]}}],"collection":[{"href":"https:\/\/zooprekes24.lt\/et\/wp-json\/wp\/v2\/product"}],"about":[{"href":"https:\/\/zooprekes24.lt\/et\/wp-json\/wp\/v2\/types\/product"}],"replies":[{"embeddable":true,"href":"https:\/\/zooprekes24.lt\/et\/wp-json\/wp\/v2\/comments?post=43875"}],"wp:featuredmedia":[{"embeddable":true,"href":"https:\/\/zooprekes24.lt\/et\/wp-json\/wp\/v2\/media\/43876"}],"wp:attachment":[{"href":"https:\/\/zooprekes24.lt\/et\/wp-json\/wp\/v2\/media?parent=43875"}],"wp:term":[{"taxonomy":"product_brand","embeddable":true,"href":"https:\/\/zooprekes24.lt\/et\/wp-json\/wp\/v2\/product_brand?post=43875"},{"taxonomy":"product_cat","embeddable":true,"href":"https:\/\/zooprekes24.lt\/et\/wp-json\/wp\/v2\/product_cat?post=43875"},{"taxonomy":"product_tag","embeddable":true,"href":"https:\/\/zooprekes24.lt\/et\/wp-json\/wp\/v2\/product_tag?post=43875"}],"curies":[{"name":"wp","href":"https:\/\/api.w.org\/{rel}","templated":true}]}}