{"id":43864,"date":"2026-01-07T14:16:11","date_gmt":"2026-01-07T12:16:11","guid":{"rendered":"https:\/\/zooprekes24.lt\/?post_type=product&#038;p=43864"},"modified":"2026-01-12T14:27:38","modified_gmt":"2026-01-12T12:27:38","slug":"gimcat-kitten-pasta-kaciukams-palaiko-sveika-augima-ir-kaulu-formavimasi-50g","status":"publish","type":"product","link":"https:\/\/zooprekes24.lt\/et\/produktas\/gimcat-kitten-pasta-kaciukams-palaiko-sveika-augima-ir-kaulu-formavimasi-50g\/","title":{"rendered":"GimCat Kitten pasta ka\u010diukams, palaiko sveik\u0105 augim\u0105 ir kaul\u0173 formavim\u0105si, 50 g"},"content":{"rendered":"<ul>\n<li>12 vitamin\u0173, mikroelement\u0173 ir mineral\u0173, stiprina ka\u010diuk\u0173 imunin\u0119 sistem\u0105.<\/li>\n<li>Lin\u0173 s\u0117men\u0173 aliejus ir \u017euv\u0173 taukai &#8211; l\u0105steli\u0173 apsaugai.<\/li>\n<li>Salyklas ir aliejai skatina praryjam\u0173 plauk\u0173 i\u0161siskyrim\u0105 ir palaiko vir\u0161kinimo sistem\u0105.<\/li>\n<li>Taurinas &#8211; reg\u0117jimui ir \u0161irdies veiklai stiprinti.<\/li>\n<li>Kiau\u0161inio trynys, kad b\u016bt\u0173 patenkintas b\u016btinasis arachidono r\u016bg\u0161ties poreikis.<\/li>\n<\/ul>","protected":false},"excerpt":{"rendered":"<p>12 vitamin\u0173, mikroelement\u0173 ir mineral\u0173, stiprina ka\u010diuk\u0173 imunin\u0119 sistem\u0105. Lin\u0173 s\u0117men\u0173 aliejus ir \u017euv\u0173 taukai &#8211; l\u0105steli\u0173 apsaugai. Salyklas ir aliejai skatina praryjam\u0173 plauk\u0173 i\u0161siskyrim\u0105 ir palaiko vir\u0161kinimo sistem\u0105. Taurinas &#8211; reg\u0117jimui ir \u0161irdies veiklai stiprinti. Kiau\u0161inio trynys, kad b\u016bt\u0173 patenkintas b\u016btinasis arachidono r\u016bg\u0161ties poreikis.<\/p>","protected":false},"featured_media":43877,"comment_status":"closed","ping_status":"closed","template":"","meta":{"_acf_changed":false,"slim_seo":{"title":"GimCat Kitten pasta ka\u010diukams, palaiko sveik\u0105 augim\u0105 ir kaul\u0173 formavim\u0105si, 50 g - Zooprekes24","description":"12 vitamin\u0173, mikroelement\u0173 ir mineral\u0173, stiprina ka\u010diuk\u0173 imunin\u0119 sistem\u0105. Lin\u0173 s\u0117men\u0173 aliejus ir \u017euv\u0173 taukai - l\u0105steli\u0173 apsaugai. Salyklas ir aliejai skatina pr"},"iawp_total_views":6},"product_brand":[],"product_cat":[9271,83,25,104,9017],"product_tag":[],"class_list":{"0":"post-43864","1":"product","2":"type-product","3":"status-publish","4":"has-post-thumbnail","6":"product_cat-gimcat-katems","7":"product_cat-kaciu-prekiu-gamintojai","8":"product_cat-katems","9":"product_cat-kitos-kaciu-prekes","10":"product_cat-vitaminai-ir-papildai-katems","11":"pa_prekiu-zenklai-gimborn","13":"first","14":"instock","15":"featured","16":"taxable","17":"shipping-taxable","18":"purchasable","19":"product-type-simple"},"acf":[],"_links":{"self":[{"href":"https:\/\/zooprekes24.lt\/et\/wp-json\/wp\/v2\/product\/43864","targetHints":{"allow":["GET"]}}],"collection":[{"href":"https:\/\/zooprekes24.lt\/et\/wp-json\/wp\/v2\/product"}],"about":[{"href":"https:\/\/zooprekes24.lt\/et\/wp-json\/wp\/v2\/types\/product"}],"replies":[{"embeddable":true,"href":"https:\/\/zooprekes24.lt\/et\/wp-json\/wp\/v2\/comments?post=43864"}],"wp:featuredmedia":[{"embeddable":true,"href":"https:\/\/zooprekes24.lt\/et\/wp-json\/wp\/v2\/media\/43877"}],"wp:attachment":[{"href":"https:\/\/zooprekes24.lt\/et\/wp-json\/wp\/v2\/media?parent=43864"}],"wp:term":[{"taxonomy":"product_brand","embeddable":true,"href":"https:\/\/zooprekes24.lt\/et\/wp-json\/wp\/v2\/product_brand?post=43864"},{"taxonomy":"product_cat","embeddable":true,"href":"https:\/\/zooprekes24.lt\/et\/wp-json\/wp\/v2\/product_cat?post=43864"},{"taxonomy":"product_tag","embeddable":true,"href":"https:\/\/zooprekes24.lt\/et\/wp-json\/wp\/v2\/product_tag?post=43864"}],"curies":[{"name":"wp","href":"https:\/\/api.w.org\/{rel}","templated":true}]}}