{"id":43805,"date":"2026-01-06T12:06:33","date_gmt":"2026-01-06T10:06:33","guid":{"rendered":"https:\/\/zooprekes24.lt\/?post_type=product&#038;p=43805"},"modified":"2026-01-06T16:51:27","modified_gmt":"2026-01-06T14:51:27","slug":"trixie-premio-4-rusiu-mini-minkstu-mesos-kubeliu-rinkinys-tinka-dresurai-skanestai-sunims-400g","status":"publish","type":"product","link":"https:\/\/zooprekes24.lt\/et\/produktas\/trixie-premio-4-rusiu-mini-minkstu-mesos-kubeliu-rinkinys-tinka-dresurai-skanestai-sunims-400g\/","title":{"rendered":"Trixie Premio 4 r\u016b\u0161i\u0173 mini, mink\u0161t\u0173 m\u0117sos kubeli\u0173 rinkinys, tinka dres\u016brai, skan\u0117stai \u0161unims, 400 g"},"content":{"rendered":"","protected":false},"excerpt":{"rendered":"","protected":false},"featured_media":43810,"comment_status":"closed","ping_status":"closed","template":"","meta":{"_acf_changed":false,"slim_seo":{"title":"Trixie Premio 4 r\u016b\u0161i\u0173 mini, mink\u0161t\u0173 m\u0117sos kubeli\u0173 rinkinys, tinka dres\u016brai, skan\u0117stai \u0161unims, 400 g - Zooprekes24","description":""},"iawp_total_views":1},"product_brand":[],"product_cat":[9030,9010,8999,31,30,9219],"product_tag":[],"class_list":{"0":"post-43805","1":"product","2":"type-product","3":"status-publish","4":"has-post-thumbnail","6":"product_cat-minksti-kramtalai","7":"product_cat-naturalus-skanestai","8":"product_cat-sunims","9":"product_cat-sunu-prekiu-gamintojai","10":"product_cat-sunu-skanestai","11":"product_cat-trixie-sunims","12":"pa_pasaro-sudetis-antiena","13":"pa_pasaro-sudetis-eriena","14":"pa_pasaro-sudetis-jautiena","15":"pa_pasaro-sudetis-vistiena","16":"pa_prekiu-zenklai-trixie","17":"pa_suns-amzius-suaugusiems","19":"first","20":"instock","21":"featured","22":"taxable","23":"shipping-taxable","24":"purchasable","25":"product-type-simple"},"acf":[],"_links":{"self":[{"href":"https:\/\/zooprekes24.lt\/et\/wp-json\/wp\/v2\/product\/43805","targetHints":{"allow":["GET"]}}],"collection":[{"href":"https:\/\/zooprekes24.lt\/et\/wp-json\/wp\/v2\/product"}],"about":[{"href":"https:\/\/zooprekes24.lt\/et\/wp-json\/wp\/v2\/types\/product"}],"replies":[{"embeddable":true,"href":"https:\/\/zooprekes24.lt\/et\/wp-json\/wp\/v2\/comments?post=43805"}],"wp:featuredmedia":[{"embeddable":true,"href":"https:\/\/zooprekes24.lt\/et\/wp-json\/wp\/v2\/media\/43810"}],"wp:attachment":[{"href":"https:\/\/zooprekes24.lt\/et\/wp-json\/wp\/v2\/media?parent=43805"}],"wp:term":[{"taxonomy":"product_brand","embeddable":true,"href":"https:\/\/zooprekes24.lt\/et\/wp-json\/wp\/v2\/product_brand?post=43805"},{"taxonomy":"product_cat","embeddable":true,"href":"https:\/\/zooprekes24.lt\/et\/wp-json\/wp\/v2\/product_cat?post=43805"},{"taxonomy":"product_tag","embeddable":true,"href":"https:\/\/zooprekes24.lt\/et\/wp-json\/wp\/v2\/product_tag?post=43805"}],"curies":[{"name":"wp","href":"https:\/\/api.w.org\/{rel}","templated":true}]}}