{"id":43798,"date":"2026-01-06T11:56:31","date_gmt":"2026-01-06T09:56:31","guid":{"rendered":"https:\/\/zooprekes24.lt\/?post_type=product&#038;p=43798"},"modified":"2026-01-06T16:48:44","modified_gmt":"2026-01-06T14:48:44","slug":"trixie-blauzdeliu-formos-triusienos-mesa-ant-pagaliuko-skanestas-sunims-100g","status":"publish","type":"product","link":"https:\/\/zooprekes24.lt\/et\/produktas\/trixie-blauzdeliu-formos-triusienos-mesa-ant-pagaliuko-skanestas-sunims-100g\/","title":{"rendered":"Trixie blauzdeli\u0173 formos, triu\u0161ienos m\u0117sa ant pagaliuko, skan\u0117stas \u0161unims, 100 g"},"content":{"rendered":"","protected":false},"excerpt":{"rendered":"","protected":false},"featured_media":43800,"comment_status":"closed","ping_status":"closed","template":"","meta":{"_acf_changed":false,"slim_seo":{"title":"Trixie blauzdeli\u0173 formos, triu\u0161ienos m\u0117sa ant pagaliuko, skan\u0117stas \u0161unims, 100 g - Zooprekes24","description":""},"iawp_total_views":1},"product_brand":[],"product_cat":[9039,8999,31,30,9219],"product_tag":[],"class_list":{"0":"post-43798","1":"product","2":"type-product","3":"status-publish","4":"has-post-thumbnail","6":"product_cat-kaulai-ir-susukta-oda","7":"product_cat-sunims","8":"product_cat-sunu-prekiu-gamintojai","9":"product_cat-sunu-skanestai","10":"product_cat-trixie-sunims","11":"pa_pasaro-sudetis-triusiena","12":"pa_prekiu-zenklai-trixie","13":"pa_suns-amzius-suaugusiems","15":"first","16":"instock","17":"featured","18":"taxable","19":"shipping-taxable","20":"purchasable","21":"product-type-simple"},"acf":[],"_links":{"self":[{"href":"https:\/\/zooprekes24.lt\/et\/wp-json\/wp\/v2\/product\/43798","targetHints":{"allow":["GET"]}}],"collection":[{"href":"https:\/\/zooprekes24.lt\/et\/wp-json\/wp\/v2\/product"}],"about":[{"href":"https:\/\/zooprekes24.lt\/et\/wp-json\/wp\/v2\/types\/product"}],"replies":[{"embeddable":true,"href":"https:\/\/zooprekes24.lt\/et\/wp-json\/wp\/v2\/comments?post=43798"}],"wp:featuredmedia":[{"embeddable":true,"href":"https:\/\/zooprekes24.lt\/et\/wp-json\/wp\/v2\/media\/43800"}],"wp:attachment":[{"href":"https:\/\/zooprekes24.lt\/et\/wp-json\/wp\/v2\/media?parent=43798"}],"wp:term":[{"taxonomy":"product_brand","embeddable":true,"href":"https:\/\/zooprekes24.lt\/et\/wp-json\/wp\/v2\/product_brand?post=43798"},{"taxonomy":"product_cat","embeddable":true,"href":"https:\/\/zooprekes24.lt\/et\/wp-json\/wp\/v2\/product_cat?post=43798"},{"taxonomy":"product_tag","embeddable":true,"href":"https:\/\/zooprekes24.lt\/et\/wp-json\/wp\/v2\/product_tag?post=43798"}],"curies":[{"name":"wp","href":"https:\/\/api.w.org\/{rel}","templated":true}]}}