{"id":43772,"date":"2026-01-06T10:59:34","date_gmt":"2026-01-06T08:59:34","guid":{"rendered":"https:\/\/zooprekes24.lt\/?post_type=product&#038;p=43772"},"modified":"2026-01-06T16:42:34","modified_gmt":"2026-01-06T14:42:34","slug":"trixie-premio-rutuliukai-su-antiena-ir-ryziais-skanestas-sunims-80g","status":"publish","type":"product","link":"https:\/\/zooprekes24.lt\/et\/produktas\/trixie-premio-rutuliukai-su-antiena-ir-ryziais-skanestas-sunims-80g\/","title":{"rendered":"Trixie Premio rutuliukai su antiena ir ry\u017eiais, skan\u0117stas \u0161unims, 80 g"},"content":{"rendered":"","protected":false},"excerpt":{"rendered":"","protected":false},"featured_media":43773,"comment_status":"closed","ping_status":"closed","template":"","meta":{"_acf_changed":false,"slim_seo":{"title":"Trixie Premio rutuliukai su antiena ir ry\u017eiais, skan\u0117stas \u0161unims, 80 g - Zooprekes24","description":""},"iawp_total_views":4},"product_brand":[],"product_cat":[9010,8999,31,30,9219],"product_tag":[],"class_list":{"0":"post-43772","1":"product","2":"type-product","3":"status-publish","4":"has-post-thumbnail","6":"product_cat-naturalus-skanestai","7":"product_cat-sunims","8":"product_cat-sunu-prekiu-gamintojai","9":"product_cat-sunu-skanestai","10":"product_cat-trixie-sunims","11":"pa_pasaro-sudetis-antiena","12":"pa_pasaro-sudetis-ryziai","13":"pa_prekiu-zenklai-trixie","14":"pa_suns-amzius-suaugusiems","16":"first","17":"instock","18":"featured","19":"taxable","20":"shipping-taxable","21":"purchasable","22":"product-type-simple"},"acf":[],"_links":{"self":[{"href":"https:\/\/zooprekes24.lt\/et\/wp-json\/wp\/v2\/product\/43772","targetHints":{"allow":["GET"]}}],"collection":[{"href":"https:\/\/zooprekes24.lt\/et\/wp-json\/wp\/v2\/product"}],"about":[{"href":"https:\/\/zooprekes24.lt\/et\/wp-json\/wp\/v2\/types\/product"}],"replies":[{"embeddable":true,"href":"https:\/\/zooprekes24.lt\/et\/wp-json\/wp\/v2\/comments?post=43772"}],"wp:featuredmedia":[{"embeddable":true,"href":"https:\/\/zooprekes24.lt\/et\/wp-json\/wp\/v2\/media\/43773"}],"wp:attachment":[{"href":"https:\/\/zooprekes24.lt\/et\/wp-json\/wp\/v2\/media?parent=43772"}],"wp:term":[{"taxonomy":"product_brand","embeddable":true,"href":"https:\/\/zooprekes24.lt\/et\/wp-json\/wp\/v2\/product_brand?post=43772"},{"taxonomy":"product_cat","embeddable":true,"href":"https:\/\/zooprekes24.lt\/et\/wp-json\/wp\/v2\/product_cat?post=43772"},{"taxonomy":"product_tag","embeddable":true,"href":"https:\/\/zooprekes24.lt\/et\/wp-json\/wp\/v2\/product_tag?post=43772"}],"curies":[{"name":"wp","href":"https:\/\/api.w.org\/{rel}","templated":true}]}}