{"id":43768,"date":"2026-01-06T10:52:10","date_gmt":"2026-01-06T08:52:10","guid":{"rendered":"https:\/\/zooprekes24.lt\/?post_type=product&#038;p=43768"},"modified":"2026-01-06T16:41:37","modified_gmt":"2026-01-06T14:41:37","slug":"trixie-minksti-antienos-krutineles-mesos-kubeliai-tinka-dresurai-skanestas-sunims-100g","status":"publish","type":"product","link":"https:\/\/zooprekes24.lt\/et\/produktas\/trixie-minksti-antienos-krutineles-mesos-kubeliai-tinka-dresurai-skanestas-sunims-100g\/","title":{"rendered":"Trixie mink\u0161ti antienos kr\u016btin\u0117l\u0117s m\u0117sos kubeliai, tinka dres\u016brai, skan\u0117stas \u0161unims, 100 g"},"content":{"rendered":"","protected":false},"excerpt":{"rendered":"","protected":false},"featured_media":43770,"comment_status":"closed","ping_status":"closed","template":"","meta":{"_acf_changed":false,"slim_seo":{"title":"Trixie mink\u0161ti antienos kr\u016btin\u0117l\u0117s m\u0117sos kubeliai, tinka dres\u016brai, skan\u0117stas \u0161unims, 100 g - Zooprekes24","description":""},"iawp_total_views":11},"product_brand":[],"product_cat":[9030,9010,8999,31,30,9219],"product_tag":[],"class_list":{"0":"post-43768","1":"product","2":"type-product","3":"status-publish","4":"has-post-thumbnail","6":"product_cat-minksti-kramtalai","7":"product_cat-naturalus-skanestai","8":"product_cat-sunims","9":"product_cat-sunu-prekiu-gamintojai","10":"product_cat-sunu-skanestai","11":"product_cat-trixie-sunims","12":"pa_pasaro-sudetis-antiena","13":"pa_prekiu-zenklai-trixie","14":"pa_suns-amzius-suaugusiems","16":"first","17":"instock","18":"featured","19":"taxable","20":"shipping-taxable","21":"purchasable","22":"product-type-simple"},"acf":[],"_links":{"self":[{"href":"https:\/\/zooprekes24.lt\/et\/wp-json\/wp\/v2\/product\/43768","targetHints":{"allow":["GET"]}}],"collection":[{"href":"https:\/\/zooprekes24.lt\/et\/wp-json\/wp\/v2\/product"}],"about":[{"href":"https:\/\/zooprekes24.lt\/et\/wp-json\/wp\/v2\/types\/product"}],"replies":[{"embeddable":true,"href":"https:\/\/zooprekes24.lt\/et\/wp-json\/wp\/v2\/comments?post=43768"}],"wp:featuredmedia":[{"embeddable":true,"href":"https:\/\/zooprekes24.lt\/et\/wp-json\/wp\/v2\/media\/43770"}],"wp:attachment":[{"href":"https:\/\/zooprekes24.lt\/et\/wp-json\/wp\/v2\/media?parent=43768"}],"wp:term":[{"taxonomy":"product_brand","embeddable":true,"href":"https:\/\/zooprekes24.lt\/et\/wp-json\/wp\/v2\/product_brand?post=43768"},{"taxonomy":"product_cat","embeddable":true,"href":"https:\/\/zooprekes24.lt\/et\/wp-json\/wp\/v2\/product_cat?post=43768"},{"taxonomy":"product_tag","embeddable":true,"href":"https:\/\/zooprekes24.lt\/et\/wp-json\/wp\/v2\/product_tag?post=43768"}],"curies":[{"name":"wp","href":"https:\/\/api.w.org\/{rel}","templated":true}]}}