{"id":42738,"date":"2025-11-14T13:46:57","date_gmt":"2025-11-14T11:46:57","guid":{"rendered":"https:\/\/zooprekes24.lt\/?post_type=product&#038;p=42738"},"modified":"2025-11-15T18:42:23","modified_gmt":"2025-11-15T16:42:23","slug":"trixie-keramikinis-dubenelis-augintiniams-iv-dydziu-baltas-su-kalediniu-dizainu","status":"publish","type":"product","link":"https:\/\/zooprekes24.lt\/et\/produktas\/trixie-keramikinis-dubenelis-augintiniams-iv-dydziu-baltas-su-kalediniu-dizainu\/","title":{"rendered":"Trixie keramikinis duben\u0117lis augintiniams, \u012fv. dyd\u017ei\u0173, baltas su kal\u0117diniu dizainu"},"content":{"rendered":"","protected":false},"excerpt":{"rendered":"","protected":false},"featured_media":42741,"comment_status":"closed","ping_status":"closed","template":"","meta":{"_acf_changed":false,"slim_seo":{"title":"Trixie keramikinis duben\u0117lis augintiniams, \u012fv. dyd\u017ei\u0173, baltas su kal\u0117diniu dizainu - Zooprekes24","description":""},"iawp_total_views":10},"product_brand":[],"product_cat":[9057,9140,83,9268,25,104,32,8999,31,9222,9219],"product_tag":[],"class_list":{"0":"post-42738","1":"product","2":"type-product","3":"status-publish","4":"has-post-thumbnail","6":"product_cat-dubeneliai-ir-girdyklos","7":"product_cat-dubeneliai-ir-girdyklos-kitos-kaciu-prekes","8":"product_cat-kaciu-prekiu-gamintojai","9":"product_cat-kaledos","10":"product_cat-katems","11":"product_cat-kitos-kaciu-prekes","12":"product_cat-kitos-sunu-prekes","13":"product_cat-sunims","14":"product_cat-sunu-prekiu-gamintojai","15":"product_cat-trixie-katems","16":"product_cat-trixie-sunims","17":"pa_prekiu-zenklai-trixie","19":"first","20":"instock","21":"featured","22":"taxable","23":"shipping-taxable","24":"purchasable","25":"product-type-variable"},"acf":[],"_links":{"self":[{"href":"https:\/\/zooprekes24.lt\/et\/wp-json\/wp\/v2\/product\/42738","targetHints":{"allow":["GET"]}}],"collection":[{"href":"https:\/\/zooprekes24.lt\/et\/wp-json\/wp\/v2\/product"}],"about":[{"href":"https:\/\/zooprekes24.lt\/et\/wp-json\/wp\/v2\/types\/product"}],"replies":[{"embeddable":true,"href":"https:\/\/zooprekes24.lt\/et\/wp-json\/wp\/v2\/comments?post=42738"}],"wp:featuredmedia":[{"embeddable":true,"href":"https:\/\/zooprekes24.lt\/et\/wp-json\/wp\/v2\/media\/42741"}],"wp:attachment":[{"href":"https:\/\/zooprekes24.lt\/et\/wp-json\/wp\/v2\/media?parent=42738"}],"wp:term":[{"taxonomy":"product_brand","embeddable":true,"href":"https:\/\/zooprekes24.lt\/et\/wp-json\/wp\/v2\/product_brand?post=42738"},{"taxonomy":"product_cat","embeddable":true,"href":"https:\/\/zooprekes24.lt\/et\/wp-json\/wp\/v2\/product_cat?post=42738"},{"taxonomy":"product_tag","embeddable":true,"href":"https:\/\/zooprekes24.lt\/et\/wp-json\/wp\/v2\/product_tag?post=42738"}],"curies":[{"name":"wp","href":"https:\/\/api.w.org\/{rel}","templated":true}]}}