{"id":42641,"date":"2025-11-12T15:25:48","date_gmt":"2025-11-12T13:25:48","guid":{"rendered":"https:\/\/zooprekes24.lt\/?post_type=product&#038;p=42641"},"modified":"2025-11-15T18:56:10","modified_gmt":"2025-11-15T16:56:10","slug":"trixie-chew-bites-skanestai-sunims-su-petrazolemis-ir-pipirmetemis-skirti-gerinti-burnos-kvapa-150g","status":"publish","type":"product","link":"https:\/\/zooprekes24.lt\/et\/produktas\/trixie-chew-bites-skanestai-sunims-su-petrazolemis-ir-pipirmetemis-skirti-gerinti-burnos-kvapa-150g\/","title":{"rendered":"Trixie Chew Bites skan\u0117stai \u0161unims su petra\u017eol\u0117mis ir pipirm\u0117t\u0117mis, skirti gerinti burnos kvap\u0105, 150 g"},"content":{"rendered":"","protected":false},"excerpt":{"rendered":"","protected":false},"featured_media":42643,"comment_status":"closed","ping_status":"closed","template":"","meta":{"_acf_changed":false,"slim_seo":{"title":"Trixie Chew Bites skan\u0117stai \u0161unims su petra\u017eol\u0117mis ir pipirm\u0117t\u0117mis, skirti gerinti burnos kvap\u0105, 150 g - Zooprekes24","description":""},"iawp_total_views":2},"product_brand":[],"product_cat":[32,9030,9026,8999,31,30,9219],"product_tag":[],"class_list":{"0":"post-42641","1":"product","2":"type-product","3":"status-publish","4":"has-post-thumbnail","6":"product_cat-kitos-sunu-prekes","7":"product_cat-minksti-kramtalai","8":"product_cat-prieziuros-priemones-sunims","9":"product_cat-sunims","10":"product_cat-sunu-prekiu-gamintojai","11":"product_cat-sunu-skanestai","12":"product_cat-trixie-sunims","13":"pa_prekiu-zenklai-trixie","14":"pa_suns-amzius-suaugusiems","16":"first","17":"instock","18":"featured","19":"taxable","20":"shipping-taxable","21":"purchasable","22":"product-type-simple"},"acf":[],"_links":{"self":[{"href":"https:\/\/zooprekes24.lt\/et\/wp-json\/wp\/v2\/product\/42641","targetHints":{"allow":["GET"]}}],"collection":[{"href":"https:\/\/zooprekes24.lt\/et\/wp-json\/wp\/v2\/product"}],"about":[{"href":"https:\/\/zooprekes24.lt\/et\/wp-json\/wp\/v2\/types\/product"}],"replies":[{"embeddable":true,"href":"https:\/\/zooprekes24.lt\/et\/wp-json\/wp\/v2\/comments?post=42641"}],"wp:featuredmedia":[{"embeddable":true,"href":"https:\/\/zooprekes24.lt\/et\/wp-json\/wp\/v2\/media\/42643"}],"wp:attachment":[{"href":"https:\/\/zooprekes24.lt\/et\/wp-json\/wp\/v2\/media?parent=42641"}],"wp:term":[{"taxonomy":"product_brand","embeddable":true,"href":"https:\/\/zooprekes24.lt\/et\/wp-json\/wp\/v2\/product_brand?post=42641"},{"taxonomy":"product_cat","embeddable":true,"href":"https:\/\/zooprekes24.lt\/et\/wp-json\/wp\/v2\/product_cat?post=42641"},{"taxonomy":"product_tag","embeddable":true,"href":"https:\/\/zooprekes24.lt\/et\/wp-json\/wp\/v2\/product_tag?post=42641"}],"curies":[{"name":"wp","href":"https:\/\/api.w.org\/{rel}","templated":true}]}}