{"id":42638,"date":"2025-11-12T15:14:34","date_gmt":"2025-11-12T13:14:34","guid":{"rendered":"https:\/\/zooprekes24.lt\/?post_type=product&#038;p=42638"},"modified":"2025-11-15T18:56:45","modified_gmt":"2025-11-15T16:56:45","slug":"trixie-junior-minksti-kauliukai-su-vistiena-eriena-ir-lasisa-skanestai-suniukams-kibirelyje-140g","status":"publish","type":"product","link":"https:\/\/zooprekes24.lt\/et\/produktas\/trixie-junior-minksti-kauliukai-su-vistiena-eriena-ir-lasisa-skanestai-suniukams-kibirelyje-140g\/","title":{"rendered":"Trixie Junior mink\u0161ti kauliukai su vi\u0161tiena, \u0117riena ir la\u0161i\u0161a, skan\u0117stai \u0161uniukams kibir\u0117lyje, 140 g"},"content":{"rendered":"","protected":false},"excerpt":{"rendered":"","protected":false},"featured_media":42639,"comment_status":"closed","ping_status":"closed","template":"","meta":{"_acf_changed":false,"slim_seo":{"title":"Trixie Junior mink\u0161ti kauliukai su vi\u0161tiena, \u0117riena ir la\u0161i\u0161a, skan\u0117stai \u0161uniukams kibir\u0117lyje, 140 g - Zooprekes24","description":""},"iawp_total_views":12},"product_brand":[],"product_cat":[9030,8999,31,30,9219],"product_tag":[],"class_list":{"0":"post-42638","1":"product","2":"type-product","3":"status-publish","4":"has-post-thumbnail","6":"product_cat-minksti-kramtalai","7":"product_cat-sunims","8":"product_cat-sunu-prekiu-gamintojai","9":"product_cat-sunu-skanestai","10":"product_cat-trixie-sunims","11":"pa_pasaro-sudetis-eriena","12":"pa_pasaro-sudetis-lasisa","13":"pa_pasaro-sudetis-vistiena","14":"pa_pasaro-sudetis-zuvis","15":"pa_prekiu-zenklai-trixie","16":"pa_suns-amzius-jauniems","18":"first","19":"instock","20":"featured","21":"taxable","22":"shipping-taxable","23":"purchasable","24":"product-type-simple"},"acf":[],"_links":{"self":[{"href":"https:\/\/zooprekes24.lt\/et\/wp-json\/wp\/v2\/product\/42638","targetHints":{"allow":["GET"]}}],"collection":[{"href":"https:\/\/zooprekes24.lt\/et\/wp-json\/wp\/v2\/product"}],"about":[{"href":"https:\/\/zooprekes24.lt\/et\/wp-json\/wp\/v2\/types\/product"}],"replies":[{"embeddable":true,"href":"https:\/\/zooprekes24.lt\/et\/wp-json\/wp\/v2\/comments?post=42638"}],"wp:featuredmedia":[{"embeddable":true,"href":"https:\/\/zooprekes24.lt\/et\/wp-json\/wp\/v2\/media\/42639"}],"wp:attachment":[{"href":"https:\/\/zooprekes24.lt\/et\/wp-json\/wp\/v2\/media?parent=42638"}],"wp:term":[{"taxonomy":"product_brand","embeddable":true,"href":"https:\/\/zooprekes24.lt\/et\/wp-json\/wp\/v2\/product_brand?post=42638"},{"taxonomy":"product_cat","embeddable":true,"href":"https:\/\/zooprekes24.lt\/et\/wp-json\/wp\/v2\/product_cat?post=42638"},{"taxonomy":"product_tag","embeddable":true,"href":"https:\/\/zooprekes24.lt\/et\/wp-json\/wp\/v2\/product_tag?post=42638"}],"curies":[{"name":"wp","href":"https:\/\/api.w.org\/{rel}","templated":true}]}}