{"id":42628,"date":"2025-11-12T14:25:39","date_gmt":"2025-11-12T12:25:39","guid":{"rendered":"https:\/\/zooprekes24.lt\/?post_type=product&#038;p=42628"},"modified":"2025-11-14T15:57:37","modified_gmt":"2025-11-14T13:57:37","slug":"trixie-dogorado-minksti-kvadraciukai-ir-apskritimai-su-vistiena-skanestai-sunims-kibirelyje-500g","status":"publish","type":"product","link":"https:\/\/zooprekes24.lt\/et\/produktas\/trixie-dogorado-minksti-kvadraciukai-ir-apskritimai-su-vistiena-skanestai-sunims-kibirelyje-500g\/","title":{"rendered":"Trixie Dog&#8217;o&#8217;Rado mink\u0161ti kvadra\u010diukai ir apskritimai su vi\u0161tiena, skan\u0117stai \u0161unims kibir\u0117lyje, 500 g"},"content":{"rendered":"","protected":false},"excerpt":{"rendered":"","protected":false},"featured_media":42629,"comment_status":"closed","ping_status":"closed","template":"","meta":{"_acf_changed":false,"slim_seo":{"title":"Trixie Dog'o'Rado mink\u0161ti kvadra\u010diukai ir apskritimai su vi\u0161tiena, skan\u0117stai \u0161unims kibir\u0117lyje, 500 g - Zooprekes24","description":""},"iawp_total_views":2},"product_brand":[],"product_cat":[9030,8999,31,30,9219],"product_tag":[],"class_list":{"0":"post-42628","1":"product","2":"type-product","3":"status-publish","4":"has-post-thumbnail","6":"product_cat-minksti-kramtalai","7":"product_cat-sunims","8":"product_cat-sunu-prekiu-gamintojai","9":"product_cat-sunu-skanestai","10":"product_cat-trixie-sunims","11":"pa_pasaro-sudetis-vistiena","12":"pa_prekiu-zenklai-trixie","13":"pa_suns-amzius-suaugusiems","15":"first","16":"instock","17":"featured","18":"taxable","19":"shipping-taxable","20":"purchasable","21":"product-type-simple"},"acf":[],"_links":{"self":[{"href":"https:\/\/zooprekes24.lt\/et\/wp-json\/wp\/v2\/product\/42628","targetHints":{"allow":["GET"]}}],"collection":[{"href":"https:\/\/zooprekes24.lt\/et\/wp-json\/wp\/v2\/product"}],"about":[{"href":"https:\/\/zooprekes24.lt\/et\/wp-json\/wp\/v2\/types\/product"}],"replies":[{"embeddable":true,"href":"https:\/\/zooprekes24.lt\/et\/wp-json\/wp\/v2\/comments?post=42628"}],"wp:featuredmedia":[{"embeddable":true,"href":"https:\/\/zooprekes24.lt\/et\/wp-json\/wp\/v2\/media\/42629"}],"wp:attachment":[{"href":"https:\/\/zooprekes24.lt\/et\/wp-json\/wp\/v2\/media?parent=42628"}],"wp:term":[{"taxonomy":"product_brand","embeddable":true,"href":"https:\/\/zooprekes24.lt\/et\/wp-json\/wp\/v2\/product_brand?post=42628"},{"taxonomy":"product_cat","embeddable":true,"href":"https:\/\/zooprekes24.lt\/et\/wp-json\/wp\/v2\/product_cat?post=42628"},{"taxonomy":"product_tag","embeddable":true,"href":"https:\/\/zooprekes24.lt\/et\/wp-json\/wp\/v2\/product_tag?post=42628"}],"curies":[{"name":"wp","href":"https:\/\/api.w.org\/{rel}","templated":true}]}}