{"id":42620,"date":"2025-11-12T13:44:18","date_gmt":"2025-11-12T11:44:18","guid":{"rendered":"https:\/\/zooprekes24.lt\/?post_type=product&#038;p=42620"},"modified":"2025-11-14T15:55:38","modified_gmt":"2025-11-14T13:55:38","slug":"trixie-happy-mix-minkstos-sirdeles-ir-kauliukai-su-vistiena-eriena-ir-lasisa-skanestai-sunims-kibirelyje-500g","status":"publish","type":"product","link":"https:\/\/zooprekes24.lt\/et\/produktas\/trixie-happy-mix-minkstos-sirdeles-ir-kauliukai-su-vistiena-eriena-ir-lasisa-skanestai-sunims-kibirelyje-500g\/","title":{"rendered":"Trixie Happy Mix mink\u0161tos \u0161irdel\u0117s ir kauliukai su vi\u0161tiena, \u0117riena ir la\u0161i\u0161a, skan\u0117stai \u0161unims kibir\u0117lyje, 500 g\u00a0"},"content":{"rendered":"","protected":false},"excerpt":{"rendered":"","protected":false},"featured_media":42623,"comment_status":"closed","ping_status":"closed","template":"","meta":{"_acf_changed":false,"slim_seo":{"title":"Trixie Happy Mix mink\u0161tos \u0161irdel\u0117s ir kauliukai su vi\u0161tiena, \u0117riena ir la\u0161i\u0161a, skan\u0117stai \u0161unims kibir\u0117lyje, 500 g\u00a0 - Zooprekes24","description":""},"iawp_total_views":5},"product_brand":[],"product_cat":[9030,8999,31,30,9219],"product_tag":[],"class_list":{"0":"post-42620","1":"product","2":"type-product","3":"status-publish","4":"has-post-thumbnail","6":"product_cat-minksti-kramtalai","7":"product_cat-sunims","8":"product_cat-sunu-prekiu-gamintojai","9":"product_cat-sunu-skanestai","10":"product_cat-trixie-sunims","11":"pa_pasaro-sudetis-eriena","12":"pa_pasaro-sudetis-lasisa","13":"pa_pasaro-sudetis-vistiena","14":"pa_pasaro-sudetis-zuvis","15":"pa_prekiu-zenklai-trixie","16":"pa_suns-amzius-suaugusiems","18":"first","19":"instock","20":"featured","21":"taxable","22":"shipping-taxable","23":"purchasable","24":"product-type-simple"},"acf":[],"_links":{"self":[{"href":"https:\/\/zooprekes24.lt\/et\/wp-json\/wp\/v2\/product\/42620","targetHints":{"allow":["GET"]}}],"collection":[{"href":"https:\/\/zooprekes24.lt\/et\/wp-json\/wp\/v2\/product"}],"about":[{"href":"https:\/\/zooprekes24.lt\/et\/wp-json\/wp\/v2\/types\/product"}],"replies":[{"embeddable":true,"href":"https:\/\/zooprekes24.lt\/et\/wp-json\/wp\/v2\/comments?post=42620"}],"wp:featuredmedia":[{"embeddable":true,"href":"https:\/\/zooprekes24.lt\/et\/wp-json\/wp\/v2\/media\/42623"}],"wp:attachment":[{"href":"https:\/\/zooprekes24.lt\/et\/wp-json\/wp\/v2\/media?parent=42620"}],"wp:term":[{"taxonomy":"product_brand","embeddable":true,"href":"https:\/\/zooprekes24.lt\/et\/wp-json\/wp\/v2\/product_brand?post=42620"},{"taxonomy":"product_cat","embeddable":true,"href":"https:\/\/zooprekes24.lt\/et\/wp-json\/wp\/v2\/product_cat?post=42620"},{"taxonomy":"product_tag","embeddable":true,"href":"https:\/\/zooprekes24.lt\/et\/wp-json\/wp\/v2\/product_tag?post=42620"}],"curies":[{"name":"wp","href":"https:\/\/api.w.org\/{rel}","templated":true}]}}