{"id":42474,"date":"2025-11-06T14:07:54","date_gmt":"2025-11-06T12:07:54","guid":{"rendered":"https:\/\/zooprekes24.lt\/?post_type=product&#038;p=42474"},"modified":"2025-11-10T17:27:45","modified_gmt":"2025-11-10T15:27:45","slug":"trixie-kauliukai-su-antiena-sunims-iv-dydziu","status":"publish","type":"product","link":"https:\/\/zooprekes24.lt\/et\/produktas\/trixie-kauliukai-su-antiena-sunims-iv-dydziu\/","title":{"rendered":"Trixie kauliukai su antiena \u0161unims, \u012fv. dyd\u017ei\u0173"},"content":{"rendered":"<p>Pakuo\u010di\u0173 svoris:<\/p>\n<ul>\n<li>6 cm (12 vnt) &#8211; 120 g,<\/li>\n<li>12 cm (10 vnt) &#8211; 80 g,<\/li>\n<li>12 cm (30 vnt) &#8211; 240 g,<\/li>\n<li>17 cm (3 vnt) &#8211; 140 g,<\/li>\n<li>28 cm (3 vnt) &#8211; 250 g.<\/li>\n<\/ul>","protected":false},"excerpt":{"rendered":"<p>Pakuo\u010di\u0173 svoris: 6 cm (12 vnt) &#8211; 120 g, 12 cm (10 vnt) &#8211; 80 g, 12 cm (30 vnt) &#8211; 240 g, 17 cm (3 vnt) &#8211; 140 g, 28 cm (3 vnt) &#8211; 250 g.<\/p>","protected":false},"featured_media":42480,"comment_status":"closed","ping_status":"closed","template":"","meta":{"_acf_changed":false,"slim_seo":{"title":"Trixie kauliukai su antiena \u0161unims, \u012fv. dyd\u017ei\u0173 - Zooprekes24","description":"Pakuo\u010di\u0173 svoris: 6 cm (12 vnt) - 120 g, 12 cm (10 vnt) - 80 g, 12 cm (30 vnt) - 240 g, 17 cm (3 vnt) - 140 g, 28 cm (3 vnt) - 250 g."},"iawp_total_views":12},"product_brand":[],"product_cat":[9039,9010,8999,31,30,9219],"product_tag":[],"class_list":{"0":"post-42474","1":"product","2":"type-product","3":"status-publish","4":"has-post-thumbnail","6":"product_cat-kaulai-ir-susukta-oda","7":"product_cat-naturalus-skanestai","8":"product_cat-sunims","9":"product_cat-sunu-prekiu-gamintojai","10":"product_cat-sunu-skanestai","11":"product_cat-trixie-sunims","12":"pa_pasaro-sudetis-antiena","13":"pa_pasaro-sudetis-jautiena","14":"pa_prekiu-zenklai-trixie","15":"pa_suns-amzius-jauniems","16":"pa_suns-amzius-senjorams","17":"pa_suns-amzius-suaugusiems","18":"pa_suns-amzius-visiems-amziams","20":"first","21":"instock","22":"featured","23":"taxable","24":"shipping-taxable","25":"purchasable","26":"product-type-variable"},"acf":[],"_links":{"self":[{"href":"https:\/\/zooprekes24.lt\/et\/wp-json\/wp\/v2\/product\/42474","targetHints":{"allow":["GET"]}}],"collection":[{"href":"https:\/\/zooprekes24.lt\/et\/wp-json\/wp\/v2\/product"}],"about":[{"href":"https:\/\/zooprekes24.lt\/et\/wp-json\/wp\/v2\/types\/product"}],"replies":[{"embeddable":true,"href":"https:\/\/zooprekes24.lt\/et\/wp-json\/wp\/v2\/comments?post=42474"}],"wp:featuredmedia":[{"embeddable":true,"href":"https:\/\/zooprekes24.lt\/et\/wp-json\/wp\/v2\/media\/42480"}],"wp:attachment":[{"href":"https:\/\/zooprekes24.lt\/et\/wp-json\/wp\/v2\/media?parent=42474"}],"wp:term":[{"taxonomy":"product_brand","embeddable":true,"href":"https:\/\/zooprekes24.lt\/et\/wp-json\/wp\/v2\/product_brand?post=42474"},{"taxonomy":"product_cat","embeddable":true,"href":"https:\/\/zooprekes24.lt\/et\/wp-json\/wp\/v2\/product_cat?post=42474"},{"taxonomy":"product_tag","embeddable":true,"href":"https:\/\/zooprekes24.lt\/et\/wp-json\/wp\/v2\/product_tag?post=42474"}],"curies":[{"name":"wp","href":"https:\/\/api.w.org\/{rel}","templated":true}]}}