{"id":42447,"date":"2025-11-05T18:27:13","date_gmt":"2025-11-05T16:27:13","guid":{"rendered":"https:\/\/zooprekes24.lt\/?post_type=product&#038;p=42447"},"modified":"2025-11-10T17:36:06","modified_gmt":"2025-11-10T15:36:06","slug":"trixie-naturalus-kiaules-seivikauliai-su-mesa-vakuumuoti-skanestas-sunims-120g","status":"publish","type":"product","link":"https:\/\/zooprekes24.lt\/et\/produktas\/trixie-naturalus-kiaules-seivikauliai-su-mesa-vakuumuoti-skanestas-sunims-120g\/","title":{"rendered":"Trixie nat\u016bral\u016bs kiaul\u0117s \u0161eivikauliai su m\u0117sa, vakuumuoti, skan\u0117stas \u0161unims, 120 g"},"content":{"rendered":"","protected":false},"excerpt":{"rendered":"","protected":false},"featured_media":42448,"comment_status":"closed","ping_status":"closed","template":"","meta":{"_acf_changed":false,"slim_seo":{"title":"Trixie nat\u016bral\u016bs kiaul\u0117s \u0161eivikauliai su m\u0117sa, vakuumuoti, skan\u0117stas \u0161unims, 120 g - Zooprekes24","description":""},"iawp_total_views":1},"product_brand":[],"product_cat":[9039,9010,8999,31,30,9219],"product_tag":[],"class_list":{"0":"post-42447","1":"product","2":"type-product","3":"status-publish","4":"has-post-thumbnail","6":"product_cat-kaulai-ir-susukta-oda","7":"product_cat-naturalus-skanestai","8":"product_cat-sunims","9":"product_cat-sunu-prekiu-gamintojai","10":"product_cat-sunu-skanestai","11":"product_cat-trixie-sunims","12":"pa_pasaro-sudetis-kiauliena","13":"pa_prekiu-zenklai-trixie","14":"pa_suns-amzius-suaugusiems","15":"pa_veisles-dydis-mazoms-veislems","17":"first","18":"instock","19":"featured","20":"taxable","21":"shipping-taxable","22":"purchasable","23":"product-type-simple"},"acf":[],"_links":{"self":[{"href":"https:\/\/zooprekes24.lt\/et\/wp-json\/wp\/v2\/product\/42447","targetHints":{"allow":["GET"]}}],"collection":[{"href":"https:\/\/zooprekes24.lt\/et\/wp-json\/wp\/v2\/product"}],"about":[{"href":"https:\/\/zooprekes24.lt\/et\/wp-json\/wp\/v2\/types\/product"}],"replies":[{"embeddable":true,"href":"https:\/\/zooprekes24.lt\/et\/wp-json\/wp\/v2\/comments?post=42447"}],"wp:featuredmedia":[{"embeddable":true,"href":"https:\/\/zooprekes24.lt\/et\/wp-json\/wp\/v2\/media\/42448"}],"wp:attachment":[{"href":"https:\/\/zooprekes24.lt\/et\/wp-json\/wp\/v2\/media?parent=42447"}],"wp:term":[{"taxonomy":"product_brand","embeddable":true,"href":"https:\/\/zooprekes24.lt\/et\/wp-json\/wp\/v2\/product_brand?post=42447"},{"taxonomy":"product_cat","embeddable":true,"href":"https:\/\/zooprekes24.lt\/et\/wp-json\/wp\/v2\/product_cat?post=42447"},{"taxonomy":"product_tag","embeddable":true,"href":"https:\/\/zooprekes24.lt\/et\/wp-json\/wp\/v2\/product_tag?post=42447"}],"curies":[{"name":"wp","href":"https:\/\/api.w.org\/{rel}","templated":true}]}}