{"id":42165,"date":"2025-10-29T12:25:37","date_gmt":"2025-10-29T10:25:37","guid":{"rendered":"https:\/\/zooprekes24.lt\/?post_type=product&#038;p=42165"},"modified":"2025-10-29T14:12:36","modified_gmt":"2025-10-29T12:12:36","slug":"la-murr-sterilised-turkey-konservu-rinkinys-katems-padaze","status":"publish","type":"product","link":"https:\/\/zooprekes24.lt\/et\/produktas\/la-murr-sterilised-turkey-konservu-rinkinys-katems-padaze\/","title":{"rendered":"La Murr Steriliseeritud kalkunipurkide konservikomplekt kassidele kastmes"},"content":{"rendered":"","protected":false},"excerpt":{"rendered":"","protected":false},"featured_media":42166,"comment_status":"closed","ping_status":"closed","template":"","meta":{"_acf_changed":false,"slim_seo":{"title":"La Murr Sterilised Turkey konserv\u0173 rinkinys kat\u0117ms pada\u017ee - Zooprekes24","description":""},"iawp_total_views":5},"product_brand":[],"product_cat":[72,25,9020],"product_tag":[],"class_list":{"0":"post-42165","1":"product","2":"type-product","3":"status-publish","4":"has-post-thumbnail","6":"product_cat-kaciu-maistas","7":"product_cat-katems","8":"product_cat-slapias-maistas-kaciu-maistas","9":"pa_pasaro-sudetis-kalakutiena","10":"pa_prekiu-zenklai-la-murr","12":"first","13":"instock","14":"featured","15":"taxable","16":"shipping-taxable","17":"purchasable","18":"product-type-simple"},"acf":[],"_links":{"self":[{"href":"https:\/\/zooprekes24.lt\/et\/wp-json\/wp\/v2\/product\/42165","targetHints":{"allow":["GET"]}}],"collection":[{"href":"https:\/\/zooprekes24.lt\/et\/wp-json\/wp\/v2\/product"}],"about":[{"href":"https:\/\/zooprekes24.lt\/et\/wp-json\/wp\/v2\/types\/product"}],"replies":[{"embeddable":true,"href":"https:\/\/zooprekes24.lt\/et\/wp-json\/wp\/v2\/comments?post=42165"}],"wp:featuredmedia":[{"embeddable":true,"href":"https:\/\/zooprekes24.lt\/et\/wp-json\/wp\/v2\/media\/42166"}],"wp:attachment":[{"href":"https:\/\/zooprekes24.lt\/et\/wp-json\/wp\/v2\/media?parent=42165"}],"wp:term":[{"taxonomy":"product_brand","embeddable":true,"href":"https:\/\/zooprekes24.lt\/et\/wp-json\/wp\/v2\/product_brand?post=42165"},{"taxonomy":"product_cat","embeddable":true,"href":"https:\/\/zooprekes24.lt\/et\/wp-json\/wp\/v2\/product_cat?post=42165"},{"taxonomy":"product_tag","embeddable":true,"href":"https:\/\/zooprekes24.lt\/et\/wp-json\/wp\/v2\/product_tag?post=42165"}],"curies":[{"name":"wp","href":"https:\/\/api.w.org\/{rel}","templated":true}]}}