{"id":42152,"date":"2025-10-29T11:19:39","date_gmt":"2025-10-29T09:19:39","guid":{"rendered":"https:\/\/zooprekes24.lt\/?post_type=product&#038;p=42152"},"modified":"2025-10-30T14:30:41","modified_gmt":"2025-10-30T12:30:41","slug":"la-murr-ocean-fish-sausas-maistas-katems-800g","status":"publish","type":"product","link":"https:\/\/zooprekes24.lt\/et\/produktas\/la-murr-ocean-fish-sausas-maistas-katems-800g\/","title":{"rendered":"La Murr Ocean Fish sausas maistas kat\u0117ms, 800 g"},"content":{"rendered":"<h3>La Murr Ocean Fish &#8211; visavertis sausas maistas suaugusioms kat\u0117ms nuo 1 met\u0173 am\u017eiaus su j\u016brin\u0117mis \u017euvimis. \u0160is maistas pritaikytas kasdienei pilnavertei augintinio mitybai. Sud\u0117tyje yra vitamin\u0173, riebi\u0173j\u0173 r\u016bg\u0161\u010di\u0173, kurios pad\u0117s palaikyti sveik\u0105 od\u0105 ir kail\u012f. Maiste esantis taurinas padeda palaikyti tinkam\u0105 \u0161irdies funkcij\u0105, dietin\u0117s skaidulos suma\u017eins plauk\u0173 s\u0105v\u0117l\u0173 formavim\u0105si bei palaikys tinkam\u0105 vir\u0161kinamojo trakto peristaltik\u0105.<\/h3>\n<ul>\n<li>Sveika \u0161irdis &#8211; taurinas gali pad\u0117ti stiprinti \u0161irdies funkcijas.<\/li>\n<li>Oda ir kailis &#8211; Omega riebal\u0173 r\u016bg\u0161tys odos ir kailio b\u016bkl\u0117s gerinimui.<\/li>\n<li>Dietin\u0117s skaidulos &#8211; cukrini\u0173 runkeli\u0173 grie\u017einiai gali pad\u0117ti suma\u017einti plauk\u0173 s\u0105vel\u0173 formavimasi bei palaikyti tinkam\u0105 vir\u0161kinamojo trakto peristaltik\u0105.<\/li>\n<\/ul>","protected":false},"excerpt":{"rendered":"<p>La Murr Ocean Fish &#8211; visavertis sausas maistas suaugusioms kat\u0117ms nuo 1 met\u0173 am\u017eiaus su j\u016brin\u0117mis \u017euvimis. \u0160is maistas pritaikytas kasdienei pilnavertei augintinio mitybai. Sud\u0117tyje yra vitamin\u0173, riebi\u0173j\u0173 r\u016bg\u0161\u010di\u0173, kurios pad\u0117s palaikyti sveik\u0105 od\u0105 ir kail\u012f. Maiste esantis taurinas padeda palaikyti tinkam\u0105 \u0161irdies funkcij\u0105, dietin\u0117s skaidulos suma\u017eins plauk\u0173 s\u0105v\u0117l\u0173 formavim\u0105si bei palaikys tinkam\u0105 vir\u0161kinamojo trakto&#8230;<\/p>","protected":false},"featured_media":42153,"comment_status":"closed","ping_status":"closed","template":"","meta":{"_acf_changed":false,"slim_seo":{"title":"La Murr Ocean Fish sausas maistas kat\u0117ms, 800 g - Zooprekes24","description":"La Murr Ocean Fish - visavertis sausas maistas suaugusioms kat\u0117ms nuo 1 met\u0173 am\u017eiaus su j\u016brin\u0117mis \u017euvimis. \u0160is maistas pritaikytas kasdienei pilnavertei auginti"},"iawp_total_views":11},"product_brand":[],"product_cat":[72,25,9016],"product_tag":[],"class_list":{"0":"post-42152","1":"product","2":"type-product","3":"status-publish","4":"has-post-thumbnail","6":"product_cat-kaciu-maistas","7":"product_cat-katems","8":"product_cat-sausas-maistas-kaciu-maistas","9":"pa_pasaro-sudetis-zuvis","10":"pa_prekiu-zenklai-la-murr","12":"first","13":"instock","14":"featured","15":"taxable","16":"shipping-taxable","17":"purchasable","18":"product-type-simple"},"acf":[],"_links":{"self":[{"href":"https:\/\/zooprekes24.lt\/et\/wp-json\/wp\/v2\/product\/42152","targetHints":{"allow":["GET"]}}],"collection":[{"href":"https:\/\/zooprekes24.lt\/et\/wp-json\/wp\/v2\/product"}],"about":[{"href":"https:\/\/zooprekes24.lt\/et\/wp-json\/wp\/v2\/types\/product"}],"replies":[{"embeddable":true,"href":"https:\/\/zooprekes24.lt\/et\/wp-json\/wp\/v2\/comments?post=42152"}],"wp:featuredmedia":[{"embeddable":true,"href":"https:\/\/zooprekes24.lt\/et\/wp-json\/wp\/v2\/media\/42153"}],"wp:attachment":[{"href":"https:\/\/zooprekes24.lt\/et\/wp-json\/wp\/v2\/media?parent=42152"}],"wp:term":[{"taxonomy":"product_brand","embeddable":true,"href":"https:\/\/zooprekes24.lt\/et\/wp-json\/wp\/v2\/product_brand?post=42152"},{"taxonomy":"product_cat","embeddable":true,"href":"https:\/\/zooprekes24.lt\/et\/wp-json\/wp\/v2\/product_cat?post=42152"},{"taxonomy":"product_tag","embeddable":true,"href":"https:\/\/zooprekes24.lt\/et\/wp-json\/wp\/v2\/product_tag?post=42152"}],"curies":[{"name":"wp","href":"https:\/\/api.w.org\/{rel}","templated":true}]}}