{"id":42112,"date":"2025-10-28T12:53:02","date_gmt":"2025-10-28T10:53:02","guid":{"rendered":"https:\/\/zooprekes24.lt\/?post_type=product&#038;p=42112"},"modified":"2025-10-30T17:56:25","modified_gmt":"2025-10-30T15:56:25","slug":"trixie-naturalios-dziovintos-triusiu-ausys-su-kailiu-skanestas-sunims-500g","status":"publish","type":"product","link":"https:\/\/zooprekes24.lt\/et\/produktas\/trixie-naturalios-dziovintos-triusiu-ausys-su-kailiu-skanestas-sunims-500g\/","title":{"rendered":"Trixie nat\u016bralios d\u017eiovintos triu\u0161i\u0173 ausys su kailiu, skan\u0117stas \u0161unims, 500 g"},"content":{"rendered":"","protected":false},"excerpt":{"rendered":"","protected":false},"featured_media":42113,"comment_status":"closed","ping_status":"closed","template":"","meta":{"_acf_changed":false,"slim_seo":{"title":"Trixie nat\u016bralios d\u017eiovintos triu\u0161i\u0173 ausys su kailiu, skan\u0117stas \u0161unims, 500 g - Zooprekes24","description":""},"iawp_total_views":44},"product_brand":[],"product_cat":[9010,8999,31,30,9219],"product_tag":[],"class_list":{"0":"post-42112","1":"product","2":"type-product","3":"status-publish","4":"has-post-thumbnail","6":"product_cat-naturalus-skanestai","7":"product_cat-sunims","8":"product_cat-sunu-prekiu-gamintojai","9":"product_cat-sunu-skanestai","10":"product_cat-trixie-sunims","11":"pa_pasaro-sudetis-triusiena","12":"pa_prekiu-zenklai-trixie","13":"pa_suns-amzius-jauniems","14":"pa_suns-amzius-senjorams","15":"pa_suns-amzius-suaugusiems","16":"pa_suns-amzius-visiems-amziams","18":"first","19":"instock","20":"featured","21":"taxable","22":"shipping-taxable","23":"purchasable","24":"product-type-simple"},"acf":[],"_links":{"self":[{"href":"https:\/\/zooprekes24.lt\/et\/wp-json\/wp\/v2\/product\/42112","targetHints":{"allow":["GET"]}}],"collection":[{"href":"https:\/\/zooprekes24.lt\/et\/wp-json\/wp\/v2\/product"}],"about":[{"href":"https:\/\/zooprekes24.lt\/et\/wp-json\/wp\/v2\/types\/product"}],"replies":[{"embeddable":true,"href":"https:\/\/zooprekes24.lt\/et\/wp-json\/wp\/v2\/comments?post=42112"}],"wp:featuredmedia":[{"embeddable":true,"href":"https:\/\/zooprekes24.lt\/et\/wp-json\/wp\/v2\/media\/42113"}],"wp:attachment":[{"href":"https:\/\/zooprekes24.lt\/et\/wp-json\/wp\/v2\/media?parent=42112"}],"wp:term":[{"taxonomy":"product_brand","embeddable":true,"href":"https:\/\/zooprekes24.lt\/et\/wp-json\/wp\/v2\/product_brand?post=42112"},{"taxonomy":"product_cat","embeddable":true,"href":"https:\/\/zooprekes24.lt\/et\/wp-json\/wp\/v2\/product_cat?post=42112"},{"taxonomy":"product_tag","embeddable":true,"href":"https:\/\/zooprekes24.lt\/et\/wp-json\/wp\/v2\/product_tag?post=42112"}],"curies":[{"name":"wp","href":"https:\/\/api.w.org\/{rel}","templated":true}]}}