{"id":42061,"date":"2025-10-27T16:33:59","date_gmt":"2025-10-27T14:33:59","guid":{"rendered":"https:\/\/zooprekes24.lt\/?post_type=product&#038;p=42061"},"modified":"2025-10-27T19:06:38","modified_gmt":"2025-10-27T17:06:38","slug":"trixie-multivitaminu-pasta-suniukams-stiprina-imuniteta-ir-suteikia-energijos-bei-gyvybingumo-100g","status":"publish","type":"product","link":"https:\/\/zooprekes24.lt\/et\/produktas\/trixie-multivitaminu-pasta-suniukams-stiprina-imuniteta-ir-suteikia-energijos-bei-gyvybingumo-100g\/","title":{"rendered":"Trixie Multivitamin\u0173 pasta \u0161uniukams, stiprina imunitet\u0105 ir suteikia energijos bei gyvybingumo, 100 g"},"content":{"rendered":"","protected":false},"excerpt":{"rendered":"","protected":false},"featured_media":42062,"comment_status":"closed","ping_status":"closed","template":"","meta":{"_acf_changed":false,"slim_seo":{"title":"Trixie Multivitamin\u0173 pasta \u0161uniukams, stiprina imunitet\u0105 ir suteikia energijos bei gyvybingumo, 100 g - Zooprekes24","description":""},"iawp_total_views":4},"product_brand":[],"product_cat":[32,8999,31,9219,9022],"product_tag":[],"class_list":{"0":"post-42061","1":"product","2":"type-product","3":"status-publish","4":"has-post-thumbnail","6":"product_cat-kitos-sunu-prekes","7":"product_cat-sunims","8":"product_cat-sunu-prekiu-gamintojai","9":"product_cat-trixie-sunims","10":"product_cat-vitaminai-ir-papildai-sunims","11":"pa_prekiu-zenklai-trixie","12":"pa_suns-amzius-jauniems","14":"first","15":"instock","16":"featured","17":"taxable","18":"shipping-taxable","19":"purchasable","20":"product-type-simple"},"acf":[],"_links":{"self":[{"href":"https:\/\/zooprekes24.lt\/et\/wp-json\/wp\/v2\/product\/42061","targetHints":{"allow":["GET"]}}],"collection":[{"href":"https:\/\/zooprekes24.lt\/et\/wp-json\/wp\/v2\/product"}],"about":[{"href":"https:\/\/zooprekes24.lt\/et\/wp-json\/wp\/v2\/types\/product"}],"replies":[{"embeddable":true,"href":"https:\/\/zooprekes24.lt\/et\/wp-json\/wp\/v2\/comments?post=42061"}],"wp:featuredmedia":[{"embeddable":true,"href":"https:\/\/zooprekes24.lt\/et\/wp-json\/wp\/v2\/media\/42062"}],"wp:attachment":[{"href":"https:\/\/zooprekes24.lt\/et\/wp-json\/wp\/v2\/media?parent=42061"}],"wp:term":[{"taxonomy":"product_brand","embeddable":true,"href":"https:\/\/zooprekes24.lt\/et\/wp-json\/wp\/v2\/product_brand?post=42061"},{"taxonomy":"product_cat","embeddable":true,"href":"https:\/\/zooprekes24.lt\/et\/wp-json\/wp\/v2\/product_cat?post=42061"},{"taxonomy":"product_tag","embeddable":true,"href":"https:\/\/zooprekes24.lt\/et\/wp-json\/wp\/v2\/product_tag?post=42061"}],"curies":[{"name":"wp","href":"https:\/\/api.w.org\/{rel}","templated":true}]}}