{"id":41992,"date":"2025-10-24T16:32:09","date_gmt":"2025-10-24T14:32:09","guid":{"rendered":"https:\/\/zooprekes24.lt\/?post_type=product&#038;p=41992"},"modified":"2026-02-27T07:15:57","modified_gmt":"2026-02-27T05:15:57","slug":"royal-canin-exigent-fussy-sausas-maistas-katems","status":"publish","type":"product","link":"https:\/\/zooprekes24.lt\/et\/produktas\/royal-canin-exigent-fussy-sausas-maistas-katems\/","title":{"rendered":"Royal Canin Exigent Fussy sausas maistas kat\u0117ms"},"content":{"rendered":"<h3 data-start=\"0\" data-end=\"272\">Royal Canin Fussy &#8211; specialiai subalansuotas sausas pa\u0161aras, skirtas suaugusioms, i\u0161rankioms kat\u0117ms nuo 1 met\u0173 am\u017eiaus, kurios linkusios atsisakyti maisto. Formul\u0117 su unikaliu aromat\u0173 ir tekst\u016br\u0173 deriniu padeda paskatinti net pa\u010di\u0173 i\u0161rankiausi\u0173 ka\u010di\u0173 apetit\u0105 ir u\u017etikrina visavert\u0119, subalansuot\u0105 mityb\u0105.<\/h3>\n<ul>\n<li data-start=\"274\" data-end=\"954\">Pa\u0161aras sukurtas ir i\u0161bandytas su i\u0161rankiomis kat\u0117mis &#8211; tra\u0161ki granuli\u0173 tekst\u016bra ir subalansuotas aromatas u\u017etikrina didel\u012f \u0117damum\u0105.<\/li>\n<li data-start=\"274\" data-end=\"954\">Sud\u0117tyje esantis specialus ingredient\u0173 derinys suvilioja net tas kates, kurios \u012fprastai atsisako naujo maisto.<\/li>\n<li data-start=\"274\" data-end=\"954\">Subalansuota formul\u0117 su 40 % baltym\u0173 padeda palaikyti sotumo jausm\u0105 ir ideal\u0173 k\u016bno svor\u012f, net jei kat\u0117 per dien\u0105 su\u0117da ma\u017eiau.<\/li>\n<li data-start=\"274\" data-end=\"954\">Auk\u0161tos kokyb\u0117s baltymai, riebal\u0173 ir mineral\u0173 balansas palaiko sveik\u0105 vir\u0161kinim\u0105 bei \u0161lapimo tak\u0173 veikl\u0105.<\/li>\n<li data-start=\"274\" data-end=\"954\">\u201eFussy\u201c formul\u0117 sujungia tris ankstesnes \u201eExigent\u201c dietas &#8211; \u201eSavour\u201c, \u201eAroma\u201c ir \u201eProtein\u201c \u2013 \u012f vien\u0105 visapusi\u0161kai subalansuot\u0105 produkt\u0105, u\u017etikrinant\u012f i\u0161skirtin\u012f skon\u012f ir ger\u0105 savijaut\u0105.<\/li>\n<\/ul>\n<p><img loading=\"lazy\" decoding=\"async\" class=\"\" src=\"https:\/\/zooprekes24.lt\/wp-content\/uploads\/bc13h-hub-abyssinian-adult-black-and-white-16.jpeg\" width=\"370\" height=\"277\" \/><\/p>","protected":false},"excerpt":{"rendered":"<p>Royal Canin Fussy &#8211; specialiai subalansuotas sausas pa\u0161aras, skirtas suaugusioms, i\u0161rankioms kat\u0117ms nuo 1 met\u0173 am\u017eiaus, kurios linkusios atsisakyti maisto. Formul\u0117 su unikaliu aromat\u0173 ir tekst\u016br\u0173 deriniu padeda paskatinti net pa\u010di\u0173 i\u0161rankiausi\u0173 ka\u010di\u0173 apetit\u0105 ir u\u017etikrina visavert\u0119, subalansuot\u0105 mityb\u0105. Pa\u0161aras sukurtas ir i\u0161bandytas su i\u0161rankiomis kat\u0117mis &#8211; tra\u0161ki granuli\u0173 tekst\u016bra ir subalansuotas aromatas u\u017etikrina didel\u012f&#8230;<\/p>","protected":false},"featured_media":41997,"comment_status":"closed","ping_status":"closed","template":"","meta":{"_acf_changed":false,"slim_seo":{"title":"Royal Canin Exigent Fussy sausas maistas kat\u0117ms - Zooprekes24","description":"Royal Canin Fussy - specialiai subalansuotas sausas pa\u0161aras, skirtas suaugusioms, i\u0161rankioms kat\u0117ms nuo 1 met\u0173 am\u017eiaus, kurios linkusios atsisakyti maisto. Form"},"iawp_total_views":329},"product_brand":[],"product_cat":[72,83,25,9019,9016],"product_tag":[1675],"class_list":{"0":"post-41992","1":"product","2":"type-product","3":"status-publish","4":"has-post-thumbnail","6":"product_cat-kaciu-maistas","7":"product_cat-kaciu-prekiu-gamintojai","8":"product_cat-katems","9":"product_cat-royal-canin-kaciu-prekiu-gamintojai","10":"product_cat-sausas-maistas-kaciu-maistas","11":"product_tag-kaciu-edalas","12":"pa_pasaro-sudetis-paukstiena","13":"pa_pasaro-sudetis-ryziai","14":"pa_prekiu-zenklai-royal-canin","16":"first","17":"instock","18":"sale","19":"featured","20":"taxable","21":"shipping-taxable","22":"purchasable","23":"product-type-variable"},"acf":[],"_links":{"self":[{"href":"https:\/\/zooprekes24.lt\/et\/wp-json\/wp\/v2\/product\/41992","targetHints":{"allow":["GET"]}}],"collection":[{"href":"https:\/\/zooprekes24.lt\/et\/wp-json\/wp\/v2\/product"}],"about":[{"href":"https:\/\/zooprekes24.lt\/et\/wp-json\/wp\/v2\/types\/product"}],"replies":[{"embeddable":true,"href":"https:\/\/zooprekes24.lt\/et\/wp-json\/wp\/v2\/comments?post=41992"}],"wp:featuredmedia":[{"embeddable":true,"href":"https:\/\/zooprekes24.lt\/et\/wp-json\/wp\/v2\/media\/41997"}],"wp:attachment":[{"href":"https:\/\/zooprekes24.lt\/et\/wp-json\/wp\/v2\/media?parent=41992"}],"wp:term":[{"taxonomy":"product_brand","embeddable":true,"href":"https:\/\/zooprekes24.lt\/et\/wp-json\/wp\/v2\/product_brand?post=41992"},{"taxonomy":"product_cat","embeddable":true,"href":"https:\/\/zooprekes24.lt\/et\/wp-json\/wp\/v2\/product_cat?post=41992"},{"taxonomy":"product_tag","embeddable":true,"href":"https:\/\/zooprekes24.lt\/et\/wp-json\/wp\/v2\/product_tag?post=41992"}],"curies":[{"name":"wp","href":"https:\/\/api.w.org\/{rel}","templated":true}]}}