{"id":41986,"date":"2025-10-24T15:37:23","date_gmt":"2025-10-24T13:37:23","guid":{"rendered":"https:\/\/zooprekes24.lt\/?post_type=product&#038;p=41986"},"modified":"2026-03-02T15:25:52","modified_gmt":"2026-03-02T13:25:52","slug":"royal-canin-ageing-15-konservai-katems-padaze","status":"publish","type":"product","link":"https:\/\/zooprekes24.lt\/et\/produktas\/royal-canin-ageing-15-konservai-katems-padaze\/","title":{"rendered":"Royal Canin Ageing 15+ konservai kat\u0117ms pada\u017ee"},"content":{"rendered":"<h3 data-start=\"0\" data-end=\"323\">Royal Canin Ageing 15+ konservai &#8211; specialiai subalansuotas \u0161lapias pa\u0161aras, skirtas vyresnio am\u017eiaus kat\u0117ms nuo 15 met\u0173. Formul\u0117 su \u201eHealthyAge7\u2122 Advanced Complex\u201c junginiu pritaikyta labai garbaus am\u017eiaus kat\u0117ms, padedanti palaikyti septynias pagrindines sveikatos ir gyvybingumo sritis, kartu u\u017etikrinant puik\u0173 skon\u012f ir lengv\u0105 \u0117damum\u0105.<\/h3>\n<ul>\n<li data-start=\"353\" data-end=\"1276\">\u0160lapias pa\u0161aras sukurtas ir i\u0161bandytas su vyresnio am\u017eiaus kat\u0117mis &#8211; mink\u0161ti gabaliukai pada\u017ee lengvai kramtomi ir malon\u016bs net jautresn\u0117ms kat\u0117ms.<\/li>\n<li data-start=\"353\" data-end=\"1276\">Sud\u0117tyje esantys skonio ir kvapo stiprikliai skatina apetit\u0105, tod\u0117l pa\u0161aras ypa\u010d tinka kat\u0117ms, kuri\u0173 poj\u016b\u010diai su am\u017eiumi tapo susilpn\u0117j\u0119.<\/li>\n<li data-start=\"353\" data-end=\"1276\">\u201eHealthyAge7\u2122 Advanced Complex\u201c derinys palaiko septynias pagrindines sveikatos sritis: apetit\u0105 ir svor\u012f, vir\u0161kinim\u0105, judrum\u0105, od\u0105 ir kail\u012f, inkst\u0173 veikl\u0105, smegen\u0173 funkcij\u0105 bei imunitet\u0105.<\/li>\n<li data-start=\"353\" data-end=\"1276\">Didesnis EPR ir DHR kiekis bei chondroitinas padeda palaikyti s\u0105nari\u0173 sveikat\u0105 ir judrum\u0105, o linolo r\u016bg\u0161tis, cinkas ir gama linoleno r\u016bg\u0161tis (GLR) stiprina od\u0105 ir kail\u012f.<\/li>\n<li data-start=\"353\" data-end=\"1276\">Auk\u0161tos kokyb\u0117s baltymai ir pritaikytas fosforo kiekis palaiko inkst\u0173 funkcij\u0105 ir bendr\u0105 organizmo pusiausvyr\u0105.<\/li>\n<li data-start=\"353\" data-end=\"1276\">Sud\u0117tyje esantys vitaminai C ir E, liuteinas, taurinas, beta karotenas ir likopenas padeda palaikyti imunin\u0117s sistemos veikl\u0105 bei pa\u017eintines funkcijas.<\/li>\n<\/ul>\n<p><img loading=\"lazy\" decoding=\"async\" class=\"alignnone wp-image-41961\" src=\"https:\/\/zooprekes24.lt\/wp-content\/uploads\/dhvdvf.jpg\" alt=\"Royal Canin Ageing 11+ foto\" width=\"300\" height=\"354\" srcset=\"https:\/\/zooprekes24.lt\/wp-content\/uploads\/dhvdvf.jpg 724w, https:\/\/zooprekes24.lt\/wp-content\/uploads\/dhvdvf-509x600.jpg 509w, https:\/\/zooprekes24.lt\/wp-content\/uploads\/dhvdvf-10x12.jpg 10w, https:\/\/zooprekes24.lt\/wp-content\/uploads\/dhvdvf-600x708.jpg 600w, https:\/\/zooprekes24.lt\/wp-content\/uploads\/dhvdvf-64x75.jpg 64w\" sizes=\"auto, (max-width: 300px) 100vw, 300px\" \/><\/p>","protected":false},"excerpt":{"rendered":"<p>Royal Canin Ageing 15+ konservai &#8211; specialiai subalansuotas \u0161lapias pa\u0161aras, skirtas vyresnio am\u017eiaus kat\u0117ms nuo 15 met\u0173. Formul\u0117 su \u201eHealthyAge7\u2122 Advanced Complex\u201c junginiu pritaikyta labai garbaus am\u017eiaus kat\u0117ms, padedanti palaikyti septynias pagrindines sveikatos ir gyvybingumo sritis, kartu u\u017etikrinant puik\u0173 skon\u012f ir lengv\u0105 \u0117damum\u0105. \u0160lapias pa\u0161aras sukurtas ir i\u0161bandytas su vyresnio am\u017eiaus kat\u0117mis &#8211; mink\u0161ti gabaliukai&#8230;<\/p>","protected":false},"featured_media":42214,"comment_status":"closed","ping_status":"closed","template":"","meta":{"_acf_changed":false,"slim_seo":{"title":"Royal Canin Ageing 15+ konservai kat\u0117ms pada\u017ee - Zooprekes24","description":"Royal Canin Ageing 15+ konservai - specialiai subalansuotas \u0161lapias pa\u0161aras, skirtas vyresnio am\u017eiaus kat\u0117ms nuo 15 met\u0173. Formul\u0117 su \u201eHealthyAge7\u2122 Advanced Comp"},"iawp_total_views":107},"product_brand":[],"product_cat":[72,83,25,9019,9020],"product_tag":[1675],"class_list":{"0":"post-41986","1":"product","2":"type-product","3":"status-publish","4":"has-post-thumbnail","6":"product_cat-kaciu-maistas","7":"product_cat-kaciu-prekiu-gamintojai","8":"product_cat-katems","9":"product_cat-royal-canin-kaciu-prekiu-gamintojai","10":"product_cat-slapias-maistas-kaciu-maistas","11":"product_tag-kaciu-edalas","12":"pa_pasaro-sudetis-paukstiena","13":"pa_prekiu-zenklai-royal-canin","15":"first","16":"instock","17":"featured","18":"taxable","19":"shipping-taxable","20":"purchasable","21":"product-type-variable"},"acf":[],"_links":{"self":[{"href":"https:\/\/zooprekes24.lt\/et\/wp-json\/wp\/v2\/product\/41986","targetHints":{"allow":["GET"]}}],"collection":[{"href":"https:\/\/zooprekes24.lt\/et\/wp-json\/wp\/v2\/product"}],"about":[{"href":"https:\/\/zooprekes24.lt\/et\/wp-json\/wp\/v2\/types\/product"}],"replies":[{"embeddable":true,"href":"https:\/\/zooprekes24.lt\/et\/wp-json\/wp\/v2\/comments?post=41986"}],"wp:featuredmedia":[{"embeddable":true,"href":"https:\/\/zooprekes24.lt\/et\/wp-json\/wp\/v2\/media\/42214"}],"wp:attachment":[{"href":"https:\/\/zooprekes24.lt\/et\/wp-json\/wp\/v2\/media?parent=41986"}],"wp:term":[{"taxonomy":"product_brand","embeddable":true,"href":"https:\/\/zooprekes24.lt\/et\/wp-json\/wp\/v2\/product_brand?post=41986"},{"taxonomy":"product_cat","embeddable":true,"href":"https:\/\/zooprekes24.lt\/et\/wp-json\/wp\/v2\/product_cat?post=41986"},{"taxonomy":"product_tag","embeddable":true,"href":"https:\/\/zooprekes24.lt\/et\/wp-json\/wp\/v2\/product_tag?post=41986"}],"curies":[{"name":"wp","href":"https:\/\/api.w.org\/{rel}","templated":true}]}}