{"id":41918,"date":"2025-10-23T12:22:44","date_gmt":"2025-10-23T10:22:44","guid":{"rendered":"https:\/\/zooprekes24.lt\/?post_type=product&#038;p=41918"},"modified":"2025-10-24T15:41:47","modified_gmt":"2025-10-24T13:41:47","slug":"trixie-premio-sticks-lamb-turkey-pagaliuku-skanestai-katems-25g","status":"publish","type":"product","link":"https:\/\/zooprekes24.lt\/et\/produktas\/trixie-premio-sticks-lamb-turkey-pagaliuku-skanestai-katems-25g\/","title":{"rendered":"Trixie Premio Sticks Lamb &#038; Turkey pagaliuk\u0173 skan\u0117stai kat\u0117ms, 25 g"},"content":{"rendered":"","protected":false},"excerpt":{"rendered":"","protected":false},"featured_media":41919,"comment_status":"closed","ping_status":"closed","template":"","meta":{"_acf_changed":false,"slim_seo":{"title":"Trixie Premio Sticks Lamb & Turkey pagaliuk\u0173 skan\u0117stai kat\u0117ms, 25 g - Zooprekes24","description":""},"iawp_total_views":14},"product_brand":[],"product_cat":[72,83,25,9018,9222],"product_tag":[],"class_list":{"0":"post-41918","1":"product","2":"type-product","3":"status-publish","4":"has-post-thumbnail","6":"product_cat-kaciu-maistas","7":"product_cat-kaciu-prekiu-gamintojai","8":"product_cat-katems","9":"product_cat-skanestai","10":"product_cat-trixie-katems","11":"pa_pasaro-sudetis-eriena","12":"pa_pasaro-sudetis-kalakutiena","13":"pa_prekiu-zenklai-trixie","15":"first","16":"instock","17":"featured","18":"taxable","19":"shipping-taxable","20":"purchasable","21":"product-type-simple"},"acf":[],"_links":{"self":[{"href":"https:\/\/zooprekes24.lt\/et\/wp-json\/wp\/v2\/product\/41918","targetHints":{"allow":["GET"]}}],"collection":[{"href":"https:\/\/zooprekes24.lt\/et\/wp-json\/wp\/v2\/product"}],"about":[{"href":"https:\/\/zooprekes24.lt\/et\/wp-json\/wp\/v2\/types\/product"}],"replies":[{"embeddable":true,"href":"https:\/\/zooprekes24.lt\/et\/wp-json\/wp\/v2\/comments?post=41918"}],"wp:featuredmedia":[{"embeddable":true,"href":"https:\/\/zooprekes24.lt\/et\/wp-json\/wp\/v2\/media\/41919"}],"wp:attachment":[{"href":"https:\/\/zooprekes24.lt\/et\/wp-json\/wp\/v2\/media?parent=41918"}],"wp:term":[{"taxonomy":"product_brand","embeddable":true,"href":"https:\/\/zooprekes24.lt\/et\/wp-json\/wp\/v2\/product_brand?post=41918"},{"taxonomy":"product_cat","embeddable":true,"href":"https:\/\/zooprekes24.lt\/et\/wp-json\/wp\/v2\/product_cat?post=41918"},{"taxonomy":"product_tag","embeddable":true,"href":"https:\/\/zooprekes24.lt\/et\/wp-json\/wp\/v2\/product_tag?post=41918"}],"curies":[{"name":"wp","href":"https:\/\/api.w.org\/{rel}","templated":true}]}}