{"id":41867,"date":"2025-10-22T16:21:00","date_gmt":"2025-10-22T14:21:00","guid":{"rendered":"https:\/\/zooprekes24.lt\/?post_type=product&#038;p=41867"},"modified":"2025-10-27T16:59:48","modified_gmt":"2025-10-27T14:59:48","slug":"trixie-duo-smoothie-pasta-katems-energizuojanti-gerina-virskinima-ir-padeda-isvengti-plauku-gumuleliu-susidarymo-100g","status":"publish","type":"product","link":"https:\/\/zooprekes24.lt\/et\/produktas\/trixie-duo-smoothie-pasta-katems-energizuojanti-gerina-virskinima-ir-padeda-isvengti-plauku-gumuleliu-susidarymo-100g\/","title":{"rendered":"Trixie Duo Smoothie pasta kat\u0117ms, energizuojanti, gerina vir\u0161kinim\u0105 ir padeda i\u0161vengti plauk\u0173 gumul\u0117li\u0173 susidarymo, 100 g"},"content":{"rendered":"","protected":false},"excerpt":{"rendered":"","protected":false},"featured_media":41868,"comment_status":"closed","ping_status":"closed","template":"","meta":{"_acf_changed":false,"slim_seo":{"title":"Trixie Duo Smoothie pasta kat\u0117ms, energizuojanti, gerina vir\u0161kinim\u0105 ir padeda i\u0161vengti plauk\u0173 gumul\u0117li\u0173 susidarymo, 100 g - Zooprekes24","description":""},"iawp_total_views":7},"product_brand":[],"product_cat":[83,25,104,9222,9017],"product_tag":[],"class_list":{"0":"post-41867","1":"product","2":"type-product","3":"status-publish","4":"has-post-thumbnail","6":"product_cat-kaciu-prekiu-gamintojai","7":"product_cat-katems","8":"product_cat-kitos-kaciu-prekes","9":"product_cat-trixie-katems","10":"product_cat-vitaminai-ir-papildai-katems","11":"pa_prekiu-zenklai-trixie","13":"first","14":"instock","15":"featured","16":"taxable","17":"shipping-taxable","18":"purchasable","19":"product-type-simple"},"acf":[],"_links":{"self":[{"href":"https:\/\/zooprekes24.lt\/et\/wp-json\/wp\/v2\/product\/41867","targetHints":{"allow":["GET"]}}],"collection":[{"href":"https:\/\/zooprekes24.lt\/et\/wp-json\/wp\/v2\/product"}],"about":[{"href":"https:\/\/zooprekes24.lt\/et\/wp-json\/wp\/v2\/types\/product"}],"replies":[{"embeddable":true,"href":"https:\/\/zooprekes24.lt\/et\/wp-json\/wp\/v2\/comments?post=41867"}],"wp:featuredmedia":[{"embeddable":true,"href":"https:\/\/zooprekes24.lt\/et\/wp-json\/wp\/v2\/media\/41868"}],"wp:attachment":[{"href":"https:\/\/zooprekes24.lt\/et\/wp-json\/wp\/v2\/media?parent=41867"}],"wp:term":[{"taxonomy":"product_brand","embeddable":true,"href":"https:\/\/zooprekes24.lt\/et\/wp-json\/wp\/v2\/product_brand?post=41867"},{"taxonomy":"product_cat","embeddable":true,"href":"https:\/\/zooprekes24.lt\/et\/wp-json\/wp\/v2\/product_cat?post=41867"},{"taxonomy":"product_tag","embeddable":true,"href":"https:\/\/zooprekes24.lt\/et\/wp-json\/wp\/v2\/product_tag?post=41867"}],"curies":[{"name":"wp","href":"https:\/\/api.w.org\/{rel}","templated":true}]}}