{"id":41834,"date":"2025-10-21T16:56:34","date_gmt":"2025-10-21T14:56:34","guid":{"rendered":"https:\/\/zooprekes24.lt\/?post_type=product&#038;p=41834"},"modified":"2026-03-12T09:49:14","modified_gmt":"2026-03-12T07:49:14","slug":"trixie-svelnus-valomasis-skystis-ausu-prieziurai-sunims-katems-ir-kitiems-smulkiems-gyvunams-50ml","status":"publish","type":"product","link":"https:\/\/zooprekes24.lt\/et\/produktas\/trixie-svelnus-valomasis-skystis-ausu-prieziurai-sunims-katems-ir-kitiems-smulkiems-gyvunams-50ml\/","title":{"rendered":"Trixie \u0161velnus valomasis skystis aus\u0173 prie\u017ei\u016brai, \u0161unims, kat\u0117ms ir kitiems smulkiems gyv\u016bnams, 50 ml"},"content":{"rendered":"","protected":false},"excerpt":{"rendered":"","protected":false},"featured_media":41835,"comment_status":"closed","ping_status":"closed","template":"","meta":{"_acf_changed":false,"slim_seo":{"title":"Trixie \u0161velnus valomasis skystis aus\u0173 prie\u017ei\u016brai, \u0161unims, kat\u0117ms ir kitiems smulkiems gyv\u016bnams, 50 ml - Zooprekes24","description":""},"iawp_total_views":4},"product_brand":[],"product_cat":[9299,83,25,104,32,9025,9026,8999,31,9219,9222],"product_tag":[],"class_list":{"0":"post-41834","1":"product","2":"type-product","3":"status-publish","4":"has-post-thumbnail","6":"product_cat-grauzikams","7":"product_cat-kaciu-prekiu-gamintojai","8":"product_cat-katems","9":"product_cat-kitos-kaciu-prekes","10":"product_cat-kitos-sunu-prekes","11":"product_cat-prieziuros-priemones-katems","12":"product_cat-prieziuros-priemones-sunims","13":"product_cat-sunims","14":"product_cat-sunu-prekiu-gamintojai","15":"product_cat-trixie-sunims","16":"product_cat-trixie-katems","17":"pa_prekiu-zenklai-trixie","19":"first","20":"instock","21":"featured","22":"taxable","23":"shipping-taxable","24":"purchasable","25":"product-type-simple"},"acf":[],"_links":{"self":[{"href":"https:\/\/zooprekes24.lt\/et\/wp-json\/wp\/v2\/product\/41834","targetHints":{"allow":["GET"]}}],"collection":[{"href":"https:\/\/zooprekes24.lt\/et\/wp-json\/wp\/v2\/product"}],"about":[{"href":"https:\/\/zooprekes24.lt\/et\/wp-json\/wp\/v2\/types\/product"}],"replies":[{"embeddable":true,"href":"https:\/\/zooprekes24.lt\/et\/wp-json\/wp\/v2\/comments?post=41834"}],"wp:featuredmedia":[{"embeddable":true,"href":"https:\/\/zooprekes24.lt\/et\/wp-json\/wp\/v2\/media\/41835"}],"wp:attachment":[{"href":"https:\/\/zooprekes24.lt\/et\/wp-json\/wp\/v2\/media?parent=41834"}],"wp:term":[{"taxonomy":"product_brand","embeddable":true,"href":"https:\/\/zooprekes24.lt\/et\/wp-json\/wp\/v2\/product_brand?post=41834"},{"taxonomy":"product_cat","embeddable":true,"href":"https:\/\/zooprekes24.lt\/et\/wp-json\/wp\/v2\/product_cat?post=41834"},{"taxonomy":"product_tag","embeddable":true,"href":"https:\/\/zooprekes24.lt\/et\/wp-json\/wp\/v2\/product_tag?post=41834"}],"curies":[{"name":"wp","href":"https:\/\/api.w.org\/{rel}","templated":true}]}}