{"id":41737,"date":"2025-10-16T13:16:35","date_gmt":"2025-10-16T11:16:35","guid":{"rendered":"https:\/\/zooprekes24.lt\/?post_type=product&#038;p=41737"},"modified":"2025-10-21T15:51:53","modified_gmt":"2025-10-21T13:51:53","slug":"trixie-dantu-sepeteliu-rinkinys-mazu-veisliu-sunims-ir-katems-baltos-spalvos-4vnt","status":"publish","type":"product","link":"https:\/\/zooprekes24.lt\/et\/produktas\/trixie-dantu-sepeteliu-rinkinys-mazu-veisliu-sunims-ir-katems-baltos-spalvos-4vnt\/","title":{"rendered":"Trixie dant\u0173 \u0161epet\u0117li\u0173 rinkinys, ma\u017e\u0173 veisli\u0173 \u0161unims ir kat\u0117ms, baltos spalvos, 4 vnt"},"content":{"rendered":"","protected":false},"excerpt":{"rendered":"","protected":false},"featured_media":41738,"comment_status":"closed","ping_status":"closed","template":"","meta":{"_acf_changed":false,"slim_seo":{"title":"Trixie dant\u0173 \u0161epet\u0117li\u0173 rinkinys, ma\u017e\u0173 veisli\u0173 \u0161unims ir kat\u0117ms, baltos spalvos, 4 vnt - Zooprekes24","description":""},"iawp_total_views":16},"product_brand":[],"product_cat":[83,25,104,32,9025,9026,8999,31,9222,9219],"product_tag":[],"class_list":{"0":"post-41737","1":"product","2":"type-product","3":"status-publish","4":"has-post-thumbnail","6":"product_cat-kaciu-prekiu-gamintojai","7":"product_cat-katems","8":"product_cat-kitos-kaciu-prekes","9":"product_cat-kitos-sunu-prekes","10":"product_cat-prieziuros-priemones-katems","11":"product_cat-prieziuros-priemones-sunims","12":"product_cat-sunims","13":"product_cat-sunu-prekiu-gamintojai","14":"product_cat-trixie-katems","15":"product_cat-trixie-sunims","16":"pa_prekiu-zenklai-trixie","17":"pa_veisles-dydis-mazoms-veislems","19":"first","20":"instock","21":"featured","22":"taxable","23":"shipping-taxable","24":"purchasable","25":"product-type-simple"},"acf":[],"_links":{"self":[{"href":"https:\/\/zooprekes24.lt\/et\/wp-json\/wp\/v2\/product\/41737","targetHints":{"allow":["GET"]}}],"collection":[{"href":"https:\/\/zooprekes24.lt\/et\/wp-json\/wp\/v2\/product"}],"about":[{"href":"https:\/\/zooprekes24.lt\/et\/wp-json\/wp\/v2\/types\/product"}],"replies":[{"embeddable":true,"href":"https:\/\/zooprekes24.lt\/et\/wp-json\/wp\/v2\/comments?post=41737"}],"wp:featuredmedia":[{"embeddable":true,"href":"https:\/\/zooprekes24.lt\/et\/wp-json\/wp\/v2\/media\/41738"}],"wp:attachment":[{"href":"https:\/\/zooprekes24.lt\/et\/wp-json\/wp\/v2\/media?parent=41737"}],"wp:term":[{"taxonomy":"product_brand","embeddable":true,"href":"https:\/\/zooprekes24.lt\/et\/wp-json\/wp\/v2\/product_brand?post=41737"},{"taxonomy":"product_cat","embeddable":true,"href":"https:\/\/zooprekes24.lt\/et\/wp-json\/wp\/v2\/product_cat?post=41737"},{"taxonomy":"product_tag","embeddable":true,"href":"https:\/\/zooprekes24.lt\/et\/wp-json\/wp\/v2\/product_tag?post=41737"}],"curies":[{"name":"wp","href":"https:\/\/api.w.org\/{rel}","templated":true}]}}