{"id":41723,"date":"2025-10-16T11:57:33","date_gmt":"2025-10-16T09:57:33","guid":{"rendered":"https:\/\/zooprekes24.lt\/?post_type=product&#038;p=41723"},"modified":"2025-10-20T18:17:42","modified_gmt":"2025-10-20T16:17:42","slug":"trixie-prieziuros-losjonas-pedutems-skirtas-sunims-ir-katems-50ml","status":"publish","type":"product","link":"https:\/\/zooprekes24.lt\/et\/produktas\/trixie-prieziuros-losjonas-pedutems-skirtas-sunims-ir-katems-50ml\/","title":{"rendered":"Trixie prie\u017ei\u016bros losjonas p\u0117dut\u0117ms, skirtas \u0161unims ir kat\u0117ms, 50 ml"},"content":{"rendered":"","protected":false},"excerpt":{"rendered":"","protected":false},"featured_media":41724,"comment_status":"closed","ping_status":"closed","template":"","meta":{"_acf_changed":false,"slim_seo":{"title":"Trixie prie\u017ei\u016bros losjonas p\u0117dut\u0117ms, skirtas \u0161unims ir kat\u0117ms, 50 ml - Zooprekes24","description":""},"iawp_total_views":18},"product_brand":[],"product_cat":[83,25,104,32,9025,9026,8999,31,9219,9222],"product_tag":[3663,3668],"class_list":{"0":"post-41723","1":"product","2":"type-product","3":"status-publish","4":"has-post-thumbnail","6":"product_cat-kaciu-prekiu-gamintojai","7":"product_cat-katems","8":"product_cat-kitos-kaciu-prekes","9":"product_cat-kitos-sunu-prekes","10":"product_cat-prieziuros-priemones-katems","11":"product_cat-prieziuros-priemones-sunims","12":"product_cat-sunims","13":"product_cat-sunu-prekiu-gamintojai","14":"product_cat-trixie-sunims","15":"product_cat-trixie-katems","16":"product_tag-balzamas-suns-pedutems","17":"product_tag-peduciu-kremas","18":"pa_prekiu-zenklai-trixie","20":"first","21":"instock","22":"featured","23":"taxable","24":"shipping-taxable","25":"purchasable","26":"product-type-simple"},"acf":[],"_links":{"self":[{"href":"https:\/\/zooprekes24.lt\/et\/wp-json\/wp\/v2\/product\/41723","targetHints":{"allow":["GET"]}}],"collection":[{"href":"https:\/\/zooprekes24.lt\/et\/wp-json\/wp\/v2\/product"}],"about":[{"href":"https:\/\/zooprekes24.lt\/et\/wp-json\/wp\/v2\/types\/product"}],"replies":[{"embeddable":true,"href":"https:\/\/zooprekes24.lt\/et\/wp-json\/wp\/v2\/comments?post=41723"}],"wp:featuredmedia":[{"embeddable":true,"href":"https:\/\/zooprekes24.lt\/et\/wp-json\/wp\/v2\/media\/41724"}],"wp:attachment":[{"href":"https:\/\/zooprekes24.lt\/et\/wp-json\/wp\/v2\/media?parent=41723"}],"wp:term":[{"taxonomy":"product_brand","embeddable":true,"href":"https:\/\/zooprekes24.lt\/et\/wp-json\/wp\/v2\/product_brand?post=41723"},{"taxonomy":"product_cat","embeddable":true,"href":"https:\/\/zooprekes24.lt\/et\/wp-json\/wp\/v2\/product_cat?post=41723"},{"taxonomy":"product_tag","embeddable":true,"href":"https:\/\/zooprekes24.lt\/et\/wp-json\/wp\/v2\/product_tag?post=41723"}],"curies":[{"name":"wp","href":"https:\/\/api.w.org\/{rel}","templated":true}]}}