{"id":41699,"date":"2025-10-15T15:38:23","date_gmt":"2025-10-15T13:38:23","guid":{"rendered":"https:\/\/zooprekes24.lt\/?post_type=product&#038;p=41699"},"modified":"2025-10-20T18:09:37","modified_gmt":"2025-10-20T16:09:37","slug":"trixie-plastikinis-sepetys-katems-su-minkstais-metaliniais-dantukais-tamsiai-pilkas-su-rausvu","status":"publish","type":"product","link":"https:\/\/zooprekes24.lt\/et\/produktas\/trixie-plastikinis-sepetys-katems-su-minkstais-metaliniais-dantukais-tamsiai-pilkas-su-rausvu\/","title":{"rendered":"Trixie plastikinis \u0161epetys kat\u0117ms su mink\u0161tais metaliniais dantukais, tamsiai pilkas su rausvu"},"content":{"rendered":"","protected":false},"excerpt":{"rendered":"","protected":false},"featured_media":41700,"comment_status":"closed","ping_status":"closed","template":"","meta":{"_acf_changed":false,"slim_seo":{"title":"Trixie plastikinis \u0161epetys kat\u0117ms su mink\u0161tais metaliniais dantukais, tamsiai pilkas su rausvu - Zooprekes24","description":""},"iawp_total_views":3},"product_brand":[],"product_cat":[83,25,104,9025,9222],"product_tag":[],"class_list":{"0":"post-41699","1":"product","2":"type-product","3":"status-publish","4":"has-post-thumbnail","6":"product_cat-kaciu-prekiu-gamintojai","7":"product_cat-katems","8":"product_cat-kitos-kaciu-prekes","9":"product_cat-prieziuros-priemones-katems","10":"product_cat-trixie-katems","11":"pa_prekiu-zenklai-trixie","13":"first","14":"instock","15":"featured","16":"taxable","17":"shipping-taxable","18":"purchasable","19":"product-type-simple"},"acf":[],"_links":{"self":[{"href":"https:\/\/zooprekes24.lt\/et\/wp-json\/wp\/v2\/product\/41699","targetHints":{"allow":["GET"]}}],"collection":[{"href":"https:\/\/zooprekes24.lt\/et\/wp-json\/wp\/v2\/product"}],"about":[{"href":"https:\/\/zooprekes24.lt\/et\/wp-json\/wp\/v2\/types\/product"}],"replies":[{"embeddable":true,"href":"https:\/\/zooprekes24.lt\/et\/wp-json\/wp\/v2\/comments?post=41699"}],"wp:featuredmedia":[{"embeddable":true,"href":"https:\/\/zooprekes24.lt\/et\/wp-json\/wp\/v2\/media\/41700"}],"wp:attachment":[{"href":"https:\/\/zooprekes24.lt\/et\/wp-json\/wp\/v2\/media?parent=41699"}],"wp:term":[{"taxonomy":"product_brand","embeddable":true,"href":"https:\/\/zooprekes24.lt\/et\/wp-json\/wp\/v2\/product_brand?post=41699"},{"taxonomy":"product_cat","embeddable":true,"href":"https:\/\/zooprekes24.lt\/et\/wp-json\/wp\/v2\/product_cat?post=41699"},{"taxonomy":"product_tag","embeddable":true,"href":"https:\/\/zooprekes24.lt\/et\/wp-json\/wp\/v2\/product_tag?post=41699"}],"curies":[{"name":"wp","href":"https:\/\/api.w.org\/{rel}","templated":true}]}}